{"id":28609,"date":"2023-05-06T18:56:30","date_gmt":"2023-05-06T18:56:30","guid":{"rendered":"https:\/\/normandie.ma\/?product=e-cigarette-jetable-hyde-retro-4000-taffs-5-ml"},"modified":"2023-06-19T22:36:58","modified_gmt":"2023-06-19T22:36:58","slug":"e-cigarette-jetable-hyde-retro-4000-taffs-5-ml","status":"publish","type":"product","link":"https:\/\/normandie.ma\/?product=e-cigarette-jetable-hyde-retro-4000-taffs-5-ml","title":{"rendered":"E-cigarette jetable \u2013 Hyde Retro \u2013 4000 Taffs (5%\/ml)"},"content":{"rendered":"<p>D\u00e9couvrez l\u2019 e-cigarette jetable Hyde Retro Recharge, un dispositif jetable pr\u00e9-rempli de qualit\u00e9 sup\u00e9rieure, compact, portable et pouvant contenir jusqu\u2019\u00e0 4000+ bouff\u00e9es. Il pr\u00e9sente un design cylindrique \u00e9l\u00e9gant et ne n\u00e9cessite aucun entretien ni recharge. Capacit\u00e9 de la batterie : 400mAh (rechargeable)<br \/>\n    4000 bouff\u00e9es par appareil<br \/>\n    Nicotine : 5%<br \/>\n    Capacit\u00e9 de l\u2019e-liquide : 12ml<\/p>\n","protected":false},"excerpt":{"rendered":"<p>D\u00e9couvrez l\u2019 e-cigarette jetable Hyde Retro Recharge, un dispositif jetable pr\u00e9-rempli de qualit\u00e9 sup\u00e9rieure, compact, portable et pouvant contenir jusqu\u2019\u00e0 4000+ bouff\u00e9es. Il pr\u00e9sente un design cylindrique \u00e9l\u00e9gant et ne n\u00e9cessite aucun entretien ni recharge. Capacit\u00e9 de la batterie : 400mAh (rechargeable) 4000 bouff\u00e9es par appareil Nicotine : 5% Capacit\u00e9 de l\u2019e-liquide : 12ml<\/p>\n","protected":false},"featured_media":24709,"comment_status":"open","ping_status":"closed","template":"","meta":{"om_disable_all_campaigns":false,"_monsterinsights_skip_tracking":false,"_monsterinsights_sitenote_active":false,"_monsterinsights_sitenote_note":"","_monsterinsights_sitenote_category":0},"product_brand":[],"product_cat":[256,261],"product_tag":[],"class_list":{"0":"post-28609","1":"product","2":"type-product","3":"status-publish","4":"has-post-thumbnail","6":"product_cat-e-cigarettes-jetables","7":"product_cat-hyde","10":"first","11":"outofstock","12":"featured","13":"shipping-taxable","14":"purchasable","15":"product-type-simple"},"aioseo_notices":[],"jetpack_sharing_enabled":true,"_links":{"self":[{"href":"https:\/\/normandie.ma\/index.php?rest_route=\/wp\/v2\/product\/28609","targetHints":{"allow":["GET"]}}],"collection":[{"href":"https:\/\/normandie.ma\/index.php?rest_route=\/wp\/v2\/product"}],"about":[{"href":"https:\/\/normandie.ma\/index.php?rest_route=\/wp\/v2\/types\/product"}],"replies":[{"embeddable":true,"href":"https:\/\/normandie.ma\/index.php?rest_route=%2Fwp%2Fv2%2Fcomments&post=28609"}],"wp:featuredmedia":[{"embeddable":true,"href":"https:\/\/normandie.ma\/index.php?rest_route=\/wp\/v2\/media\/24709"}],"wp:attachment":[{"href":"https:\/\/normandie.ma\/index.php?rest_route=%2Fwp%2Fv2%2Fmedia&parent=28609"}],"wp:term":[{"taxonomy":"product_brand","embeddable":true,"href":"https:\/\/normandie.ma\/index.php?rest_route=%2Fwp%2Fv2%2Fproduct_brand&post=28609"},{"taxonomy":"product_cat","embeddable":true,"href":"https:\/\/normandie.ma\/index.php?rest_route=%2Fwp%2Fv2%2Fproduct_cat&post=28609"},{"taxonomy":"product_tag","embeddable":true,"href":"https:\/\/normandie.ma\/index.php?rest_route=%2Fwp%2Fv2%2Fproduct_tag&post=28609"}],"curies":[{"name":"wp","href":"https:\/\/api.w.org\/{rel}","templated":true}]}}