{"id":28614,"date":"2023-05-06T18:56:32","date_gmt":"2023-05-06T18:56:32","guid":{"rendered":"https:\/\/normandie.ma\/?product=puff-me-6000-puff-strawberry-banana-5-ml"},"modified":"2023-06-13T21:43:16","modified_gmt":"2023-06-13T21:43:16","slug":"puff-me-6000-puff-strawberry-banana-5-ml","status":"publish","type":"product","link":"https:\/\/normandie.ma\/?product=puff-me-6000-puff-strawberry-banana-5-ml","title":{"rendered":"Puff Me \u2013 6000 Puff &#8211; Strawberry Banana (5%\/ml)"},"content":{"rendered":"<p>D\u00e9couvrez la nouvelle e-cigarette jetable Puff Me. Elle est livr\u00e9e avec 6000 bouff\u00e9es par appareil et avec plusieurs saveurs pour une exp\u00e9rience de vape exceptionnelle ! Nicotine : 5%<br \/>\n    Nombre de bouff\u00e9es : 6000 bouff\u00e9es<br \/>\n    Batterie : 650mAh<br \/>\n    Capacit\u00e9 : 8ml<br \/>\n    R\u00e9sistance : 1.2ohm Mesh Coil<\/p>\n","protected":false},"excerpt":{"rendered":"<p>D\u00e9couvrez la nouvelle e-cigarette jetable Puff Me. Elle est livr\u00e9e avec 6000 bouff\u00e9es par appareil et avec plusieurs saveurs pour une exp\u00e9rience de vape exceptionnelle ! Nicotine : 5% Nombre de bouff\u00e9es : 6000 bouff\u00e9es Batterie : 650mAh Capacit\u00e9 : 8ml R\u00e9sistance : 1.2ohm Mesh Coil<\/p>\n","protected":false},"featured_media":24722,"comment_status":"open","ping_status":"closed","template":"","meta":{"om_disable_all_campaigns":false,"_monsterinsights_skip_tracking":false,"_monsterinsights_sitenote_active":false,"_monsterinsights_sitenote_note":"","_monsterinsights_sitenote_category":0},"product_brand":[],"product_cat":[256,262],"product_tag":[],"class_list":{"0":"post-28614","1":"product","2":"type-product","3":"status-publish","4":"has-post-thumbnail","6":"product_cat-e-cigarettes-jetables","7":"product_cat-puff-me","10":"first","11":"instock","12":"featured","13":"shipping-taxable","14":"purchasable","15":"product-type-simple"},"aioseo_notices":[],"jetpack_sharing_enabled":true,"_links":{"self":[{"href":"https:\/\/normandie.ma\/index.php?rest_route=\/wp\/v2\/product\/28614","targetHints":{"allow":["GET"]}}],"collection":[{"href":"https:\/\/normandie.ma\/index.php?rest_route=\/wp\/v2\/product"}],"about":[{"href":"https:\/\/normandie.ma\/index.php?rest_route=\/wp\/v2\/types\/product"}],"replies":[{"embeddable":true,"href":"https:\/\/normandie.ma\/index.php?rest_route=%2Fwp%2Fv2%2Fcomments&post=28614"}],"wp:featuredmedia":[{"embeddable":true,"href":"https:\/\/normandie.ma\/index.php?rest_route=\/wp\/v2\/media\/24722"}],"wp:attachment":[{"href":"https:\/\/normandie.ma\/index.php?rest_route=%2Fwp%2Fv2%2Fmedia&parent=28614"}],"wp:term":[{"taxonomy":"product_brand","embeddable":true,"href":"https:\/\/normandie.ma\/index.php?rest_route=%2Fwp%2Fv2%2Fproduct_brand&post=28614"},{"taxonomy":"product_cat","embeddable":true,"href":"https:\/\/normandie.ma\/index.php?rest_route=%2Fwp%2Fv2%2Fproduct_cat&post=28614"},{"taxonomy":"product_tag","embeddable":true,"href":"https:\/\/normandie.ma\/index.php?rest_route=%2Fwp%2Fv2%2Fproduct_tag&post=28614"}],"curies":[{"name":"wp","href":"https:\/\/api.w.org\/{rel}","templated":true}]}}