{"id":28618,"date":"2023-05-06T18:56:33","date_gmt":"2023-05-06T18:56:33","guid":{"rendered":"https:\/\/normandie.ma\/?product=gabriel-bd2500puff-blueberry-grape-5-ml"},"modified":"2023-06-19T22:40:30","modified_gmt":"2023-06-19T22:40:30","slug":"gabriel-bd2500puff-blueberry-grape-5-ml","status":"publish","type":"product","link":"https:\/\/normandie.ma\/?product=gabriel-bd2500puff-blueberry-grape-5-ml","title":{"rendered":"GABRIEL BD2500Puff &#8211; Blueberry Grape (5%\/ml)"},"content":{"rendered":"<p>D\u00e9couvrez la nouvelle cigarette jetable Gabriel BD2500 de la marque Uwell et profitez de ses d\u00e9licieuses saveurs fruit\u00e9s ! Nicotine : 5%<br \/>\n    Nombre de bouff\u00e9es : 2500<br \/>\n    Batterie : 400mAh<br \/>\n    Capacit\u00e9 : 6ml<br \/>\n    Rechargeable type C<\/p>\n","protected":false},"excerpt":{"rendered":"<p>D\u00e9couvrez la nouvelle cigarette jetable Gabriel BD2500 de la marque Uwell et profitez de ses d\u00e9licieuses saveurs fruit\u00e9s ! Nicotine : 5% Nombre de bouff\u00e9es : 2500 Batterie : 400mAh Capacit\u00e9 : 6ml Rechargeable type C<\/p>\n","protected":false},"featured_media":24726,"comment_status":"open","ping_status":"closed","template":"","meta":{"om_disable_all_campaigns":false,"_monsterinsights_skip_tracking":false,"_monsterinsights_sitenote_active":false,"_monsterinsights_sitenote_note":"","_monsterinsights_sitenote_category":0},"product_brand":[],"product_cat":[256,263],"product_tag":[],"class_list":{"0":"post-28618","1":"product","2":"type-product","3":"status-publish","4":"has-post-thumbnail","6":"product_cat-e-cigarettes-jetables","7":"product_cat-uwell-e-cigarette-jetables","10":"first","11":"outofstock","12":"featured","13":"shipping-taxable","14":"purchasable","15":"product-type-simple"},"aioseo_notices":[],"jetpack_sharing_enabled":true,"_links":{"self":[{"href":"https:\/\/normandie.ma\/index.php?rest_route=\/wp\/v2\/product\/28618","targetHints":{"allow":["GET"]}}],"collection":[{"href":"https:\/\/normandie.ma\/index.php?rest_route=\/wp\/v2\/product"}],"about":[{"href":"https:\/\/normandie.ma\/index.php?rest_route=\/wp\/v2\/types\/product"}],"replies":[{"embeddable":true,"href":"https:\/\/normandie.ma\/index.php?rest_route=%2Fwp%2Fv2%2Fcomments&post=28618"}],"wp:featuredmedia":[{"embeddable":true,"href":"https:\/\/normandie.ma\/index.php?rest_route=\/wp\/v2\/media\/24726"}],"wp:attachment":[{"href":"https:\/\/normandie.ma\/index.php?rest_route=%2Fwp%2Fv2%2Fmedia&parent=28618"}],"wp:term":[{"taxonomy":"product_brand","embeddable":true,"href":"https:\/\/normandie.ma\/index.php?rest_route=%2Fwp%2Fv2%2Fproduct_brand&post=28618"},{"taxonomy":"product_cat","embeddable":true,"href":"https:\/\/normandie.ma\/index.php?rest_route=%2Fwp%2Fv2%2Fproduct_cat&post=28618"},{"taxonomy":"product_tag","embeddable":true,"href":"https:\/\/normandie.ma\/index.php?rest_route=%2Fwp%2Fv2%2Fproduct_tag&post=28618"}],"curies":[{"name":"wp","href":"https:\/\/api.w.org\/{rel}","templated":true}]}}