{"id":28630,"date":"2023-05-06T18:56:41","date_gmt":"2023-05-06T18:56:41","guid":{"rendered":"https:\/\/normandie.ma\/?product=e-cigarette-jetable-cubebar-2500puffs-5ml"},"modified":"2023-06-19T22:34:27","modified_gmt":"2023-06-19T22:34:27","slug":"e-cigarette-jetable-cubebar-2500puffs-5ml","status":"publish","type":"product","link":"https:\/\/normandie.ma\/?product=e-cigarette-jetable-cubebar-2500puffs-5ml","title":{"rendered":"E-Cigarette Jetable \u2013 Cubebar 2500puffs ( 5%ml)"},"content":{"rendered":"<p>L\u2019e-cigarette jetable Cube Bar 2500 puffs est dot\u00e9e d\u2019une batterie int\u00e9gr\u00e9e de 1000mAh et d\u2019une capacit\u00e9 de 6.5ml, elle peut vous fournir environ 2500 bouff\u00e9es de vapotage. Cube Bar 2500 puffs est \u00e9l\u00e9gant et \u00e0 la mode avec des saveurs d\u00e9licieuses, c\u2019est un nouveau choix pour les vapoteurs \u00e0 la mode.<br \/>\nLa r\u00e9sistance am\u00e9lior\u00e9e \u00e9largit la zone de chauffe et acc\u00e9l\u00e8re la vitesse de chauffe. La vapeur a un go\u00fbt intense et tr\u00e8s agr\u00e9able. Capacit\u00e9 : 6.5ml<br \/>\nR\u00e9sistance : 1.2 ohm<br \/>\nNicotine : 5%<br \/>\nBatterie : 1000mAh (Rechargeable)<br \/>\nNombre de bouff\u00e9es : 2500<br \/>\nTaille : 25*25*114mm<\/p>\n","protected":false},"excerpt":{"rendered":"<p>L\u2019e-cigarette jetable Cube Bar 2500 puffs est dot\u00e9e d\u2019une batterie int\u00e9gr\u00e9e de 1000mAh et d\u2019une capacit\u00e9 de 6.5ml, elle peut vous fournir environ 2500 bouff\u00e9es de vapotage. Cube Bar 2500 puffs est \u00e9l\u00e9gant et \u00e0 la mode avec des saveurs d\u00e9licieuses, c\u2019est un nouveau choix pour les vapoteurs \u00e0 la mode. La r\u00e9sistance am\u00e9lior\u00e9e \u00e9largit [&hellip;]<\/p>\n","protected":false},"featured_media":24737,"comment_status":"open","ping_status":"closed","template":"","meta":{"om_disable_all_campaigns":false,"_monsterinsights_skip_tracking":false,"_monsterinsights_sitenote_active":false,"_monsterinsights_sitenote_note":"","_monsterinsights_sitenote_category":0},"product_brand":[],"product_cat":[264,256],"product_tag":[],"class_list":{"0":"post-28630","1":"product","2":"type-product","3":"status-publish","4":"has-post-thumbnail","6":"product_cat-cube-bar","7":"product_cat-e-cigarettes-jetables","10":"first","11":"outofstock","12":"featured","13":"shipping-taxable","14":"purchasable","15":"product-type-variable"},"aioseo_notices":[],"jetpack_sharing_enabled":true,"_links":{"self":[{"href":"https:\/\/normandie.ma\/index.php?rest_route=\/wp\/v2\/product\/28630","targetHints":{"allow":["GET"]}}],"collection":[{"href":"https:\/\/normandie.ma\/index.php?rest_route=\/wp\/v2\/product"}],"about":[{"href":"https:\/\/normandie.ma\/index.php?rest_route=\/wp\/v2\/types\/product"}],"replies":[{"embeddable":true,"href":"https:\/\/normandie.ma\/index.php?rest_route=%2Fwp%2Fv2%2Fcomments&post=28630"}],"wp:featuredmedia":[{"embeddable":true,"href":"https:\/\/normandie.ma\/index.php?rest_route=\/wp\/v2\/media\/24737"}],"wp:attachment":[{"href":"https:\/\/normandie.ma\/index.php?rest_route=%2Fwp%2Fv2%2Fmedia&parent=28630"}],"wp:term":[{"taxonomy":"product_brand","embeddable":true,"href":"https:\/\/normandie.ma\/index.php?rest_route=%2Fwp%2Fv2%2Fproduct_brand&post=28630"},{"taxonomy":"product_cat","embeddable":true,"href":"https:\/\/normandie.ma\/index.php?rest_route=%2Fwp%2Fv2%2Fproduct_cat&post=28630"},{"taxonomy":"product_tag","embeddable":true,"href":"https:\/\/normandie.ma\/index.php?rest_route=%2Fwp%2Fv2%2Fproduct_tag&post=28630"}],"curies":[{"name":"wp","href":"https:\/\/api.w.org\/{rel}","templated":true}]}}