{"id":28637,"date":"2023-05-06T18:56:43","date_gmt":"2023-05-06T18:56:43","guid":{"rendered":"https:\/\/normandie.ma\/?product=euphoria-mix-berries-3000-taffs-5-ml"},"modified":"2023-05-06T18:56:43","modified_gmt":"2023-05-06T18:56:43","slug":"euphoria-mix-berries-3000-taffs-5-ml","status":"publish","type":"product","link":"https:\/\/normandie.ma\/?product=euphoria-mix-berries-3000-taffs-5-ml","title":{"rendered":"Euphoria Mix Berries \u2013 3000 Taffs (5%\/ml)"},"content":{"rendered":"<p>La marque Euphoria a sorti une nouvelle ligne de dispositifs jetables avec des saveurs de fruits excitantes comme les baies, la fraise, la mangue, et plus encore. Comme les autres dispositifs jetables, ils sont parfaits pour les d\u00e9placements ou les sorties nocturnes o\u00f9 vous ne voulez pas transporter un gros dispositif de vaporisation. Ils sont parfaits pour partager avec d\u2019autres personnes ou pour offrir \u00e0 un ami afin de l\u2019aider \u00e0 se d\u00e9barrasser de son addiction au tabac. Dans tous les cas, ils sont faciles \u00e0 utiliser et se glissent confortablement dans la plupart des poches. Procurez-vous le v\u00f4tre d\u00e8s aujourd\u2019hui. Nicotine : 5%<br \/>\n    Nombre de bouff\u00e9es : 3000<br \/>\n    Batterie : 1000mAh<br \/>\n    Capacit\u00e9 : 8ml<br \/>\n    R\u00e9sistance : 1.4 mesh<\/p>\n","protected":false},"excerpt":{"rendered":"<p>La marque Euphoria a sorti une nouvelle ligne de dispositifs jetables avec des saveurs de fruits excitantes comme les baies, la fraise, la mangue, et plus encore. Comme les autres dispositifs jetables, ils sont parfaits pour les d\u00e9placements ou les sorties nocturnes o\u00f9 vous ne voulez pas transporter un gros dispositif de vaporisation. Ils sont [&hellip;]<\/p>\n","protected":false},"featured_media":24739,"comment_status":"open","ping_status":"closed","template":"","meta":{"om_disable_all_campaigns":false,"_monsterinsights_skip_tracking":false,"_monsterinsights_sitenote_active":false,"_monsterinsights_sitenote_note":"","_monsterinsights_sitenote_category":0},"product_brand":[],"product_cat":[256,265],"product_tag":[],"class_list":{"0":"post-28637","1":"product","2":"type-product","3":"status-publish","4":"has-post-thumbnail","6":"product_cat-e-cigarettes-jetables","7":"product_cat-euphoria","10":"first","11":"instock","12":"featured","13":"shipping-taxable","14":"purchasable","15":"product-type-simple"},"aioseo_notices":[],"jetpack_sharing_enabled":true,"_links":{"self":[{"href":"https:\/\/normandie.ma\/index.php?rest_route=\/wp\/v2\/product\/28637","targetHints":{"allow":["GET"]}}],"collection":[{"href":"https:\/\/normandie.ma\/index.php?rest_route=\/wp\/v2\/product"}],"about":[{"href":"https:\/\/normandie.ma\/index.php?rest_route=\/wp\/v2\/types\/product"}],"replies":[{"embeddable":true,"href":"https:\/\/normandie.ma\/index.php?rest_route=%2Fwp%2Fv2%2Fcomments&post=28637"}],"wp:featuredmedia":[{"embeddable":true,"href":"https:\/\/normandie.ma\/index.php?rest_route=\/wp\/v2\/media\/24739"}],"wp:attachment":[{"href":"https:\/\/normandie.ma\/index.php?rest_route=%2Fwp%2Fv2%2Fmedia&parent=28637"}],"wp:term":[{"taxonomy":"product_brand","embeddable":true,"href":"https:\/\/normandie.ma\/index.php?rest_route=%2Fwp%2Fv2%2Fproduct_brand&post=28637"},{"taxonomy":"product_cat","embeddable":true,"href":"https:\/\/normandie.ma\/index.php?rest_route=%2Fwp%2Fv2%2Fproduct_cat&post=28637"},{"taxonomy":"product_tag","embeddable":true,"href":"https:\/\/normandie.ma\/index.php?rest_route=%2Fwp%2Fv2%2Fproduct_tag&post=28637"}],"curies":[{"name":"wp","href":"https:\/\/api.w.org\/{rel}","templated":true}]}}