{"id":28647,"date":"2023-05-06T18:56:48","date_gmt":"2023-05-06T18:56:48","guid":{"rendered":"https:\/\/normandie.ma\/?product=geek-bar-pro-guava-ice-1500-taffs-5-ml"},"modified":"2023-06-19T22:44:58","modified_gmt":"2023-06-19T22:44:58","slug":"geek-bar-pro-guava-ice-1500-taffs-5-ml","status":"publish","type":"product","link":"https:\/\/normandie.ma\/?product=geek-bar-pro-guava-ice-1500-taffs-5-ml","title":{"rendered":"Geek Bar Pro Guava Ice \u2013 1500 Taffs (5%\/ml)"},"content":{"rendered":"<p>La nouvelle cigarette jetable Geek Bar Pro, construit dans un design jetable tout-en-un, est petit, compact et facile \u00e0 transporter. Aliment\u00e9 par une batterie int\u00e9gr\u00e9e \u00e0 haute tension de 850mAh, la cigarette jetable Geek Bar Pro d\u00e9passe de 20 % la capacit\u00e9 de la batterie des dispositifs jetables ordinaires, ce qui permet un temps de vapotage plus long. Taille : 24.7 x 22.6 x 109.0mm<br \/>\n    Batterie : 850mAh batterie int\u00e9gr\u00e9e<br \/>\n    Capacit\u00e9 du pod : 4.5ml de jus pr\u00e9-rempli<br \/>\n    Bouff\u00e9es : \u22651500 bouff\u00e9es<br \/>\n    Teneur en nicotine : 5% de sel de Nic<\/p>\n","protected":false},"excerpt":{"rendered":"<p>La nouvelle cigarette jetable Geek Bar Pro, construit dans un design jetable tout-en-un, est petit, compact et facile \u00e0 transporter. Aliment\u00e9 par une batterie int\u00e9gr\u00e9e \u00e0 haute tension de 850mAh, la cigarette jetable Geek Bar Pro d\u00e9passe de 20 % la capacit\u00e9 de la batterie des dispositifs jetables ordinaires, ce qui permet un temps de [&hellip;]<\/p>\n","protected":false},"featured_media":24741,"comment_status":"open","ping_status":"closed","template":"","meta":{"om_disable_all_campaigns":false,"_monsterinsights_skip_tracking":false,"_monsterinsights_sitenote_active":false,"_monsterinsights_sitenote_note":"","_monsterinsights_sitenote_category":0},"product_brand":[],"product_cat":[256,266],"product_tag":[],"class_list":{"0":"post-28647","1":"product","2":"type-product","3":"status-publish","4":"has-post-thumbnail","6":"product_cat-e-cigarettes-jetables","7":"product_cat-geek-bar","10":"first","11":"outofstock","12":"featured","13":"shipping-taxable","14":"purchasable","15":"product-type-simple"},"aioseo_notices":[],"jetpack_sharing_enabled":true,"_links":{"self":[{"href":"https:\/\/normandie.ma\/index.php?rest_route=\/wp\/v2\/product\/28647","targetHints":{"allow":["GET"]}}],"collection":[{"href":"https:\/\/normandie.ma\/index.php?rest_route=\/wp\/v2\/product"}],"about":[{"href":"https:\/\/normandie.ma\/index.php?rest_route=\/wp\/v2\/types\/product"}],"replies":[{"embeddable":true,"href":"https:\/\/normandie.ma\/index.php?rest_route=%2Fwp%2Fv2%2Fcomments&post=28647"}],"wp:featuredmedia":[{"embeddable":true,"href":"https:\/\/normandie.ma\/index.php?rest_route=\/wp\/v2\/media\/24741"}],"wp:attachment":[{"href":"https:\/\/normandie.ma\/index.php?rest_route=%2Fwp%2Fv2%2Fmedia&parent=28647"}],"wp:term":[{"taxonomy":"product_brand","embeddable":true,"href":"https:\/\/normandie.ma\/index.php?rest_route=%2Fwp%2Fv2%2Fproduct_brand&post=28647"},{"taxonomy":"product_cat","embeddable":true,"href":"https:\/\/normandie.ma\/index.php?rest_route=%2Fwp%2Fv2%2Fproduct_cat&post=28647"},{"taxonomy":"product_tag","embeddable":true,"href":"https:\/\/normandie.ma\/index.php?rest_route=%2Fwp%2Fv2%2Fproduct_tag&post=28647"}],"curies":[{"name":"wp","href":"https:\/\/api.w.org\/{rel}","templated":true}]}}