{"id":28650,"date":"2023-05-06T18:56:49","date_gmt":"2023-05-06T18:56:49","guid":{"rendered":"https:\/\/normandie.ma\/?product=geek-bar-b4000puff-mixed-fruit-shisha-5-ml"},"modified":"2023-05-06T18:56:49","modified_gmt":"2023-05-06T18:56:49","slug":"geek-bar-b4000puff-mixed-fruit-shisha-5-ml","status":"publish","type":"product","link":"https:\/\/normandie.ma\/?product=geek-bar-b4000puff-mixed-fruit-shisha-5-ml","title":{"rendered":"Geek Bar B4000Puff Mixed Fruit Shisha (5%\/ml)"},"content":{"rendered":"<p>L\u2019 e-cigarette jetable Geek Bar B4000 est dot\u00e9e d\u2019un e-liquide pr\u00e9-rempli de 10ml, de 5% de nicotine, d\u2019une batterie interne de 1050mAh, d\u2019une r\u00e9sistance en maille de 1,2ohm et d\u2019un embout buccal bien ajust\u00e9 permettant de tirer jusqu\u2019\u00e0 4000 bouff\u00e9es. Situ\u00e9 dans son dispositif compact, il pr\u00e9sente un aspect fluide et une coque en cristal, la r\u00e9sistance maill\u00e9e performante offre une saveur et un go\u00fbt extraordinaires. Le jus de vape de 10ml sert environ 4000 bouff\u00e9es. Construit en acier inoxydable, il est l\u00e9ger et solide. Batterie interne de 1050mAh<br \/>\n    10ml d\u2019e-liquide pr\u00e9-rempli<br \/>\n    5% (50mg) de nicotine<br \/>\n    R\u00e9sistance Mesh de 1.2ohm<br \/>\n    4000 bouff\u00e9es<br \/>\n    Activation par tirage au sort<br \/>\n    Embout buccal bien ajust\u00e9<\/p>\n","protected":false},"excerpt":{"rendered":"<p>L\u2019 e-cigarette jetable Geek Bar B4000 est dot\u00e9e d\u2019un e-liquide pr\u00e9-rempli de 10ml, de 5% de nicotine, d\u2019une batterie interne de 1050mAh, d\u2019une r\u00e9sistance en maille de 1,2ohm et d\u2019un embout buccal bien ajust\u00e9 permettant de tirer jusqu\u2019\u00e0 4000 bouff\u00e9es. Situ\u00e9 dans son dispositif compact, il pr\u00e9sente un aspect fluide et une coque en cristal, [&hellip;]<\/p>\n","protected":false},"featured_media":24749,"comment_status":"open","ping_status":"closed","template":"","meta":{"om_disable_all_campaigns":false,"_monsterinsights_skip_tracking":false,"_monsterinsights_sitenote_active":false,"_monsterinsights_sitenote_note":"","_monsterinsights_sitenote_category":0},"product_brand":[],"product_cat":[256,266],"product_tag":[],"class_list":{"0":"post-28650","1":"product","2":"type-product","3":"status-publish","4":"has-post-thumbnail","6":"product_cat-e-cigarettes-jetables","7":"product_cat-geek-bar","10":"first","11":"instock","12":"featured","13":"shipping-taxable","14":"purchasable","15":"product-type-simple"},"aioseo_notices":[],"jetpack_sharing_enabled":true,"_links":{"self":[{"href":"https:\/\/normandie.ma\/index.php?rest_route=\/wp\/v2\/product\/28650","targetHints":{"allow":["GET"]}}],"collection":[{"href":"https:\/\/normandie.ma\/index.php?rest_route=\/wp\/v2\/product"}],"about":[{"href":"https:\/\/normandie.ma\/index.php?rest_route=\/wp\/v2\/types\/product"}],"replies":[{"embeddable":true,"href":"https:\/\/normandie.ma\/index.php?rest_route=%2Fwp%2Fv2%2Fcomments&post=28650"}],"wp:featuredmedia":[{"embeddable":true,"href":"https:\/\/normandie.ma\/index.php?rest_route=\/wp\/v2\/media\/24749"}],"wp:attachment":[{"href":"https:\/\/normandie.ma\/index.php?rest_route=%2Fwp%2Fv2%2Fmedia&parent=28650"}],"wp:term":[{"taxonomy":"product_brand","embeddable":true,"href":"https:\/\/normandie.ma\/index.php?rest_route=%2Fwp%2Fv2%2Fproduct_brand&post=28650"},{"taxonomy":"product_cat","embeddable":true,"href":"https:\/\/normandie.ma\/index.php?rest_route=%2Fwp%2Fv2%2Fproduct_cat&post=28650"},{"taxonomy":"product_tag","embeddable":true,"href":"https:\/\/normandie.ma\/index.php?rest_route=%2Fwp%2Fv2%2Fproduct_tag&post=28650"}],"curies":[{"name":"wp","href":"https:\/\/api.w.org\/{rel}","templated":true}]}}