{"id":28655,"date":"2023-05-06T18:56:52","date_gmt":"2023-05-06T18:56:52","guid":{"rendered":"https:\/\/normandie.ma\/?product=orion-bar-watermelon-ice-3000puff-5-ml"},"modified":"2023-06-19T22:48:51","modified_gmt":"2023-06-19T22:48:51","slug":"orion-bar-watermelon-ice-3000puff-5-ml","status":"publish","type":"product","link":"https:\/\/normandie.ma\/?product=orion-bar-watermelon-ice-3000puff-5-ml","title":{"rendered":"Orion Bar Watermelon Ice &#8211; 3000Puff (5%\/ml)"},"content":{"rendered":"<p>L\u2019 e-cigarette jetable Orion Bar 3000 Puff est pratique, confortable et \u00e9l\u00e9gante. Cette e-cigarette jetable dispose d\u2019une batterie rechargeable via Micro USB. Il contient 8ml d\u2019e-liquide et utilise 50 mg (5 %) de nicotine. L\u2019Orion Bar d\u00e9livre environ 3000 bouff\u00e9es avec des saveurs uniques et d\u00e9licieuses. Nicotine : 5%<br \/>\nNombre de bouff\u00e9es : 3000<br \/>\nBatterie : Rechargeable type C<br \/>\nCapacit\u00e9 : 8m<\/p>\n","protected":false},"excerpt":{"rendered":"<p>L\u2019 e-cigarette jetable Orion Bar 3000 Puff est pratique, confortable et \u00e9l\u00e9gante. Cette e-cigarette jetable dispose d\u2019une batterie rechargeable via Micro USB. Il contient 8ml d\u2019e-liquide et utilise 50 mg (5 %) de nicotine. L\u2019Orion Bar d\u00e9livre environ 3000 bouff\u00e9es avec des saveurs uniques et d\u00e9licieuses. Nicotine : 5% Nombre de bouff\u00e9es : 3000 Batterie [&hellip;]<\/p>\n","protected":false},"featured_media":24752,"comment_status":"open","ping_status":"closed","template":"","meta":{"om_disable_all_campaigns":false,"_monsterinsights_skip_tracking":false,"_monsterinsights_sitenote_active":false,"_monsterinsights_sitenote_note":"","_monsterinsights_sitenote_category":0},"product_brand":[],"product_cat":[256,267],"product_tag":[],"class_list":{"0":"post-28655","1":"product","2":"type-product","3":"status-publish","4":"has-post-thumbnail","6":"product_cat-e-cigarettes-jetables","7":"product_cat-lost-vape-e-cigarette-jetables","10":"first","11":"outofstock","12":"featured","13":"shipping-taxable","14":"purchasable","15":"product-type-simple"},"aioseo_notices":[],"jetpack_sharing_enabled":true,"_links":{"self":[{"href":"https:\/\/normandie.ma\/index.php?rest_route=\/wp\/v2\/product\/28655","targetHints":{"allow":["GET"]}}],"collection":[{"href":"https:\/\/normandie.ma\/index.php?rest_route=\/wp\/v2\/product"}],"about":[{"href":"https:\/\/normandie.ma\/index.php?rest_route=\/wp\/v2\/types\/product"}],"replies":[{"embeddable":true,"href":"https:\/\/normandie.ma\/index.php?rest_route=%2Fwp%2Fv2%2Fcomments&post=28655"}],"wp:featuredmedia":[{"embeddable":true,"href":"https:\/\/normandie.ma\/index.php?rest_route=\/wp\/v2\/media\/24752"}],"wp:attachment":[{"href":"https:\/\/normandie.ma\/index.php?rest_route=%2Fwp%2Fv2%2Fmedia&parent=28655"}],"wp:term":[{"taxonomy":"product_brand","embeddable":true,"href":"https:\/\/normandie.ma\/index.php?rest_route=%2Fwp%2Fv2%2Fproduct_brand&post=28655"},{"taxonomy":"product_cat","embeddable":true,"href":"https:\/\/normandie.ma\/index.php?rest_route=%2Fwp%2Fv2%2Fproduct_cat&post=28655"},{"taxonomy":"product_tag","embeddable":true,"href":"https:\/\/normandie.ma\/index.php?rest_route=%2Fwp%2Fv2%2Fproduct_tag&post=28655"}],"curies":[{"name":"wp","href":"https:\/\/api.w.org\/{rel}","templated":true}]}}