{"id":28664,"date":"2023-05-06T18:56:56","date_gmt":"2023-05-06T18:56:56","guid":{"rendered":"https:\/\/normandie.ma\/?product=e-cigarette-jetable-mana-stick-max-5-lost-vape"},"modified":"2023-06-13T21:21:25","modified_gmt":"2023-06-13T21:21:25","slug":"e-cigarette-jetable-mana-stick-max-5-lost-vape","status":"publish","type":"product","link":"https:\/\/normandie.ma\/?product=e-cigarette-jetable-mana-stick-max-5-lost-vape","title":{"rendered":"E-cigarette jetable Mana Stick Max \u2013 5% \u2013 Lost Vape"},"content":{"rendered":"<p>Le Mana Stick Max est un dispositif jetable de plus haute qualit\u00e9 de la marque Lost Vape. Le ch\u00e2ssis du Mana Stick Max est diff\u00e9rent de la plupart des dispositifs jetables, car il a une forme plus arrondie qui est plus confortable dans vos mains, ce qui le rend plus facile \u00e0 utiliser. Il est livr\u00e9 en standard avec un sel de nicotine de 50mg (5%) et un r\u00e9servoir de 6ml, ce qui donne environ 2500 bouff\u00e9es par dispositif. Capacit\u00e9 du liquide : 6.0ml<br \/>\nCapacit\u00e9 de la batterie : 900mAh<br \/>\nNombre de bouff\u00e9es : 2500 bouff\u00e9es<br \/>\nNiveau de nicotine : 5% (50mg)<\/p>\n","protected":false},"excerpt":{"rendered":"<p>Le Mana Stick Max est un dispositif jetable de plus haute qualit\u00e9 de la marque Lost Vape. Le ch\u00e2ssis du Mana Stick Max est diff\u00e9rent de la plupart des dispositifs jetables, car il a une forme plus arrondie qui est plus confortable dans vos mains, ce qui le rend plus facile \u00e0 utiliser. Il est [&hellip;]<\/p>\n","protected":false},"featured_media":24757,"comment_status":"open","ping_status":"closed","template":"","meta":{"om_disable_all_campaigns":false,"_monsterinsights_skip_tracking":false,"_monsterinsights_sitenote_active":false,"_monsterinsights_sitenote_note":"","_monsterinsights_sitenote_category":0},"product_brand":[],"product_cat":[256,267],"product_tag":[],"class_list":{"0":"post-28664","1":"product","2":"type-product","3":"status-publish","4":"has-post-thumbnail","6":"product_cat-e-cigarettes-jetables","7":"product_cat-lost-vape-e-cigarette-jetables","10":"first","11":"instock","12":"featured","13":"shipping-taxable","14":"purchasable","15":"product-type-variable"},"aioseo_notices":[],"jetpack_sharing_enabled":true,"_links":{"self":[{"href":"https:\/\/normandie.ma\/index.php?rest_route=\/wp\/v2\/product\/28664","targetHints":{"allow":["GET"]}}],"collection":[{"href":"https:\/\/normandie.ma\/index.php?rest_route=\/wp\/v2\/product"}],"about":[{"href":"https:\/\/normandie.ma\/index.php?rest_route=\/wp\/v2\/types\/product"}],"replies":[{"embeddable":true,"href":"https:\/\/normandie.ma\/index.php?rest_route=%2Fwp%2Fv2%2Fcomments&post=28664"}],"wp:featuredmedia":[{"embeddable":true,"href":"https:\/\/normandie.ma\/index.php?rest_route=\/wp\/v2\/media\/24757"}],"wp:attachment":[{"href":"https:\/\/normandie.ma\/index.php?rest_route=%2Fwp%2Fv2%2Fmedia&parent=28664"}],"wp:term":[{"taxonomy":"product_brand","embeddable":true,"href":"https:\/\/normandie.ma\/index.php?rest_route=%2Fwp%2Fv2%2Fproduct_brand&post=28664"},{"taxonomy":"product_cat","embeddable":true,"href":"https:\/\/normandie.ma\/index.php?rest_route=%2Fwp%2Fv2%2Fproduct_cat&post=28664"},{"taxonomy":"product_tag","embeddable":true,"href":"https:\/\/normandie.ma\/index.php?rest_route=%2Fwp%2Fv2%2Fproduct_tag&post=28664"}],"curies":[{"name":"wp","href":"https:\/\/api.w.org\/{rel}","templated":true}]}}