{"id":28667,"date":"2023-05-06T18:56:57","date_gmt":"2023-05-06T18:56:57","guid":{"rendered":"https:\/\/normandie.ma\/?product=swft-3k-p-o-g-3000-taffs-5-ml"},"modified":"2023-06-19T22:53:49","modified_gmt":"2023-06-19T22:53:49","slug":"swft-3k-p-o-g-3000-taffs-5-ml","status":"publish","type":"product","link":"https:\/\/normandie.ma\/?product=swft-3k-p-o-g-3000-taffs-5-ml","title":{"rendered":"SWFT 3K P.O.G\u2013 3000 Taffs (5%\/ml)"},"content":{"rendered":"<p>Le SWFT 3K est une cigarette jetable de The Finest E-Liquid. Il contient un e-liquide sal\u00e9 pr\u00e9-rempli et est conditionn\u00e9 comme une unit\u00e9 jetable. Il permet \u00e0 l\u2019utilisateur de profiter d\u2019une vape savoureuse sans aucun entretien, et ne n\u00e9cessite qu\u2019un passage rapide \u00e0 la poubelle une fois l\u2019appareil utilis\u00e9. L\u00e9ger, petit et portable<br \/>\n    Batterie interne : 1200mAh<br \/>\n    Capacit\u00e9 E-Liquide : 7.5ml<br \/>\n    Nicotine : 5%<br \/>\n    Activation du tirage : jusqu\u2019\u00e0 3000 bouff\u00e9es<br \/>\n    Design anti-fuite<\/p>\n","protected":false},"excerpt":{"rendered":"<p>Le SWFT 3K est une cigarette jetable de The Finest E-Liquid. Il contient un e-liquide sal\u00e9 pr\u00e9-rempli et est conditionn\u00e9 comme une unit\u00e9 jetable. Il permet \u00e0 l\u2019utilisateur de profiter d\u2019une vape savoureuse sans aucun entretien, et ne n\u00e9cessite qu\u2019un passage rapide \u00e0 la poubelle une fois l\u2019appareil utilis\u00e9. L\u00e9ger, petit et portable Batterie interne [&hellip;]<\/p>\n","protected":false},"featured_media":24760,"comment_status":"open","ping_status":"closed","template":"","meta":{"om_disable_all_campaigns":false,"_monsterinsights_skip_tracking":false,"_monsterinsights_sitenote_active":false,"_monsterinsights_sitenote_note":"","_monsterinsights_sitenote_category":0},"product_brand":[],"product_cat":[256,268],"product_tag":[],"class_list":{"0":"post-28667","1":"product","2":"type-product","3":"status-publish","4":"has-post-thumbnail","6":"product_cat-e-cigarettes-jetables","7":"product_cat-swft","10":"first","11":"outofstock","12":"featured","13":"shipping-taxable","14":"purchasable","15":"product-type-simple"},"aioseo_notices":[],"jetpack_sharing_enabled":true,"_links":{"self":[{"href":"https:\/\/normandie.ma\/index.php?rest_route=\/wp\/v2\/product\/28667","targetHints":{"allow":["GET"]}}],"collection":[{"href":"https:\/\/normandie.ma\/index.php?rest_route=\/wp\/v2\/product"}],"about":[{"href":"https:\/\/normandie.ma\/index.php?rest_route=\/wp\/v2\/types\/product"}],"replies":[{"embeddable":true,"href":"https:\/\/normandie.ma\/index.php?rest_route=%2Fwp%2Fv2%2Fcomments&post=28667"}],"wp:featuredmedia":[{"embeddable":true,"href":"https:\/\/normandie.ma\/index.php?rest_route=\/wp\/v2\/media\/24760"}],"wp:attachment":[{"href":"https:\/\/normandie.ma\/index.php?rest_route=%2Fwp%2Fv2%2Fmedia&parent=28667"}],"wp:term":[{"taxonomy":"product_brand","embeddable":true,"href":"https:\/\/normandie.ma\/index.php?rest_route=%2Fwp%2Fv2%2Fproduct_brand&post=28667"},{"taxonomy":"product_cat","embeddable":true,"href":"https:\/\/normandie.ma\/index.php?rest_route=%2Fwp%2Fv2%2Fproduct_cat&post=28667"},{"taxonomy":"product_tag","embeddable":true,"href":"https:\/\/normandie.ma\/index.php?rest_route=%2Fwp%2Fv2%2Fproduct_tag&post=28667"}],"curies":[{"name":"wp","href":"https:\/\/api.w.org\/{rel}","templated":true}]}}