{"id":28674,"date":"2023-05-06T18:57:00","date_gmt":"2023-05-06T18:57:00","guid":{"rendered":"https:\/\/normandie.ma\/?product=wotofo-mega-banana-ice-1500-taffs-5-ml"},"modified":"2023-06-19T22:54:43","modified_gmt":"2023-06-19T22:54:43","slug":"wotofo-mega-banana-ice-1500-taffs-5-ml","status":"publish","type":"product","link":"https:\/\/normandie.ma\/?product=wotofo-mega-banana-ice-1500-taffs-5-ml","title":{"rendered":"Wotofo Mega Banana ice\u2013 1500 Taffs (5%\/ml)"},"content":{"rendered":"<p>Con\u00e7u avec une batterie de 980mAh, le Wotofo Mega peut produire jusqu\u2019\u00e0 1500 bouff\u00e9es \u00e0 partir de son r\u00e9servoir de jus de 5,5ml. L\u2019e-liquide qu\u2019il contient est \u00e0 base de sel de nicotine avec une concentration de 5% pour un incroyable hit de gorge d\u2019une bouff\u00e9e de style bouche \u00e0 poumon. Du point de vue du design, l\u2019e-cigarette jetable Mega est petit et portable, ce qui le rend tr\u00e8s facile \u00e0 transporter.  Et, m\u00eame si cet appareil peut simplement \u00eatre jet\u00e9 lorsqu\u2019il a atteint sa dur\u00e9e de vie, il est toujours con\u00e7u pour \u00eatre durable et solide gr\u00e2ce \u00e0 l\u2019acier inoxydable et aux mat\u00e9riaux PC. Compact et portable<br \/>\n    Mat\u00e9riaux de qualit\u00e9<br \/>\n    Mat\u00e9riaux en acier inoxydable et en PC<br \/>\n    Robuste et durable<br \/>\n    Batterie int\u00e9gr\u00e9e de 980mAh<br \/>\n    R\u00e9sistance 1.6ohm<br \/>\n    Nicotine : 5%<br \/>\n    1500 bouff\u00e9es<br \/>\n    5.5ml d\u2019e-liquide pr\u00e9-rempli<\/p>\n","protected":false},"excerpt":{"rendered":"<p>Con\u00e7u avec une batterie de 980mAh, le Wotofo Mega peut produire jusqu\u2019\u00e0 1500 bouff\u00e9es \u00e0 partir de son r\u00e9servoir de jus de 5,5ml. L\u2019e-liquide qu\u2019il contient est \u00e0 base de sel de nicotine avec une concentration de 5% pour un incroyable hit de gorge d\u2019une bouff\u00e9e de style bouche \u00e0 poumon. Du point de vue [&hellip;]<\/p>\n","protected":false},"featured_media":24769,"comment_status":"open","ping_status":"closed","template":"","meta":{"om_disable_all_campaigns":false,"_monsterinsights_skip_tracking":false,"_monsterinsights_sitenote_active":false,"_monsterinsights_sitenote_note":"","_monsterinsights_sitenote_category":0},"product_brand":[],"product_cat":[256,269],"product_tag":[],"class_list":{"0":"post-28674","1":"product","2":"type-product","3":"status-publish","4":"has-post-thumbnail","6":"product_cat-e-cigarettes-jetables","7":"product_cat-wotofo","10":"first","11":"outofstock","12":"featured","13":"shipping-taxable","14":"purchasable","15":"product-type-simple"},"aioseo_notices":[],"jetpack_sharing_enabled":true,"_links":{"self":[{"href":"https:\/\/normandie.ma\/index.php?rest_route=\/wp\/v2\/product\/28674","targetHints":{"allow":["GET"]}}],"collection":[{"href":"https:\/\/normandie.ma\/index.php?rest_route=\/wp\/v2\/product"}],"about":[{"href":"https:\/\/normandie.ma\/index.php?rest_route=\/wp\/v2\/types\/product"}],"replies":[{"embeddable":true,"href":"https:\/\/normandie.ma\/index.php?rest_route=%2Fwp%2Fv2%2Fcomments&post=28674"}],"wp:featuredmedia":[{"embeddable":true,"href":"https:\/\/normandie.ma\/index.php?rest_route=\/wp\/v2\/media\/24769"}],"wp:attachment":[{"href":"https:\/\/normandie.ma\/index.php?rest_route=%2Fwp%2Fv2%2Fmedia&parent=28674"}],"wp:term":[{"taxonomy":"product_brand","embeddable":true,"href":"https:\/\/normandie.ma\/index.php?rest_route=%2Fwp%2Fv2%2Fproduct_brand&post=28674"},{"taxonomy":"product_cat","embeddable":true,"href":"https:\/\/normandie.ma\/index.php?rest_route=%2Fwp%2Fv2%2Fproduct_cat&post=28674"},{"taxonomy":"product_tag","embeddable":true,"href":"https:\/\/normandie.ma\/index.php?rest_route=%2Fwp%2Fv2%2Fproduct_tag&post=28674"}],"curies":[{"name":"wp","href":"https:\/\/api.w.org\/{rel}","templated":true}]}}