{"id":28683,"date":"2023-05-06T18:57:06","date_gmt":"2023-05-06T18:57:06","guid":{"rendered":"https:\/\/normandie.ma\/?product=aurora-e-liquids-fruits-rouges-myrtille-30ml"},"modified":"2023-05-15T01:00:32","modified_gmt":"2023-05-15T01:00:32","slug":"aurora-e-liquids-fruits-rouges-myrtille-30ml","status":"publish","type":"product","link":"https:\/\/normandie.ma\/?product=aurora-e-liquids-fruits-rouges-myrtille-30ml","title":{"rendered":"Aurora E-liquids \u2013 Fruits Rouges &#038; Myrtille 30ml"},"content":{"rendered":"<p>L\u2019e-liquide Fruits Rouges &amp; Myrtille de la marque Aurora E-liquids est disponible en format 30ml et propose un m\u00e9lange fruit\u00e9 de fruits rouges et de myrtilles. Ce m\u00e9lange sucr\u00e9 et acidul\u00e9 offre une exp\u00e9rience de vapotage rafra\u00eechissante et d\u00e9licieuse pour les amateurs de saveurs fruit\u00e9es.<\/p>\n","protected":false},"excerpt":{"rendered":"<p>L\u2019e-liquide Fruits Rouges &amp; Myrtille de la marque Aurora E-liquids est disponible en format 30ml et propose un m\u00e9lange fruit\u00e9 de fruits rouges et de myrtilles. Ce m\u00e9lange sucr\u00e9 et acidul\u00e9 offre une exp\u00e9rience de vapotage rafra\u00eechissante et d\u00e9licieuse pour les amateurs de saveurs fruit\u00e9es.<\/p>\n","protected":false},"featured_media":24777,"comment_status":"open","ping_status":"closed","template":"","meta":{"om_disable_all_campaigns":false,"_monsterinsights_skip_tracking":false,"_monsterinsights_sitenote_active":false,"_monsterinsights_sitenote_note":"","_monsterinsights_sitenote_category":0},"product_brand":[],"product_cat":[272,270,271],"product_tag":[],"class_list":{"0":"post-28683","1":"product","2":"type-product","3":"status-publish","4":"has-post-thumbnail","6":"product_cat-aurora-eliquids","7":"product_cat-e-liquides","8":"product_cat-nos-marques-e-liquides","11":"first","12":"instock","13":"featured","14":"shipping-taxable","15":"purchasable","16":"product-type-variable"},"aioseo_notices":[],"jetpack_sharing_enabled":true,"_links":{"self":[{"href":"https:\/\/normandie.ma\/index.php?rest_route=\/wp\/v2\/product\/28683","targetHints":{"allow":["GET"]}}],"collection":[{"href":"https:\/\/normandie.ma\/index.php?rest_route=\/wp\/v2\/product"}],"about":[{"href":"https:\/\/normandie.ma\/index.php?rest_route=\/wp\/v2\/types\/product"}],"replies":[{"embeddable":true,"href":"https:\/\/normandie.ma\/index.php?rest_route=%2Fwp%2Fv2%2Fcomments&post=28683"}],"wp:featuredmedia":[{"embeddable":true,"href":"https:\/\/normandie.ma\/index.php?rest_route=\/wp\/v2\/media\/24777"}],"wp:attachment":[{"href":"https:\/\/normandie.ma\/index.php?rest_route=%2Fwp%2Fv2%2Fmedia&parent=28683"}],"wp:term":[{"taxonomy":"product_brand","embeddable":true,"href":"https:\/\/normandie.ma\/index.php?rest_route=%2Fwp%2Fv2%2Fproduct_brand&post=28683"},{"taxonomy":"product_cat","embeddable":true,"href":"https:\/\/normandie.ma\/index.php?rest_route=%2Fwp%2Fv2%2Fproduct_cat&post=28683"},{"taxonomy":"product_tag","embeddable":true,"href":"https:\/\/normandie.ma\/index.php?rest_route=%2Fwp%2Fv2%2Fproduct_tag&post=28683"}],"curies":[{"name":"wp","href":"https:\/\/api.w.org\/{rel}","templated":true}]}}