{"id":28686,"date":"2023-05-06T18:57:07","date_gmt":"2023-05-06T18:57:07","guid":{"rendered":"https:\/\/normandie.ma\/?product=bang-sweet-pomegranate-30ml"},"modified":"2023-05-15T00:59:58","modified_gmt":"2023-05-15T00:59:58","slug":"bang-sweet-pomegranate-30ml","status":"publish","type":"product","link":"https:\/\/normandie.ma\/?product=bang-sweet-pomegranate-30ml","title":{"rendered":"Bang ! \u2013 Sweet Pomegranate 30ml"},"content":{"rendered":"<p>L\u2019e-liquide Sweet Pomegranate 30ml de la marque Bang! est un m\u00e9lange harmonieux d\u2019un go\u00fbt sucr\u00e9 semblable aux baies d\u2019\u00e9t\u00e9 m\u00e9lang\u00e9 \u00e0 une saveur aigre et acidul\u00e9e semblable aux cerises fra\u00eeches, cr\u00e9e un jus de vape aussi m\u00e9morable que le fruit.<\/p>\n","protected":false},"excerpt":{"rendered":"<p>L\u2019e-liquide Sweet Pomegranate 30ml de la marque Bang! est un m\u00e9lange harmonieux d\u2019un go\u00fbt sucr\u00e9 semblable aux baies d\u2019\u00e9t\u00e9 m\u00e9lang\u00e9 \u00e0 une saveur aigre et acidul\u00e9e semblable aux cerises fra\u00eeches, cr\u00e9e un jus de vape aussi m\u00e9morable que le fruit.<\/p>\n","protected":false},"featured_media":24780,"comment_status":"open","ping_status":"closed","template":"","meta":{"om_disable_all_campaigns":false,"_monsterinsights_skip_tracking":false,"_monsterinsights_sitenote_active":false,"_monsterinsights_sitenote_note":"","_monsterinsights_sitenote_category":0},"product_brand":[],"product_cat":[273,270,271],"product_tag":[],"class_list":{"0":"post-28686","1":"product","2":"type-product","3":"status-publish","4":"has-post-thumbnail","6":"product_cat-bang","7":"product_cat-e-liquides","8":"product_cat-nos-marques-e-liquides","11":"first","12":"instock","13":"featured","14":"shipping-taxable","15":"purchasable","16":"product-type-variable"},"aioseo_notices":[],"jetpack_sharing_enabled":true,"_links":{"self":[{"href":"https:\/\/normandie.ma\/index.php?rest_route=\/wp\/v2\/product\/28686","targetHints":{"allow":["GET"]}}],"collection":[{"href":"https:\/\/normandie.ma\/index.php?rest_route=\/wp\/v2\/product"}],"about":[{"href":"https:\/\/normandie.ma\/index.php?rest_route=\/wp\/v2\/types\/product"}],"replies":[{"embeddable":true,"href":"https:\/\/normandie.ma\/index.php?rest_route=%2Fwp%2Fv2%2Fcomments&post=28686"}],"wp:featuredmedia":[{"embeddable":true,"href":"https:\/\/normandie.ma\/index.php?rest_route=\/wp\/v2\/media\/24780"}],"wp:attachment":[{"href":"https:\/\/normandie.ma\/index.php?rest_route=%2Fwp%2Fv2%2Fmedia&parent=28686"}],"wp:term":[{"taxonomy":"product_brand","embeddable":true,"href":"https:\/\/normandie.ma\/index.php?rest_route=%2Fwp%2Fv2%2Fproduct_brand&post=28686"},{"taxonomy":"product_cat","embeddable":true,"href":"https:\/\/normandie.ma\/index.php?rest_route=%2Fwp%2Fv2%2Fproduct_cat&post=28686"},{"taxonomy":"product_tag","embeddable":true,"href":"https:\/\/normandie.ma\/index.php?rest_route=%2Fwp%2Fv2%2Fproduct_tag&post=28686"}],"curies":[{"name":"wp","href":"https:\/\/api.w.org\/{rel}","templated":true}]}}