{"id":28687,"date":"2023-05-06T18:57:08","date_gmt":"2023-05-06T18:57:08","guid":{"rendered":"https:\/\/normandie.ma\/?product=bang-cherry-watermelon-30ml"},"modified":"2023-05-15T00:59:09","modified_gmt":"2023-05-15T00:59:09","slug":"bang-cherry-watermelon-30ml","status":"publish","type":"product","link":"https:\/\/normandie.ma\/?product=bang-cherry-watermelon-30ml","title":{"rendered":"Bang ! Cherry Watermelon 30ml"},"content":{"rendered":"<p>L\u2019e-liquide Cherry Watermelon 30ml de la marque Bang! est une explosion de cerises douces \u00e0 l\u2019inspiration et de past\u00e8ques fra\u00eeches \u00e0 l\u2019expiration que vous allez adorer !<\/p>\n","protected":false},"excerpt":{"rendered":"<p>L\u2019e-liquide Cherry Watermelon 30ml de la marque Bang! est une explosion de cerises douces \u00e0 l\u2019inspiration et de past\u00e8ques fra\u00eeches \u00e0 l\u2019expiration que vous allez adorer !<\/p>\n","protected":false},"featured_media":24781,"comment_status":"open","ping_status":"closed","template":"","meta":{"om_disable_all_campaigns":false,"_monsterinsights_skip_tracking":false,"_monsterinsights_sitenote_active":false,"_monsterinsights_sitenote_note":"","_monsterinsights_sitenote_category":0},"product_brand":[],"product_cat":[273,270,271],"product_tag":[],"class_list":{"0":"post-28687","1":"product","2":"type-product","3":"status-publish","4":"has-post-thumbnail","6":"product_cat-bang","7":"product_cat-e-liquides","8":"product_cat-nos-marques-e-liquides","11":"first","12":"instock","13":"featured","14":"shipping-taxable","15":"purchasable","16":"product-type-variable"},"aioseo_notices":[],"jetpack_sharing_enabled":true,"_links":{"self":[{"href":"https:\/\/normandie.ma\/index.php?rest_route=\/wp\/v2\/product\/28687","targetHints":{"allow":["GET"]}}],"collection":[{"href":"https:\/\/normandie.ma\/index.php?rest_route=\/wp\/v2\/product"}],"about":[{"href":"https:\/\/normandie.ma\/index.php?rest_route=\/wp\/v2\/types\/product"}],"replies":[{"embeddable":true,"href":"https:\/\/normandie.ma\/index.php?rest_route=%2Fwp%2Fv2%2Fcomments&post=28687"}],"wp:featuredmedia":[{"embeddable":true,"href":"https:\/\/normandie.ma\/index.php?rest_route=\/wp\/v2\/media\/24781"}],"wp:attachment":[{"href":"https:\/\/normandie.ma\/index.php?rest_route=%2Fwp%2Fv2%2Fmedia&parent=28687"}],"wp:term":[{"taxonomy":"product_brand","embeddable":true,"href":"https:\/\/normandie.ma\/index.php?rest_route=%2Fwp%2Fv2%2Fproduct_brand&post=28687"},{"taxonomy":"product_cat","embeddable":true,"href":"https:\/\/normandie.ma\/index.php?rest_route=%2Fwp%2Fv2%2Fproduct_cat&post=28687"},{"taxonomy":"product_tag","embeddable":true,"href":"https:\/\/normandie.ma\/index.php?rest_route=%2Fwp%2Fv2%2Fproduct_tag&post=28687"}],"curies":[{"name":"wp","href":"https:\/\/api.w.org\/{rel}","templated":true}]}}