{"id":28693,"date":"2023-05-06T18:57:10","date_gmt":"2023-05-06T18:57:10","guid":{"rendered":"https:\/\/normandie.ma\/?product=bubble-banana-bubblegum-e-liquide-60ml"},"modified":"2023-05-15T00:57:02","modified_gmt":"2023-05-15T00:57:02","slug":"bubble-banana-bubblegum-e-liquide-60ml","status":"publish","type":"product","link":"https:\/\/normandie.ma\/?product=bubble-banana-bubblegum-e-liquide-60ml","title":{"rendered":"Bubble \u2013 Banana Bubblegum \u2013 E-liquide 60ml"},"content":{"rendered":"<p>Une banane bien m\u00fbre, associ\u00e9e \u00e0 un bubble-gum moelleux et sucr\u00e9. Une association parfaite pour cette sucrerie gourmande qui va vous faire fondre !<\/p>\n","protected":false},"excerpt":{"rendered":"<p>Une banane bien m\u00fbre, associ\u00e9e \u00e0 un bubble-gum moelleux et sucr\u00e9. Une association parfaite pour cette sucrerie gourmande qui va vous faire fondre !<\/p>\n","protected":false},"featured_media":24787,"comment_status":"open","ping_status":"closed","template":"","meta":{"om_disable_all_campaigns":false,"_monsterinsights_skip_tracking":false,"_monsterinsights_sitenote_active":false,"_monsterinsights_sitenote_note":"","_monsterinsights_sitenote_category":0},"product_brand":[],"product_cat":[274,270,271],"product_tag":[],"class_list":{"0":"post-28693","1":"product","2":"type-product","3":"status-publish","4":"has-post-thumbnail","6":"product_cat-bubble","7":"product_cat-e-liquides","8":"product_cat-nos-marques-e-liquides","11":"first","12":"instock","13":"featured","14":"shipping-taxable","15":"purchasable","16":"product-type-variable"},"aioseo_notices":[],"jetpack_sharing_enabled":true,"_links":{"self":[{"href":"https:\/\/normandie.ma\/index.php?rest_route=\/wp\/v2\/product\/28693","targetHints":{"allow":["GET"]}}],"collection":[{"href":"https:\/\/normandie.ma\/index.php?rest_route=\/wp\/v2\/product"}],"about":[{"href":"https:\/\/normandie.ma\/index.php?rest_route=\/wp\/v2\/types\/product"}],"replies":[{"embeddable":true,"href":"https:\/\/normandie.ma\/index.php?rest_route=%2Fwp%2Fv2%2Fcomments&post=28693"}],"wp:featuredmedia":[{"embeddable":true,"href":"https:\/\/normandie.ma\/index.php?rest_route=\/wp\/v2\/media\/24787"}],"wp:attachment":[{"href":"https:\/\/normandie.ma\/index.php?rest_route=%2Fwp%2Fv2%2Fmedia&parent=28693"}],"wp:term":[{"taxonomy":"product_brand","embeddable":true,"href":"https:\/\/normandie.ma\/index.php?rest_route=%2Fwp%2Fv2%2Fproduct_brand&post=28693"},{"taxonomy":"product_cat","embeddable":true,"href":"https:\/\/normandie.ma\/index.php?rest_route=%2Fwp%2Fv2%2Fproduct_cat&post=28693"},{"taxonomy":"product_tag","embeddable":true,"href":"https:\/\/normandie.ma\/index.php?rest_route=%2Fwp%2Fv2%2Fproduct_tag&post=28693"}],"curies":[{"name":"wp","href":"https:\/\/api.w.org\/{rel}","templated":true}]}}