{"id":28700,"date":"2023-05-06T18:57:13","date_gmt":"2023-05-06T18:57:13","guid":{"rendered":"https:\/\/normandie.ma\/?product=el-tobacco-vanilla-custard-tobacco-e-liquide-30ml"},"modified":"2023-05-15T00:55:51","modified_gmt":"2023-05-15T00:55:51","slug":"el-tobacco-vanilla-custard-tobacco-e-liquide-30ml","status":"publish","type":"product","link":"https:\/\/normandie.ma\/?product=el-tobacco-vanilla-custard-tobacco-e-liquide-30ml","title":{"rendered":"EL TOBACCO \u2013 Vanilla Custard Tobacco \u2013 E-liquide 30ml"},"content":{"rendered":"<p>D\u00e9couvrez le Vanilla Custard Tobacco 30ml de la marque El Tobacco, un m\u00e9lange de cr\u00e8me p\u00e2tissi\u00e8re \u00e0 la vanille sucr\u00e9e et cr\u00e9meuse avec du tabac traditionnel am\u00e9ricain.<\/p>\n<p>Saveurs : Cr\u00e8me vanille \/ Tabac<\/p>\n","protected":false},"excerpt":{"rendered":"<p>D\u00e9couvrez le Vanilla Custard Tobacco 30ml de la marque El Tobacco, un m\u00e9lange de cr\u00e8me p\u00e2tissi\u00e8re \u00e0 la vanille sucr\u00e9e et cr\u00e9meuse avec du tabac traditionnel am\u00e9ricain. Saveurs : Cr\u00e8me vanille \/ Tabac<\/p>\n","protected":false},"featured_media":24793,"comment_status":"open","ping_status":"closed","template":"","meta":{"om_disable_all_campaigns":false,"_monsterinsights_skip_tracking":false,"_monsterinsights_sitenote_active":false,"_monsterinsights_sitenote_note":"","_monsterinsights_sitenote_category":0},"product_brand":[],"product_cat":[270,276,271],"product_tag":[],"class_list":{"0":"post-28700","1":"product","2":"type-product","3":"status-publish","4":"has-post-thumbnail","6":"product_cat-e-liquides","7":"product_cat-el-tobacco-30ml","8":"product_cat-nos-marques-e-liquides","11":"first","12":"instock","13":"featured","14":"shipping-taxable","15":"purchasable","16":"product-type-variable"},"aioseo_notices":[],"jetpack_sharing_enabled":true,"_links":{"self":[{"href":"https:\/\/normandie.ma\/index.php?rest_route=\/wp\/v2\/product\/28700","targetHints":{"allow":["GET"]}}],"collection":[{"href":"https:\/\/normandie.ma\/index.php?rest_route=\/wp\/v2\/product"}],"about":[{"href":"https:\/\/normandie.ma\/index.php?rest_route=\/wp\/v2\/types\/product"}],"replies":[{"embeddable":true,"href":"https:\/\/normandie.ma\/index.php?rest_route=%2Fwp%2Fv2%2Fcomments&post=28700"}],"wp:featuredmedia":[{"embeddable":true,"href":"https:\/\/normandie.ma\/index.php?rest_route=\/wp\/v2\/media\/24793"}],"wp:attachment":[{"href":"https:\/\/normandie.ma\/index.php?rest_route=%2Fwp%2Fv2%2Fmedia&parent=28700"}],"wp:term":[{"taxonomy":"product_brand","embeddable":true,"href":"https:\/\/normandie.ma\/index.php?rest_route=%2Fwp%2Fv2%2Fproduct_brand&post=28700"},{"taxonomy":"product_cat","embeddable":true,"href":"https:\/\/normandie.ma\/index.php?rest_route=%2Fwp%2Fv2%2Fproduct_cat&post=28700"},{"taxonomy":"product_tag","embeddable":true,"href":"https:\/\/normandie.ma\/index.php?rest_route=%2Fwp%2Fv2%2Fproduct_tag&post=28700"}],"curies":[{"name":"wp","href":"https:\/\/api.w.org\/{rel}","templated":true}]}}