{"id":28708,"date":"2023-05-06T18:57:18","date_gmt":"2023-05-06T18:57:18","guid":{"rendered":"https:\/\/normandie.ma\/?product=good-vapes-us-tobacco-e-liquide-30ml"},"modified":"2023-06-13T23:49:38","modified_gmt":"2023-06-13T23:49:38","slug":"good-vapes-us-tobacco-e-liquide-30ml","status":"publish","type":"product","link":"https:\/\/normandie.ma\/?product=good-vapes-us-tobacco-e-liquide-30ml","title":{"rendered":"Good Vapes \u2013 US Tobacco \u2013 E-liquide 30ml"},"content":{"rendered":"<p>US Tobacco 30ml est une saveur douce de tabac, accentu\u00e9e par une touche de miel, et offre un arri\u00e8re-go\u00fbt agr\u00e9able. Vous devriez absolument l\u2019essayer avec l\u2019une de nos cigarettes \u00e9lectroniques de la marque Good Vapes Casablanca.<\/p>\n<p>Saveurs : Tabac \/ Miel<\/p>\n","protected":false},"excerpt":{"rendered":"<p>US Tobacco 30ml est une saveur douce de tabac, accentu\u00e9e par une touche de miel, et offre un arri\u00e8re-go\u00fbt agr\u00e9able. Vous devriez absolument l\u2019essayer avec l\u2019une de nos cigarettes \u00e9lectroniques de la marque Good Vapes Casablanca. Saveurs : Tabac \/ Miel<\/p>\n","protected":false},"featured_media":24802,"comment_status":"open","ping_status":"closed","template":"","meta":{"om_disable_all_campaigns":false,"_monsterinsights_skip_tracking":false,"_monsterinsights_sitenote_active":false,"_monsterinsights_sitenote_note":"","_monsterinsights_sitenote_category":0},"product_brand":[],"product_cat":[270,278,271],"product_tag":[],"class_list":{"0":"post-28708","1":"product","2":"type-product","3":"status-publish","4":"has-post-thumbnail","6":"product_cat-e-liquides","7":"product_cat-good-vapes","8":"product_cat-nos-marques-e-liquides","11":"first","12":"instock","13":"featured","14":"shipping-taxable","15":"purchasable","16":"product-type-variable"},"aioseo_notices":[],"jetpack_sharing_enabled":true,"_links":{"self":[{"href":"https:\/\/normandie.ma\/index.php?rest_route=\/wp\/v2\/product\/28708","targetHints":{"allow":["GET"]}}],"collection":[{"href":"https:\/\/normandie.ma\/index.php?rest_route=\/wp\/v2\/product"}],"about":[{"href":"https:\/\/normandie.ma\/index.php?rest_route=\/wp\/v2\/types\/product"}],"replies":[{"embeddable":true,"href":"https:\/\/normandie.ma\/index.php?rest_route=%2Fwp%2Fv2%2Fcomments&post=28708"}],"wp:featuredmedia":[{"embeddable":true,"href":"https:\/\/normandie.ma\/index.php?rest_route=\/wp\/v2\/media\/24802"}],"wp:attachment":[{"href":"https:\/\/normandie.ma\/index.php?rest_route=%2Fwp%2Fv2%2Fmedia&parent=28708"}],"wp:term":[{"taxonomy":"product_brand","embeddable":true,"href":"https:\/\/normandie.ma\/index.php?rest_route=%2Fwp%2Fv2%2Fproduct_brand&post=28708"},{"taxonomy":"product_cat","embeddable":true,"href":"https:\/\/normandie.ma\/index.php?rest_route=%2Fwp%2Fv2%2Fproduct_cat&post=28708"},{"taxonomy":"product_tag","embeddable":true,"href":"https:\/\/normandie.ma\/index.php?rest_route=%2Fwp%2Fv2%2Fproduct_tag&post=28708"}],"curies":[{"name":"wp","href":"https:\/\/api.w.org\/{rel}","templated":true}]}}