{"id":28732,"date":"2023-05-06T18:57:29","date_gmt":"2023-05-06T18:57:29","guid":{"rendered":"https:\/\/normandie.ma\/?product=paradise-oasis-berry-e-liquide-60ml"},"modified":"2023-06-14T00:03:17","modified_gmt":"2023-06-14T00:03:17","slug":"paradise-oasis-berry-e-liquide-60ml","status":"publish","type":"product","link":"https:\/\/normandie.ma\/?product=paradise-oasis-berry-e-liquide-60ml","title":{"rendered":"Paradise \u2013 Oasis Berry \u2013 E-liquide 60ml"},"content":{"rendered":"<p>L\u2019Oasis Berry est un m\u00e9lange fruit\u00e9 intense, de belles fraises, du melon cantaloup ainsi que de l\u2019ananas charnus et associ\u00e9 \u00e0 un effet de fraicheur ultra puissant. Cet e-liquide donne une calotte glaciaire \u00e0 ces fruits charnus des Tropiques ! Vous devez absolument l\u2019essayer avec l\u2019une de nos cigarettes \u00e9lectroniques de la marque Good Vapes Casablanca.<\/p>\n<p>Saveurs : Ananas \/ Fraises \/ Cantaloupe<\/p>\n","protected":false},"excerpt":{"rendered":"<p>L\u2019Oasis Berry est un m\u00e9lange fruit\u00e9 intense, de belles fraises, du melon cantaloup ainsi que de l\u2019ananas charnus et associ\u00e9 \u00e0 un effet de fraicheur ultra puissant. Cet e-liquide donne une calotte glaciaire \u00e0 ces fruits charnus des Tropiques ! Vous devez absolument l\u2019essayer avec l\u2019une de nos cigarettes \u00e9lectroniques de la marque Good Vapes [&hellip;]<\/p>\n","protected":false},"featured_media":24820,"comment_status":"open","ping_status":"closed","template":"","meta":{"om_disable_all_campaigns":false,"_monsterinsights_skip_tracking":false,"_monsterinsights_sitenote_active":false,"_monsterinsights_sitenote_note":"","_monsterinsights_sitenote_category":0},"product_brand":[],"product_cat":[270,271,284],"product_tag":[],"class_list":{"0":"post-28732","1":"product","2":"type-product","3":"status-publish","4":"has-post-thumbnail","6":"product_cat-e-liquides","7":"product_cat-nos-marques-e-liquides","8":"product_cat-paradise-60ml","11":"first","12":"instock","13":"featured","14":"shipping-taxable","15":"purchasable","16":"product-type-variable"},"aioseo_notices":[],"jetpack_sharing_enabled":true,"_links":{"self":[{"href":"https:\/\/normandie.ma\/index.php?rest_route=\/wp\/v2\/product\/28732","targetHints":{"allow":["GET"]}}],"collection":[{"href":"https:\/\/normandie.ma\/index.php?rest_route=\/wp\/v2\/product"}],"about":[{"href":"https:\/\/normandie.ma\/index.php?rest_route=\/wp\/v2\/types\/product"}],"replies":[{"embeddable":true,"href":"https:\/\/normandie.ma\/index.php?rest_route=%2Fwp%2Fv2%2Fcomments&post=28732"}],"wp:featuredmedia":[{"embeddable":true,"href":"https:\/\/normandie.ma\/index.php?rest_route=\/wp\/v2\/media\/24820"}],"wp:attachment":[{"href":"https:\/\/normandie.ma\/index.php?rest_route=%2Fwp%2Fv2%2Fmedia&parent=28732"}],"wp:term":[{"taxonomy":"product_brand","embeddable":true,"href":"https:\/\/normandie.ma\/index.php?rest_route=%2Fwp%2Fv2%2Fproduct_brand&post=28732"},{"taxonomy":"product_cat","embeddable":true,"href":"https:\/\/normandie.ma\/index.php?rest_route=%2Fwp%2Fv2%2Fproduct_cat&post=28732"},{"taxonomy":"product_tag","embeddable":true,"href":"https:\/\/normandie.ma\/index.php?rest_route=%2Fwp%2Fv2%2Fproduct_tag&post=28732"}],"curies":[{"name":"wp","href":"https:\/\/api.w.org\/{rel}","templated":true}]}}