{"id":28733,"date":"2023-05-06T18:57:29","date_gmt":"2023-05-06T18:57:29","guid":{"rendered":"https:\/\/normandie.ma\/?product=paradise-sunshine-berry-e-liquide-60ml"},"modified":"2023-06-14T00:03:17","modified_gmt":"2023-06-14T00:03:17","slug":"paradise-sunshine-berry-e-liquide-60ml","status":"publish","type":"product","link":"https:\/\/normandie.ma\/?product=paradise-sunshine-berry-e-liquide-60ml","title":{"rendered":"Paradise \u2013 Sunshine Berry \u2013 E-liquide 60ml"},"content":{"rendered":"<p>Sunshine Berry vous propose de d\u00e9guster un e-liquide fruit\u00e9 aux saveurs de fraises, de melons et de grenadines le tout relev\u00e9 par une touche de fraicheur dont seul Paradise connait le secret gorg\u00e9 de fruit, de sucre et de menthe agr\u00e9able pour votre cigarette \u00e9lectronique de chez Good Vapes Casablanca.<\/p>\n<p>Saveurs : Fraises \/ Melons \/ Grenadines<\/p>\n","protected":false},"excerpt":{"rendered":"<p>Sunshine Berry vous propose de d\u00e9guster un e-liquide fruit\u00e9 aux saveurs de fraises, de melons et de grenadines le tout relev\u00e9 par une touche de fraicheur dont seul Paradise connait le secret gorg\u00e9 de fruit, de sucre et de menthe agr\u00e9able pour votre cigarette \u00e9lectronique de chez Good Vapes Casablanca. Saveurs : Fraises \/ Melons [&hellip;]<\/p>\n","protected":false},"featured_media":24821,"comment_status":"open","ping_status":"closed","template":"","meta":{"om_disable_all_campaigns":false,"_monsterinsights_skip_tracking":false,"_monsterinsights_sitenote_active":false,"_monsterinsights_sitenote_note":"","_monsterinsights_sitenote_category":0},"product_brand":[],"product_cat":[270,271,284],"product_tag":[],"class_list":{"0":"post-28733","1":"product","2":"type-product","3":"status-publish","4":"has-post-thumbnail","6":"product_cat-e-liquides","7":"product_cat-nos-marques-e-liquides","8":"product_cat-paradise-60ml","11":"first","12":"instock","13":"featured","14":"shipping-taxable","15":"purchasable","16":"product-type-variable"},"aioseo_notices":[],"jetpack_sharing_enabled":true,"_links":{"self":[{"href":"https:\/\/normandie.ma\/index.php?rest_route=\/wp\/v2\/product\/28733","targetHints":{"allow":["GET"]}}],"collection":[{"href":"https:\/\/normandie.ma\/index.php?rest_route=\/wp\/v2\/product"}],"about":[{"href":"https:\/\/normandie.ma\/index.php?rest_route=\/wp\/v2\/types\/product"}],"replies":[{"embeddable":true,"href":"https:\/\/normandie.ma\/index.php?rest_route=%2Fwp%2Fv2%2Fcomments&post=28733"}],"wp:featuredmedia":[{"embeddable":true,"href":"https:\/\/normandie.ma\/index.php?rest_route=\/wp\/v2\/media\/24821"}],"wp:attachment":[{"href":"https:\/\/normandie.ma\/index.php?rest_route=%2Fwp%2Fv2%2Fmedia&parent=28733"}],"wp:term":[{"taxonomy":"product_brand","embeddable":true,"href":"https:\/\/normandie.ma\/index.php?rest_route=%2Fwp%2Fv2%2Fproduct_brand&post=28733"},{"taxonomy":"product_cat","embeddable":true,"href":"https:\/\/normandie.ma\/index.php?rest_route=%2Fwp%2Fv2%2Fproduct_cat&post=28733"},{"taxonomy":"product_tag","embeddable":true,"href":"https:\/\/normandie.ma\/index.php?rest_route=%2Fwp%2Fv2%2Fproduct_tag&post=28733"}],"curies":[{"name":"wp","href":"https:\/\/api.w.org\/{rel}","templated":true}]}}