{"id":28734,"date":"2023-05-06T18:57:29","date_gmt":"2023-05-06T18:57:29","guid":{"rendered":"https:\/\/normandie.ma\/?product=paradise-raw-mango-e-liquide-60ml"},"modified":"2023-06-14T00:03:17","modified_gmt":"2023-06-14T00:03:17","slug":"paradise-raw-mango-e-liquide-60ml","status":"publish","type":"product","link":"https:\/\/normandie.ma\/?product=paradise-raw-mango-e-liquide-60ml","title":{"rendered":"Paradise \u2013 Raw Mango \u2013 E-liquide 60ml"},"content":{"rendered":"<p>Voil\u00e0 le Paradise Raw Mango, Le Raw Mango est un E-liquide fait \u00e0 la mangue mais pas n\u2019importe quelle mangue que vous connaissez, mais il s\u2019agit plut\u00f4t de la reine des Mangues. Appr\u00e9ciez une saveur de d\u00e9licieuse mangue, gorg\u00e9e de soleil et juteuse comme vous le souhaitez, \u00e0 l\u2019aide de notre cigarette \u00e9lectronique de chez Good Vapes Casablanca.<\/p>\n<p>Saveurs : Mangues<\/p>\n","protected":false},"excerpt":{"rendered":"<p>Voil\u00e0 le Paradise Raw Mango, Le Raw Mango est un E-liquide fait \u00e0 la mangue mais pas n\u2019importe quelle mangue que vous connaissez, mais il s\u2019agit plut\u00f4t de la reine des Mangues. Appr\u00e9ciez une saveur de d\u00e9licieuse mangue, gorg\u00e9e de soleil et juteuse comme vous le souhaitez, \u00e0 l\u2019aide de notre cigarette \u00e9lectronique de chez [&hellip;]<\/p>\n","protected":false},"featured_media":24822,"comment_status":"open","ping_status":"closed","template":"","meta":{"om_disable_all_campaigns":false,"_monsterinsights_skip_tracking":false,"_monsterinsights_sitenote_active":false,"_monsterinsights_sitenote_note":"","_monsterinsights_sitenote_category":0},"product_brand":[],"product_cat":[270,271,284],"product_tag":[],"class_list":{"0":"post-28734","1":"product","2":"type-product","3":"status-publish","4":"has-post-thumbnail","6":"product_cat-e-liquides","7":"product_cat-nos-marques-e-liquides","8":"product_cat-paradise-60ml","11":"first","12":"instock","13":"featured","14":"shipping-taxable","15":"purchasable","16":"product-type-variable"},"aioseo_notices":[],"jetpack_sharing_enabled":true,"_links":{"self":[{"href":"https:\/\/normandie.ma\/index.php?rest_route=\/wp\/v2\/product\/28734","targetHints":{"allow":["GET"]}}],"collection":[{"href":"https:\/\/normandie.ma\/index.php?rest_route=\/wp\/v2\/product"}],"about":[{"href":"https:\/\/normandie.ma\/index.php?rest_route=\/wp\/v2\/types\/product"}],"replies":[{"embeddable":true,"href":"https:\/\/normandie.ma\/index.php?rest_route=%2Fwp%2Fv2%2Fcomments&post=28734"}],"wp:featuredmedia":[{"embeddable":true,"href":"https:\/\/normandie.ma\/index.php?rest_route=\/wp\/v2\/media\/24822"}],"wp:attachment":[{"href":"https:\/\/normandie.ma\/index.php?rest_route=%2Fwp%2Fv2%2Fmedia&parent=28734"}],"wp:term":[{"taxonomy":"product_brand","embeddable":true,"href":"https:\/\/normandie.ma\/index.php?rest_route=%2Fwp%2Fv2%2Fproduct_brand&post=28734"},{"taxonomy":"product_cat","embeddable":true,"href":"https:\/\/normandie.ma\/index.php?rest_route=%2Fwp%2Fv2%2Fproduct_cat&post=28734"},{"taxonomy":"product_tag","embeddable":true,"href":"https:\/\/normandie.ma\/index.php?rest_route=%2Fwp%2Fv2%2Fproduct_tag&post=28734"}],"curies":[{"name":"wp","href":"https:\/\/api.w.org\/{rel}","templated":true}]}}