{"id":28745,"date":"2023-05-06T18:57:36","date_gmt":"2023-05-06T18:57:36","guid":{"rendered":"https:\/\/normandie.ma\/?product=beard-the-one-blueberry-100ml"},"modified":"2023-05-15T00:34:33","modified_gmt":"2023-05-15T00:34:33","slug":"beard-the-one-blueberry-100ml","status":"publish","type":"product","link":"https:\/\/normandie.ma\/?product=beard-the-one-blueberry-100ml","title":{"rendered":"Beard \u2013 The One Blueberry 100ml"},"content":{"rendered":"<p>Le One Blueberry de Beard Vape Co. est un d\u00e9licieux m\u00e9lange de beignets frais cuits au four, de c\u00e9r\u00e9ales sucr\u00e9es croquants et de myrtilles juteuses, tremp\u00e9s dans du lait glac\u00e9 onctueux et rafra\u00eechissant pour une vape \u00e0 la p\u00e2te laiteuse et fruit\u00e9e. Pour une bonne exp\u00e9rience de vape \u00e0 l\u2019aide de notre cigarette \u00e9lectronique de votre marque pr\u00e9f\u00e9r\u00e9e de chez Good Vapes Casablanca. Un condens\u00e9 de saveur gourmande pour une exp\u00e9rience extr\u00eamement fondante et irr\u00e9sistiblement sucr\u00e9e !<\/p>\n<p>Saveurs : Beignet \/ C\u00e9r\u00e9ales \/ Myrtilles \/ Lait glac\u00e9<\/p>\n","protected":false},"excerpt":{"rendered":"<p>Le One Blueberry de Beard Vape Co. est un d\u00e9licieux m\u00e9lange de beignets frais cuits au four, de c\u00e9r\u00e9ales sucr\u00e9es croquants et de myrtilles juteuses, tremp\u00e9s dans du lait glac\u00e9 onctueux et rafra\u00eechissant pour une vape \u00e0 la p\u00e2te laiteuse et fruit\u00e9e. Pour une bonne exp\u00e9rience de vape \u00e0 l\u2019aide de notre cigarette \u00e9lectronique de [&hellip;]<\/p>\n","protected":false},"featured_media":24833,"comment_status":"open","ping_status":"closed","template":"","meta":{"om_disable_all_campaigns":false,"_monsterinsights_skip_tracking":false,"_monsterinsights_sitenote_active":false,"_monsterinsights_sitenote_note":"","_monsterinsights_sitenote_category":0},"product_brand":[],"product_cat":[287,270,271],"product_tag":[],"class_list":{"0":"post-28745","1":"product","2":"type-product","3":"status-publish","4":"has-post-thumbnail","6":"product_cat-beard-100ml","7":"product_cat-e-liquides","8":"product_cat-nos-marques-e-liquides","11":"first","12":"instock","13":"featured","14":"shipping-taxable","15":"purchasable","16":"product-type-variable"},"aioseo_notices":[],"jetpack_sharing_enabled":true,"_links":{"self":[{"href":"https:\/\/normandie.ma\/index.php?rest_route=\/wp\/v2\/product\/28745","targetHints":{"allow":["GET"]}}],"collection":[{"href":"https:\/\/normandie.ma\/index.php?rest_route=\/wp\/v2\/product"}],"about":[{"href":"https:\/\/normandie.ma\/index.php?rest_route=\/wp\/v2\/types\/product"}],"replies":[{"embeddable":true,"href":"https:\/\/normandie.ma\/index.php?rest_route=%2Fwp%2Fv2%2Fcomments&post=28745"}],"wp:featuredmedia":[{"embeddable":true,"href":"https:\/\/normandie.ma\/index.php?rest_route=\/wp\/v2\/media\/24833"}],"wp:attachment":[{"href":"https:\/\/normandie.ma\/index.php?rest_route=%2Fwp%2Fv2%2Fmedia&parent=28745"}],"wp:term":[{"taxonomy":"product_brand","embeddable":true,"href":"https:\/\/normandie.ma\/index.php?rest_route=%2Fwp%2Fv2%2Fproduct_brand&post=28745"},{"taxonomy":"product_cat","embeddable":true,"href":"https:\/\/normandie.ma\/index.php?rest_route=%2Fwp%2Fv2%2Fproduct_cat&post=28745"},{"taxonomy":"product_tag","embeddable":true,"href":"https:\/\/normandie.ma\/index.php?rest_route=%2Fwp%2Fv2%2Fproduct_tag&post=28745"}],"curies":[{"name":"wp","href":"https:\/\/api.w.org\/{rel}","templated":true}]}}