{"id":28748,"date":"2023-05-06T18:57:37","date_gmt":"2023-05-06T18:57:37","guid":{"rendered":"https:\/\/normandie.ma\/?product=creamy-cool-strawberry-custard-e-liquide-30ml"},"modified":"2023-05-15T00:33:53","modified_gmt":"2023-05-15T00:33:53","slug":"creamy-cool-strawberry-custard-e-liquide-30ml","status":"publish","type":"product","link":"https:\/\/normandie.ma\/?product=creamy-cool-strawberry-custard-e-liquide-30ml","title":{"rendered":"Creamy \u2013 Cool Strawberry Custard \u2013 E-liquide 30ml"},"content":{"rendered":"<p>Le Cool Strawberry Custard de Creamy est une d\u00e9licieuse combinaison de lait infus\u00e9 avec un l\u00e9ger ar\u00f4me de cr\u00e8me glac\u00e9e fra\u00eeche et de fraises, rafra\u00eechissant pour une vape au lait et fruit\u00e9e. Une saveur fruit\u00e9e condens\u00e9e pour une exp\u00e9rience tr\u00e8s douce et irr\u00e9sistiblement sucr\u00e9e. Vous devez l\u2019essayer avec l\u2019une de nos cigarettes \u00e9lectroniques Good Vapes Casablanca.<\/p>\n<p>Saveurs : Glace fra\u00eeche \/ Fraises<\/p>\n","protected":false},"excerpt":{"rendered":"<p>Le Cool Strawberry Custard de Creamy est une d\u00e9licieuse combinaison de lait infus\u00e9 avec un l\u00e9ger ar\u00f4me de cr\u00e8me glac\u00e9e fra\u00eeche et de fraises, rafra\u00eechissant pour une vape au lait et fruit\u00e9e. Une saveur fruit\u00e9e condens\u00e9e pour une exp\u00e9rience tr\u00e8s douce et irr\u00e9sistiblement sucr\u00e9e. Vous devez l\u2019essayer avec l\u2019une de nos cigarettes \u00e9lectroniques Good Vapes [&hellip;]<\/p>\n","protected":false},"featured_media":24836,"comment_status":"open","ping_status":"closed","template":"","meta":{"om_disable_all_campaigns":false,"_monsterinsights_skip_tracking":false,"_monsterinsights_sitenote_active":false,"_monsterinsights_sitenote_note":"","_monsterinsights_sitenote_category":0},"product_brand":[],"product_cat":[289,270,271],"product_tag":[],"class_list":{"0":"post-28748","1":"product","2":"type-product","3":"status-publish","4":"has-post-thumbnail","6":"product_cat-creamy-30ml","7":"product_cat-e-liquides","8":"product_cat-nos-marques-e-liquides","11":"first","12":"instock","13":"featured","14":"shipping-taxable","15":"purchasable","16":"product-type-variable"},"aioseo_notices":[],"jetpack_sharing_enabled":true,"_links":{"self":[{"href":"https:\/\/normandie.ma\/index.php?rest_route=\/wp\/v2\/product\/28748","targetHints":{"allow":["GET"]}}],"collection":[{"href":"https:\/\/normandie.ma\/index.php?rest_route=\/wp\/v2\/product"}],"about":[{"href":"https:\/\/normandie.ma\/index.php?rest_route=\/wp\/v2\/types\/product"}],"replies":[{"embeddable":true,"href":"https:\/\/normandie.ma\/index.php?rest_route=%2Fwp%2Fv2%2Fcomments&post=28748"}],"wp:featuredmedia":[{"embeddable":true,"href":"https:\/\/normandie.ma\/index.php?rest_route=\/wp\/v2\/media\/24836"}],"wp:attachment":[{"href":"https:\/\/normandie.ma\/index.php?rest_route=%2Fwp%2Fv2%2Fmedia&parent=28748"}],"wp:term":[{"taxonomy":"product_brand","embeddable":true,"href":"https:\/\/normandie.ma\/index.php?rest_route=%2Fwp%2Fv2%2Fproduct_brand&post=28748"},{"taxonomy":"product_cat","embeddable":true,"href":"https:\/\/normandie.ma\/index.php?rest_route=%2Fwp%2Fv2%2Fproduct_cat&post=28748"},{"taxonomy":"product_tag","embeddable":true,"href":"https:\/\/normandie.ma\/index.php?rest_route=%2Fwp%2Fv2%2Fproduct_tag&post=28748"}],"curies":[{"name":"wp","href":"https:\/\/api.w.org\/{rel}","templated":true}]}}