{"id":28759,"date":"2023-05-06T18:57:42","date_gmt":"2023-05-06T18:57:42","guid":{"rendered":"https:\/\/normandie.ma\/?product=euphoria-classic-purple-grape-e-liquide-30ml"},"modified":"2023-05-14T18:50:18","modified_gmt":"2023-05-14T18:50:18","slug":"euphoria-classic-purple-grape-e-liquide-30ml","status":"publish","type":"product","link":"https:\/\/normandie.ma\/?product=euphoria-classic-purple-grape-e-liquide-30ml","title":{"rendered":"Euphoria Classic \u2013 Purple Grape \u2013 E-liquide 30ml"},"content":{"rendered":"<p>Purple Grape de la marque Euphoria au caract\u00e8re atypique qui va vous impressionner ! Il a un d\u00e9licieux go\u00fbt de jus de raisin noir frais, plein de douceur et de l\u00e9g\u00e8ret\u00e9. Vous devriez absolument l\u2019essayer avec l\u2019une de nos cigarettes \u00e9lectroniques de la marque Good Vapes Casablanca.<\/p>\n<p>Saveurs : Raisins noirs<\/p>\n","protected":false},"excerpt":{"rendered":"<p>Purple Grape de la marque Euphoria au caract\u00e8re atypique qui va vous impressionner ! Il a un d\u00e9licieux go\u00fbt de jus de raisin noir frais, plein de douceur et de l\u00e9g\u00e8ret\u00e9. Vous devriez absolument l\u2019essayer avec l\u2019une de nos cigarettes \u00e9lectroniques de la marque Good Vapes Casablanca. Saveurs : Raisins noirs<\/p>\n","protected":false},"featured_media":24845,"comment_status":"open","ping_status":"closed","template":"","meta":{"om_disable_all_campaigns":false,"_monsterinsights_skip_tracking":false,"_monsterinsights_sitenote_active":false,"_monsterinsights_sitenote_note":"","_monsterinsights_sitenote_category":0},"product_brand":[],"product_cat":[270,290,271],"product_tag":[],"class_list":{"0":"post-28759","1":"product","2":"type-product","3":"status-publish","4":"has-post-thumbnail","6":"product_cat-e-liquides","7":"product_cat-euphoria-30ml","8":"product_cat-nos-marques-e-liquides","11":"first","12":"instock","13":"featured","14":"shipping-taxable","15":"purchasable","16":"product-type-variable"},"aioseo_notices":[],"jetpack_sharing_enabled":true,"_links":{"self":[{"href":"https:\/\/normandie.ma\/index.php?rest_route=\/wp\/v2\/product\/28759","targetHints":{"allow":["GET"]}}],"collection":[{"href":"https:\/\/normandie.ma\/index.php?rest_route=\/wp\/v2\/product"}],"about":[{"href":"https:\/\/normandie.ma\/index.php?rest_route=\/wp\/v2\/types\/product"}],"replies":[{"embeddable":true,"href":"https:\/\/normandie.ma\/index.php?rest_route=%2Fwp%2Fv2%2Fcomments&post=28759"}],"wp:featuredmedia":[{"embeddable":true,"href":"https:\/\/normandie.ma\/index.php?rest_route=\/wp\/v2\/media\/24845"}],"wp:attachment":[{"href":"https:\/\/normandie.ma\/index.php?rest_route=%2Fwp%2Fv2%2Fmedia&parent=28759"}],"wp:term":[{"taxonomy":"product_brand","embeddable":true,"href":"https:\/\/normandie.ma\/index.php?rest_route=%2Fwp%2Fv2%2Fproduct_brand&post=28759"},{"taxonomy":"product_cat","embeddable":true,"href":"https:\/\/normandie.ma\/index.php?rest_route=%2Fwp%2Fv2%2Fproduct_cat&post=28759"},{"taxonomy":"product_tag","embeddable":true,"href":"https:\/\/normandie.ma\/index.php?rest_route=%2Fwp%2Fv2%2Fproduct_tag&post=28759"}],"curies":[{"name":"wp","href":"https:\/\/api.w.org\/{rel}","templated":true}]}}