{"id":28770,"date":"2023-05-06T18:57:49","date_gmt":"2023-05-06T18:57:49","guid":{"rendered":"https:\/\/normandie.ma\/?product=hi-drip-guava-lava-ice-e-liquide-100ml"},"modified":"2023-06-13T23:50:45","modified_gmt":"2023-06-13T23:50:45","slug":"hi-drip-guava-lava-ice-e-liquide-100ml","status":"publish","type":"product","link":"https:\/\/normandie.ma\/?product=hi-drip-guava-lava-ice-e-liquide-100ml","title":{"rendered":"Hi-Drip \u2013 Guava Lava ICE \u2013 E-liquide 100ml"},"content":{"rendered":"<p>Hi-Drip Guava Lava est un bonbon \u00e0 m\u00e2cher rafra\u00eechissant aux fruits qui a \u00e9t\u00e9 m\u00e9lang\u00e9 avec des fraises sucr\u00e9es et juteuses et des goyaves acidul\u00e9es. Inspirez avec l\u2019une de nos cigarettes \u00e9lectroniques de chez Good Vapes Casablanca pour un go\u00fbt acidul\u00e9 qui \u00e9tanche instantan\u00e9ment votre soif et expirez une ru\u00e9e de fraises juteuses avec leur douceur naturelle devient plus forte \u00e0 chaque seconde.<\/p>\n<p>Saveurs : Bonbon \/ Fraise \/ Goyave<\/p>\n","protected":false},"excerpt":{"rendered":"<p>Hi-Drip Guava Lava est un bonbon \u00e0 m\u00e2cher rafra\u00eechissant aux fruits qui a \u00e9t\u00e9 m\u00e9lang\u00e9 avec des fraises sucr\u00e9es et juteuses et des goyaves acidul\u00e9es. Inspirez avec l\u2019une de nos cigarettes \u00e9lectroniques de chez Good Vapes Casablanca pour un go\u00fbt acidul\u00e9 qui \u00e9tanche instantan\u00e9ment votre soif et expirez une ru\u00e9e de fraises juteuses avec leur [&hellip;]<\/p>\n","protected":false},"featured_media":24856,"comment_status":"open","ping_status":"closed","template":"","meta":{"om_disable_all_campaigns":false,"_monsterinsights_skip_tracking":false,"_monsterinsights_sitenote_active":false,"_monsterinsights_sitenote_note":"","_monsterinsights_sitenote_category":0},"product_brand":[],"product_cat":[270,292,271],"product_tag":[],"class_list":{"0":"post-28770","1":"product","2":"type-product","3":"status-publish","4":"has-post-thumbnail","6":"product_cat-e-liquides","7":"product_cat-hi-drip-100ml","8":"product_cat-nos-marques-e-liquides","11":"first","12":"instock","13":"featured","14":"shipping-taxable","15":"purchasable","16":"product-type-variable"},"aioseo_notices":[],"jetpack_sharing_enabled":true,"_links":{"self":[{"href":"https:\/\/normandie.ma\/index.php?rest_route=\/wp\/v2\/product\/28770","targetHints":{"allow":["GET"]}}],"collection":[{"href":"https:\/\/normandie.ma\/index.php?rest_route=\/wp\/v2\/product"}],"about":[{"href":"https:\/\/normandie.ma\/index.php?rest_route=\/wp\/v2\/types\/product"}],"replies":[{"embeddable":true,"href":"https:\/\/normandie.ma\/index.php?rest_route=%2Fwp%2Fv2%2Fcomments&post=28770"}],"wp:featuredmedia":[{"embeddable":true,"href":"https:\/\/normandie.ma\/index.php?rest_route=\/wp\/v2\/media\/24856"}],"wp:attachment":[{"href":"https:\/\/normandie.ma\/index.php?rest_route=%2Fwp%2Fv2%2Fmedia&parent=28770"}],"wp:term":[{"taxonomy":"product_brand","embeddable":true,"href":"https:\/\/normandie.ma\/index.php?rest_route=%2Fwp%2Fv2%2Fproduct_brand&post=28770"},{"taxonomy":"product_cat","embeddable":true,"href":"https:\/\/normandie.ma\/index.php?rest_route=%2Fwp%2Fv2%2Fproduct_cat&post=28770"},{"taxonomy":"product_tag","embeddable":true,"href":"https:\/\/normandie.ma\/index.php?rest_route=%2Fwp%2Fv2%2Fproduct_tag&post=28770"}],"curies":[{"name":"wp","href":"https:\/\/api.w.org\/{rel}","templated":true}]}}