{"id":28774,"date":"2023-05-06T18:57:50","date_gmt":"2023-05-06T18:57:50","guid":{"rendered":"https:\/\/normandie.ma\/?product=lemonade-rush-pineapple-ade-30ml"},"modified":"2023-06-13T23:56:20","modified_gmt":"2023-06-13T23:56:20","slug":"lemonade-rush-pineapple-ade-30ml","status":"publish","type":"product","link":"https:\/\/normandie.ma\/?product=lemonade-rush-pineapple-ade-30ml","title":{"rendered":"Lemonade Rush \u2013 Pineapple ADE 30ml"},"content":{"rendered":"<p>L\u2019e-liquide Pineapple Ade 30ml de la marque Lemonade Rush est la boisson d\u2019\u00e9t\u00e9 par excellence avec une saveur de limonade rafra\u00eechissante \u00e0 l\u2019ananas doux ! L\u00e9g\u00e8re et rafra\u00eechissante, douce sans \u00eatre sucr\u00e9e, c\u2019est la boisson parfaite pour votre prochaine journ\u00e9e \u00e0 la plage !<\/p>\n<p>Saveur : Ananas<\/p>\n","protected":false},"excerpt":{"rendered":"<p>L\u2019e-liquide Pineapple Ade 30ml de la marque Lemonade Rush est la boisson d\u2019\u00e9t\u00e9 par excellence avec une saveur de limonade rafra\u00eechissante \u00e0 l\u2019ananas doux ! L\u00e9g\u00e8re et rafra\u00eechissante, douce sans \u00eatre sucr\u00e9e, c\u2019est la boisson parfaite pour votre prochaine journ\u00e9e \u00e0 la plage ! Saveur : Ananas<\/p>\n","protected":false},"featured_media":24860,"comment_status":"open","ping_status":"closed","template":"","meta":{"om_disable_all_campaigns":false,"_monsterinsights_skip_tracking":false,"_monsterinsights_sitenote_active":false,"_monsterinsights_sitenote_note":"","_monsterinsights_sitenote_category":0},"product_brand":[],"product_cat":[270,294,271],"product_tag":[],"class_list":{"0":"post-28774","1":"product","2":"type-product","3":"status-publish","4":"has-post-thumbnail","6":"product_cat-e-liquides","7":"product_cat-lemonade-rush-30ml","8":"product_cat-nos-marques-e-liquides","11":"first","12":"instock","13":"featured","14":"shipping-taxable","15":"purchasable","16":"product-type-variable"},"aioseo_notices":[],"jetpack_sharing_enabled":true,"_links":{"self":[{"href":"https:\/\/normandie.ma\/index.php?rest_route=\/wp\/v2\/product\/28774","targetHints":{"allow":["GET"]}}],"collection":[{"href":"https:\/\/normandie.ma\/index.php?rest_route=\/wp\/v2\/product"}],"about":[{"href":"https:\/\/normandie.ma\/index.php?rest_route=\/wp\/v2\/types\/product"}],"replies":[{"embeddable":true,"href":"https:\/\/normandie.ma\/index.php?rest_route=%2Fwp%2Fv2%2Fcomments&post=28774"}],"wp:featuredmedia":[{"embeddable":true,"href":"https:\/\/normandie.ma\/index.php?rest_route=\/wp\/v2\/media\/24860"}],"wp:attachment":[{"href":"https:\/\/normandie.ma\/index.php?rest_route=%2Fwp%2Fv2%2Fmedia&parent=28774"}],"wp:term":[{"taxonomy":"product_brand","embeddable":true,"href":"https:\/\/normandie.ma\/index.php?rest_route=%2Fwp%2Fv2%2Fproduct_brand&post=28774"},{"taxonomy":"product_cat","embeddable":true,"href":"https:\/\/normandie.ma\/index.php?rest_route=%2Fwp%2Fv2%2Fproduct_cat&post=28774"},{"taxonomy":"product_tag","embeddable":true,"href":"https:\/\/normandie.ma\/index.php?rest_route=%2Fwp%2Fv2%2Fproduct_tag&post=28774"}],"curies":[{"name":"wp","href":"https:\/\/api.w.org\/{rel}","templated":true}]}}