{"id":28776,"date":"2023-05-06T18:57:51","date_gmt":"2023-05-06T18:57:51","guid":{"rendered":"https:\/\/normandie.ma\/?product=lemonade-rush-apple-ade"},"modified":"2023-06-13T23:56:20","modified_gmt":"2023-06-13T23:56:20","slug":"lemonade-rush-apple-ade","status":"publish","type":"product","link":"https:\/\/normandie.ma\/?product=lemonade-rush-apple-ade","title":{"rendered":"Lemonade Rush \u2013 Apple ADE"},"content":{"rendered":"<p>L\u2019e-liquide Apple ADE 30ml de la marque Lemonade Rush qui va titiller vos papilles gustatives. Les amateurs de vape b\u00e9n\u00e9ficient d\u2019une exp\u00e9rience de vape sup\u00e9rieure tout au long de la journ\u00e9e.<\/p>\n","protected":false},"excerpt":{"rendered":"<p>L\u2019e-liquide Apple ADE 30ml de la marque Lemonade Rush qui va titiller vos papilles gustatives. Les amateurs de vape b\u00e9n\u00e9ficient d\u2019une exp\u00e9rience de vape sup\u00e9rieure tout au long de la journ\u00e9e.<\/p>\n","protected":false},"featured_media":24862,"comment_status":"open","ping_status":"closed","template":"","meta":{"om_disable_all_campaigns":false,"_monsterinsights_skip_tracking":false,"_monsterinsights_sitenote_active":false,"_monsterinsights_sitenote_note":"","_monsterinsights_sitenote_category":0},"product_brand":[],"product_cat":[270,294,271],"product_tag":[],"class_list":{"0":"post-28776","1":"product","2":"type-product","3":"status-publish","4":"has-post-thumbnail","6":"product_cat-e-liquides","7":"product_cat-lemonade-rush-30ml","8":"product_cat-nos-marques-e-liquides","11":"first","12":"instock","13":"featured","14":"shipping-taxable","15":"purchasable","16":"product-type-variable"},"aioseo_notices":[],"jetpack_sharing_enabled":true,"_links":{"self":[{"href":"https:\/\/normandie.ma\/index.php?rest_route=\/wp\/v2\/product\/28776","targetHints":{"allow":["GET"]}}],"collection":[{"href":"https:\/\/normandie.ma\/index.php?rest_route=\/wp\/v2\/product"}],"about":[{"href":"https:\/\/normandie.ma\/index.php?rest_route=\/wp\/v2\/types\/product"}],"replies":[{"embeddable":true,"href":"https:\/\/normandie.ma\/index.php?rest_route=%2Fwp%2Fv2%2Fcomments&post=28776"}],"wp:featuredmedia":[{"embeddable":true,"href":"https:\/\/normandie.ma\/index.php?rest_route=\/wp\/v2\/media\/24862"}],"wp:attachment":[{"href":"https:\/\/normandie.ma\/index.php?rest_route=%2Fwp%2Fv2%2Fmedia&parent=28776"}],"wp:term":[{"taxonomy":"product_brand","embeddable":true,"href":"https:\/\/normandie.ma\/index.php?rest_route=%2Fwp%2Fv2%2Fproduct_brand&post=28776"},{"taxonomy":"product_cat","embeddable":true,"href":"https:\/\/normandie.ma\/index.php?rest_route=%2Fwp%2Fv2%2Fproduct_cat&post=28776"},{"taxonomy":"product_tag","embeddable":true,"href":"https:\/\/normandie.ma\/index.php?rest_route=%2Fwp%2Fv2%2Fproduct_tag&post=28776"}],"curies":[{"name":"wp","href":"https:\/\/api.w.org\/{rel}","templated":true}]}}