{"id":28782,"date":"2023-05-06T18:57:54","date_gmt":"2023-05-06T18:57:54","guid":{"rendered":"https:\/\/normandie.ma\/?product=the-drip-factory-king-custard-e-liquide-60ml"},"modified":"2023-06-14T00:05:01","modified_gmt":"2023-06-14T00:05:01","slug":"the-drip-factory-king-custard-e-liquide-60ml","status":"publish","type":"product","link":"https:\/\/normandie.ma\/?product=the-drip-factory-king-custard-e-liquide-60ml","title":{"rendered":"The Drip Factory \u2013 King Custard \u2013 E-liquide 60ml"},"content":{"rendered":"<p>King Custard 60ml de The Drip Factory est un e-liquide qui va envahir votre palais d\u2019un plaisir gourmand \u00e0 savourer. Go\u00fbtez \u00e0 la d\u00e9licatesse du caramel, du butterscotch et du lait qui envahira votre palais d\u2019un plaisir gourmand \u00e0 d\u00e9guster. Le nouveau King Custard vous apporte le go\u00fbt onctueux d\u2019une cr\u00e8me caram\u00e9lis\u00e9e l\u00e9g\u00e8rement sucr\u00e9e inspir\u00e9e de la carte des plus grandes cr\u00e9ations p\u00e2tissi\u00e8res. Sp\u00e9cialement con\u00e7ue pour les amateurs de e-liquides gourmands, cette recette vous r\u00e9serve un v\u00e9ritable r\u00e9gal \u00e0 red\u00e9couvrir jour apr\u00e8s jour ! Vous devez absolument l\u2019essayer avec l\u2019une de nos cigarettes \u00e9lectroniques de la marque Good Vapes Casablanca.<\/p>\n<p>Saveurs : Caramel \/ Butterscotch \/ lait<\/p>\n","protected":false},"excerpt":{"rendered":"<p>King Custard 60ml de The Drip Factory est un e-liquide qui va envahir votre palais d\u2019un plaisir gourmand \u00e0 savourer. Go\u00fbtez \u00e0 la d\u00e9licatesse du caramel, du butterscotch et du lait qui envahira votre palais d\u2019un plaisir gourmand \u00e0 d\u00e9guster. Le nouveau King Custard vous apporte le go\u00fbt onctueux d\u2019une cr\u00e8me caram\u00e9lis\u00e9e l\u00e9g\u00e8rement sucr\u00e9e inspir\u00e9e [&hellip;]<\/p>\n","protected":false},"featured_media":24868,"comment_status":"open","ping_status":"closed","template":"","meta":{"om_disable_all_campaigns":false,"_monsterinsights_skip_tracking":false,"_monsterinsights_sitenote_active":false,"_monsterinsights_sitenote_note":"","_monsterinsights_sitenote_category":0},"product_brand":[],"product_cat":[270,271,297],"product_tag":[],"class_list":{"0":"post-28782","1":"product","2":"type-product","3":"status-publish","4":"has-post-thumbnail","6":"product_cat-e-liquides","7":"product_cat-nos-marques-e-liquides","8":"product_cat-the-drip-factory-60ml","11":"first","12":"instock","13":"featured","14":"shipping-taxable","15":"purchasable","16":"product-type-variable"},"aioseo_notices":[],"jetpack_sharing_enabled":true,"_links":{"self":[{"href":"https:\/\/normandie.ma\/index.php?rest_route=\/wp\/v2\/product\/28782","targetHints":{"allow":["GET"]}}],"collection":[{"href":"https:\/\/normandie.ma\/index.php?rest_route=\/wp\/v2\/product"}],"about":[{"href":"https:\/\/normandie.ma\/index.php?rest_route=\/wp\/v2\/types\/product"}],"replies":[{"embeddable":true,"href":"https:\/\/normandie.ma\/index.php?rest_route=%2Fwp%2Fv2%2Fcomments&post=28782"}],"wp:featuredmedia":[{"embeddable":true,"href":"https:\/\/normandie.ma\/index.php?rest_route=\/wp\/v2\/media\/24868"}],"wp:attachment":[{"href":"https:\/\/normandie.ma\/index.php?rest_route=%2Fwp%2Fv2%2Fmedia&parent=28782"}],"wp:term":[{"taxonomy":"product_brand","embeddable":true,"href":"https:\/\/normandie.ma\/index.php?rest_route=%2Fwp%2Fv2%2Fproduct_brand&post=28782"},{"taxonomy":"product_cat","embeddable":true,"href":"https:\/\/normandie.ma\/index.php?rest_route=%2Fwp%2Fv2%2Fproduct_cat&post=28782"},{"taxonomy":"product_tag","embeddable":true,"href":"https:\/\/normandie.ma\/index.php?rest_route=%2Fwp%2Fv2%2Fproduct_tag&post=28782"}],"curies":[{"name":"wp","href":"https:\/\/api.w.org\/{rel}","templated":true}]}}