{"id":28787,"date":"2023-05-06T18:57:56","date_gmt":"2023-05-06T18:57:56","guid":{"rendered":"https:\/\/normandie.ma\/?product=good-vapes-straw-melon-e-liquide-30ml-2"},"modified":"2023-06-13T22:43:00","modified_gmt":"2023-06-13T22:43:00","slug":"good-vapes-straw-melon-e-liquide-30ml-2","status":"publish","type":"product","link":"https:\/\/normandie.ma\/?product=good-vapes-straw-melon-e-liquide-30ml-2","title":{"rendered":"Good Vapes \u2013 Straw\u2019 Melon \u2013 E-liquide 30ml"},"content":{"rendered":"<p>Straw\u2019Melon est un e-liquide qui fait l\u2019association harmonieuse entre la past\u00e8que et la fraise. Un duo de fruits \u00e0 la fois juteux et frais pour une vapeur l\u00e9g\u00e8re et tr\u00e8s agr\u00e9able \u00e0 savourer \u00e0 longueur de journ\u00e9e! Vous devriez absolument l\u2019essayer avec l\u2019une de nos cigarettes \u00e9lectroniques de la marque Good Vapes Casablanca.<\/p>\n<p>Saveurs : Past\u00e8ques \/ Fraises<\/p>\n","protected":false},"excerpt":{"rendered":"<p>Straw\u2019Melon est un e-liquide qui fait l\u2019association harmonieuse entre la past\u00e8que et la fraise. Un duo de fruits \u00e0 la fois juteux et frais pour une vapeur l\u00e9g\u00e8re et tr\u00e8s agr\u00e9able \u00e0 savourer \u00e0 longueur de journ\u00e9e! Vous devriez absolument l\u2019essayer avec l\u2019une de nos cigarettes \u00e9lectroniques de la marque Good Vapes Casablanca. Saveurs : [&hellip;]<\/p>\n","protected":false},"featured_media":24871,"comment_status":"open","ping_status":"closed","template":"","meta":{"om_disable_all_campaigns":false,"_monsterinsights_skip_tracking":false,"_monsterinsights_sitenote_active":false,"_monsterinsights_sitenote_note":"","_monsterinsights_sitenote_category":0},"product_brand":[],"product_cat":[299,270,298],"product_tag":[],"class_list":{"0":"post-28787","1":"product","2":"type-product","3":"status-publish","4":"has-post-thumbnail","6":"product_cat-0mg","7":"product_cat-e-liquides","8":"product_cat-filtre-par-dosage-de-nicotine","11":"first","12":"instock","13":"featured","14":"shipping-taxable","15":"purchasable","16":"product-type-variable"},"aioseo_notices":[],"jetpack_sharing_enabled":true,"_links":{"self":[{"href":"https:\/\/normandie.ma\/index.php?rest_route=\/wp\/v2\/product\/28787","targetHints":{"allow":["GET"]}}],"collection":[{"href":"https:\/\/normandie.ma\/index.php?rest_route=\/wp\/v2\/product"}],"about":[{"href":"https:\/\/normandie.ma\/index.php?rest_route=\/wp\/v2\/types\/product"}],"replies":[{"embeddable":true,"href":"https:\/\/normandie.ma\/index.php?rest_route=%2Fwp%2Fv2%2Fcomments&post=28787"}],"wp:featuredmedia":[{"embeddable":true,"href":"https:\/\/normandie.ma\/index.php?rest_route=\/wp\/v2\/media\/24871"}],"wp:attachment":[{"href":"https:\/\/normandie.ma\/index.php?rest_route=%2Fwp%2Fv2%2Fmedia&parent=28787"}],"wp:term":[{"taxonomy":"product_brand","embeddable":true,"href":"https:\/\/normandie.ma\/index.php?rest_route=%2Fwp%2Fv2%2Fproduct_brand&post=28787"},{"taxonomy":"product_cat","embeddable":true,"href":"https:\/\/normandie.ma\/index.php?rest_route=%2Fwp%2Fv2%2Fproduct_cat&post=28787"},{"taxonomy":"product_tag","embeddable":true,"href":"https:\/\/normandie.ma\/index.php?rest_route=%2Fwp%2Fv2%2Fproduct_tag&post=28787"}],"curies":[{"name":"wp","href":"https:\/\/api.w.org\/{rel}","templated":true}]}}