{"id":28814,"date":"2023-05-06T18:58:08","date_gmt":"2023-05-06T18:58:08","guid":{"rendered":"https:\/\/normandie.ma\/?product=good-vapes-tropical-freeze-fruite-30ml-3"},"modified":"2023-05-06T18:58:08","modified_gmt":"2023-05-06T18:58:08","slug":"good-vapes-tropical-freeze-fruite-30ml-3","status":"publish","type":"product","link":"https:\/\/normandie.ma\/?product=good-vapes-tropical-freeze-fruite-30ml-3","title":{"rendered":"Good Vapes \u2013 Tropical Freeze \u2013 Fruit\u00e9 30ml"},"content":{"rendered":"<p>Tropical Freeze est un parfum de mangue douce m\u00eal\u00e9e \u00e0 de l\u2019orange et de la menthe pour un vapotage agr\u00e9ablement l\u00e9ger. Ce go\u00fbt de mangue, g\u00e9n\u00e9reusement juteuse, et d\u2019orange, tendrement acidul\u00e9e, auquel s\u2019ajoute une touche menthol\u00e9e vous donnera un r\u00e9el effet de fra\u00eecheur. Vous devriez absolument l\u2019essayer avec l\u2019une de nos cigarettes \u00e9lectroniques de la marque Good Vapes Casablanca.<\/p>\n<p>Saveurs : Mangue \/ Orange \/ Menthe<\/p>\n","protected":false},"excerpt":{"rendered":"<p>Tropical Freeze est un parfum de mangue douce m\u00eal\u00e9e \u00e0 de l\u2019orange et de la menthe pour un vapotage agr\u00e9ablement l\u00e9ger. Ce go\u00fbt de mangue, g\u00e9n\u00e9reusement juteuse, et d\u2019orange, tendrement acidul\u00e9e, auquel s\u2019ajoute une touche menthol\u00e9e vous donnera un r\u00e9el effet de fra\u00eecheur. Vous devriez absolument l\u2019essayer avec l\u2019une de nos cigarettes \u00e9lectroniques de la [&hellip;]<\/p>\n","protected":false},"featured_media":24888,"comment_status":"open","ping_status":"closed","template":"","meta":{"om_disable_all_campaigns":false,"_monsterinsights_skip_tracking":false,"_monsterinsights_sitenote_active":false,"_monsterinsights_sitenote_note":"","_monsterinsights_sitenote_category":0},"product_brand":[],"product_cat":[300,270,298],"product_tag":[],"class_list":{"0":"post-28814","1":"product","2":"type-product","3":"status-publish","4":"has-post-thumbnail","6":"product_cat-03mg","7":"product_cat-e-liquides","8":"product_cat-filtre-par-dosage-de-nicotine","11":"first","12":"instock","13":"featured","14":"shipping-taxable","15":"purchasable","16":"product-type-simple"},"aioseo_notices":[],"jetpack_sharing_enabled":true,"_links":{"self":[{"href":"https:\/\/normandie.ma\/index.php?rest_route=\/wp\/v2\/product\/28814","targetHints":{"allow":["GET"]}}],"collection":[{"href":"https:\/\/normandie.ma\/index.php?rest_route=\/wp\/v2\/product"}],"about":[{"href":"https:\/\/normandie.ma\/index.php?rest_route=\/wp\/v2\/types\/product"}],"replies":[{"embeddable":true,"href":"https:\/\/normandie.ma\/index.php?rest_route=%2Fwp%2Fv2%2Fcomments&post=28814"}],"wp:featuredmedia":[{"embeddable":true,"href":"https:\/\/normandie.ma\/index.php?rest_route=\/wp\/v2\/media\/24888"}],"wp:attachment":[{"href":"https:\/\/normandie.ma\/index.php?rest_route=%2Fwp%2Fv2%2Fmedia&parent=28814"}],"wp:term":[{"taxonomy":"product_brand","embeddable":true,"href":"https:\/\/normandie.ma\/index.php?rest_route=%2Fwp%2Fv2%2Fproduct_brand&post=28814"},{"taxonomy":"product_cat","embeddable":true,"href":"https:\/\/normandie.ma\/index.php?rest_route=%2Fwp%2Fv2%2Fproduct_cat&post=28814"},{"taxonomy":"product_tag","embeddable":true,"href":"https:\/\/normandie.ma\/index.php?rest_route=%2Fwp%2Fv2%2Fproduct_tag&post=28814"}],"curies":[{"name":"wp","href":"https:\/\/api.w.org\/{rel}","templated":true}]}}