{"id":28819,"date":"2023-05-06T18:58:11","date_gmt":"2023-05-06T18:58:11","guid":{"rendered":"https:\/\/normandie.ma\/?product=aurora-e-liquids-cerise-banane-poire-e-liquide-30ml-2"},"modified":"2023-05-11T19:34:32","modified_gmt":"2023-05-11T19:34:32","slug":"aurora-e-liquids-cerise-banane-poire-e-liquide-30ml-2","status":"publish","type":"product","link":"https:\/\/normandie.ma\/?product=aurora-e-liquids-cerise-banane-poire-e-liquide-30ml-2","title":{"rendered":"Aurora E-liquids \u2013 Cerise Banane Poire \u2013 E-liquide 30ml"},"content":{"rendered":"<p>Un m\u00e9lange exquis compos\u00e9 de banane cr\u00e9meuse et parfaitement m\u00fbre et de cerise pulpeuse et de poire juteuse, impossible \u00e0 reproduire. Prenez une bouteille et faites l\u2019exp\u00e9rience d\u2019un mariage r\u00eaveur et parfaitement \u00e9quilibr\u00e9 de saveurs fruit\u00e9es s\u00e9duisantes.<\/p>\n<p>Saveurs : Banane \/ Poire \/ Cerise<\/p>\n","protected":false},"excerpt":{"rendered":"<p>Un m\u00e9lange exquis compos\u00e9 de banane cr\u00e9meuse et parfaitement m\u00fbre et de cerise pulpeuse et de poire juteuse, impossible \u00e0 reproduire. Prenez une bouteille et faites l\u2019exp\u00e9rience d\u2019un mariage r\u00eaveur et parfaitement \u00e9quilibr\u00e9 de saveurs fruit\u00e9es s\u00e9duisantes. Saveurs : Banane \/ Poire \/ Cerise<\/p>\n","protected":false},"featured_media":24891,"comment_status":"open","ping_status":"closed","template":"","meta":{"om_disable_all_campaigns":false,"_monsterinsights_skip_tracking":false,"_monsterinsights_sitenote_active":false,"_monsterinsights_sitenote_note":"","_monsterinsights_sitenote_category":0},"product_brand":[],"product_cat":[300,270,298],"product_tag":[],"class_list":{"0":"post-28819","1":"product","2":"type-product","3":"status-publish","4":"has-post-thumbnail","6":"product_cat-03mg","7":"product_cat-e-liquides","8":"product_cat-filtre-par-dosage-de-nicotine","11":"first","12":"instock","13":"featured","14":"shipping-taxable","15":"purchasable","16":"product-type-variable"},"aioseo_notices":[],"jetpack_sharing_enabled":true,"_links":{"self":[{"href":"https:\/\/normandie.ma\/index.php?rest_route=\/wp\/v2\/product\/28819","targetHints":{"allow":["GET"]}}],"collection":[{"href":"https:\/\/normandie.ma\/index.php?rest_route=\/wp\/v2\/product"}],"about":[{"href":"https:\/\/normandie.ma\/index.php?rest_route=\/wp\/v2\/types\/product"}],"replies":[{"embeddable":true,"href":"https:\/\/normandie.ma\/index.php?rest_route=%2Fwp%2Fv2%2Fcomments&post=28819"}],"wp:featuredmedia":[{"embeddable":true,"href":"https:\/\/normandie.ma\/index.php?rest_route=\/wp\/v2\/media\/24891"}],"wp:attachment":[{"href":"https:\/\/normandie.ma\/index.php?rest_route=%2Fwp%2Fv2%2Fmedia&parent=28819"}],"wp:term":[{"taxonomy":"product_brand","embeddable":true,"href":"https:\/\/normandie.ma\/index.php?rest_route=%2Fwp%2Fv2%2Fproduct_brand&post=28819"},{"taxonomy":"product_cat","embeddable":true,"href":"https:\/\/normandie.ma\/index.php?rest_route=%2Fwp%2Fv2%2Fproduct_cat&post=28819"},{"taxonomy":"product_tag","embeddable":true,"href":"https:\/\/normandie.ma\/index.php?rest_route=%2Fwp%2Fv2%2Fproduct_tag&post=28819"}],"curies":[{"name":"wp","href":"https:\/\/api.w.org\/{rel}","templated":true}]}}