{"id":28822,"date":"2023-05-06T18:58:12","date_gmt":"2023-05-06T18:58:12","guid":{"rendered":"https:\/\/normandie.ma\/?product=good-vapes-melon-cream-30ml-2"},"modified":"2023-05-11T19:33:38","modified_gmt":"2023-05-11T19:33:38","slug":"good-vapes-melon-cream-30ml-2","status":"publish","type":"product","link":"https:\/\/normandie.ma\/?product=good-vapes-melon-cream-30ml-2","title":{"rendered":"Good Vapes \u2013 Melon Cream 30ml"},"content":{"rendered":"<p>Melon Cream est l\u2019e-liquide parfait pour se d\u00e9tendre lors d\u2019une journ\u00e9e chaude. Avec un d\u00e9but de vapotage glac\u00e9 et une expiration follement sucr\u00e9e, Melon Cream est s\u00fbr de vous satisfaire avec son go\u00fbt pur et sucr\u00e9. Il contient du melon vert renforc\u00e9 par une touche glac\u00e9e qui donne un ar\u00f4me rafra\u00eechissant et extr\u00eamement agr\u00e9able.<\/p>\n<p>Saveur : Melon<\/p>\n","protected":false},"excerpt":{"rendered":"<p>Melon Cream est l\u2019e-liquide parfait pour se d\u00e9tendre lors d\u2019une journ\u00e9e chaude. Avec un d\u00e9but de vapotage glac\u00e9 et une expiration follement sucr\u00e9e, Melon Cream est s\u00fbr de vous satisfaire avec son go\u00fbt pur et sucr\u00e9. Il contient du melon vert renforc\u00e9 par une touche glac\u00e9e qui donne un ar\u00f4me rafra\u00eechissant et extr\u00eamement agr\u00e9able. Saveur [&hellip;]<\/p>\n","protected":false},"featured_media":24894,"comment_status":"open","ping_status":"closed","template":"","meta":{"om_disable_all_campaigns":false,"_monsterinsights_skip_tracking":false,"_monsterinsights_sitenote_active":false,"_monsterinsights_sitenote_note":"","_monsterinsights_sitenote_category":0},"product_brand":[],"product_cat":[300,270,298],"product_tag":[],"class_list":{"0":"post-28822","1":"product","2":"type-product","3":"status-publish","4":"has-post-thumbnail","6":"product_cat-03mg","7":"product_cat-e-liquides","8":"product_cat-filtre-par-dosage-de-nicotine","11":"first","12":"instock","13":"featured","14":"shipping-taxable","15":"purchasable","16":"product-type-variable"},"aioseo_notices":[],"jetpack_sharing_enabled":true,"_links":{"self":[{"href":"https:\/\/normandie.ma\/index.php?rest_route=\/wp\/v2\/product\/28822","targetHints":{"allow":["GET"]}}],"collection":[{"href":"https:\/\/normandie.ma\/index.php?rest_route=\/wp\/v2\/product"}],"about":[{"href":"https:\/\/normandie.ma\/index.php?rest_route=\/wp\/v2\/types\/product"}],"replies":[{"embeddable":true,"href":"https:\/\/normandie.ma\/index.php?rest_route=%2Fwp%2Fv2%2Fcomments&post=28822"}],"wp:featuredmedia":[{"embeddable":true,"href":"https:\/\/normandie.ma\/index.php?rest_route=\/wp\/v2\/media\/24894"}],"wp:attachment":[{"href":"https:\/\/normandie.ma\/index.php?rest_route=%2Fwp%2Fv2%2Fmedia&parent=28822"}],"wp:term":[{"taxonomy":"product_brand","embeddable":true,"href":"https:\/\/normandie.ma\/index.php?rest_route=%2Fwp%2Fv2%2Fproduct_brand&post=28822"},{"taxonomy":"product_cat","embeddable":true,"href":"https:\/\/normandie.ma\/index.php?rest_route=%2Fwp%2Fv2%2Fproduct_cat&post=28822"},{"taxonomy":"product_tag","embeddable":true,"href":"https:\/\/normandie.ma\/index.php?rest_route=%2Fwp%2Fv2%2Fproduct_tag&post=28822"}],"curies":[{"name":"wp","href":"https:\/\/api.w.org\/{rel}","templated":true}]}}