{"id":28828,"date":"2023-05-06T18:58:16","date_gmt":"2023-05-06T18:58:16","guid":{"rendered":"https:\/\/normandie.ma\/?product=verdict-vapors-pink-e-liquide-30ml"},"modified":"2023-05-11T19:26:07","modified_gmt":"2023-05-11T19:26:07","slug":"verdict-vapors-pink-e-liquide-30ml","status":"publish","type":"product","link":"https:\/\/normandie.ma\/?product=verdict-vapors-pink-e-liquide-30ml","title":{"rendered":"Verdict Vapors \u2013 Pink \u2013 E-liquide 30ml"},"content":{"rendered":"<p>L\u2019e-liquide Pink 30ml de la marque Verdict Vapors est un m\u00e9lange de tout ce qui est rose et sucr\u00e9. Sa saveur peut \u00eatre d\u00e9crite comme un m\u00e9lange de bonbons moelleux et un soup\u00e7on de melonade. C\u2019est vraiment une saveur unique ! Vous devez absolument l\u2019essayer avec l\u2019une de nos cigarettes \u00e9lectroniques de la marque Good Vapes Casablanca.<\/p>\n<p>Saveurs : Bonbons \/ Melonade<\/p>\n","protected":false},"excerpt":{"rendered":"<p>L\u2019e-liquide Pink 30ml de la marque Verdict Vapors est un m\u00e9lange de tout ce qui est rose et sucr\u00e9. Sa saveur peut \u00eatre d\u00e9crite comme un m\u00e9lange de bonbons moelleux et un soup\u00e7on de melonade. C\u2019est vraiment une saveur unique ! Vous devez absolument l\u2019essayer avec l\u2019une de nos cigarettes \u00e9lectroniques de la marque Good [&hellip;]<\/p>\n","protected":false},"featured_media":24900,"comment_status":"open","ping_status":"closed","template":"","meta":{"om_disable_all_campaigns":false,"_monsterinsights_skip_tracking":false,"_monsterinsights_sitenote_active":false,"_monsterinsights_sitenote_note":"","_monsterinsights_sitenote_category":0},"product_brand":[],"product_cat":[300,270,298],"product_tag":[],"class_list":{"0":"post-28828","1":"product","2":"type-product","3":"status-publish","4":"has-post-thumbnail","6":"product_cat-03mg","7":"product_cat-e-liquides","8":"product_cat-filtre-par-dosage-de-nicotine","11":"first","12":"instock","13":"featured","14":"shipping-taxable","15":"purchasable","16":"product-type-variable"},"aioseo_notices":[],"jetpack_sharing_enabled":true,"_links":{"self":[{"href":"https:\/\/normandie.ma\/index.php?rest_route=\/wp\/v2\/product\/28828","targetHints":{"allow":["GET"]}}],"collection":[{"href":"https:\/\/normandie.ma\/index.php?rest_route=\/wp\/v2\/product"}],"about":[{"href":"https:\/\/normandie.ma\/index.php?rest_route=\/wp\/v2\/types\/product"}],"replies":[{"embeddable":true,"href":"https:\/\/normandie.ma\/index.php?rest_route=%2Fwp%2Fv2%2Fcomments&post=28828"}],"wp:featuredmedia":[{"embeddable":true,"href":"https:\/\/normandie.ma\/index.php?rest_route=\/wp\/v2\/media\/24900"}],"wp:attachment":[{"href":"https:\/\/normandie.ma\/index.php?rest_route=%2Fwp%2Fv2%2Fmedia&parent=28828"}],"wp:term":[{"taxonomy":"product_brand","embeddable":true,"href":"https:\/\/normandie.ma\/index.php?rest_route=%2Fwp%2Fv2%2Fproduct_brand&post=28828"},{"taxonomy":"product_cat","embeddable":true,"href":"https:\/\/normandie.ma\/index.php?rest_route=%2Fwp%2Fv2%2Fproduct_cat&post=28828"},{"taxonomy":"product_tag","embeddable":true,"href":"https:\/\/normandie.ma\/index.php?rest_route=%2Fwp%2Fv2%2Fproduct_tag&post=28828"}],"curies":[{"name":"wp","href":"https:\/\/api.w.org\/{rel}","templated":true}]}}