{"id":28839,"date":"2023-05-06T18:58:20","date_gmt":"2023-05-06T18:58:20","guid":{"rendered":"https:\/\/normandie.ma\/?product=the-medusa-juice-pure-gold-fruite-60ml"},"modified":"2023-05-06T18:58:20","modified_gmt":"2023-05-06T18:58:20","slug":"the-medusa-juice-pure-gold-fruite-60ml","status":"publish","type":"product","link":"https:\/\/normandie.ma\/?product=the-medusa-juice-pure-gold-fruite-60ml","title":{"rendered":"The Medusa Juice \u2013 Pure Gold \u2013 Fruit\u00e9 60ml"},"content":{"rendered":"<p>L\u2019e-liquide Pure Gold 60ml de la marque The Medusa Juice, il s\u2019agit d\u2019un m\u00e9lange de poires, d\u2019abricots et de fraises gorg\u00e9 de soleil et de sucre rafra\u00eechissant. Le Pure Gold par Medusa vous r\u00e9v\u00e8lera son incroyable saveur tout au long de votre journ\u00e9e. Il vous offrira un moment de r\u00e9confort bien m\u00e9rit\u00e9 gr\u00e2ce \u00e0 sa composition all\u00e9chante et bien \u00e9quilibr\u00e9e. Vous devez absolument l\u2019essayer avec l\u2019une de nos cigarettes \u00e9lectroniques de la marque Good Vapes Casablanca.<\/p>\n<p>Saveurs : Poires \/ Abricots \/ Fraises \/ Fra\u00eecheur<\/p>\n","protected":false},"excerpt":{"rendered":"<p>L\u2019e-liquide Pure Gold 60ml de la marque The Medusa Juice, il s\u2019agit d\u2019un m\u00e9lange de poires, d\u2019abricots et de fraises gorg\u00e9 de soleil et de sucre rafra\u00eechissant. Le Pure Gold par Medusa vous r\u00e9v\u00e8lera son incroyable saveur tout au long de votre journ\u00e9e. Il vous offrira un moment de r\u00e9confort bien m\u00e9rit\u00e9 gr\u00e2ce \u00e0 sa [&hellip;]<\/p>\n","protected":false},"featured_media":24907,"comment_status":"open","ping_status":"closed","template":"","meta":{"om_disable_all_campaigns":false,"_monsterinsights_skip_tracking":false,"_monsterinsights_sitenote_active":false,"_monsterinsights_sitenote_note":"","_monsterinsights_sitenote_category":0},"product_brand":[],"product_cat":[300,270,298],"product_tag":[],"class_list":{"0":"post-28839","1":"product","2":"type-product","3":"status-publish","4":"has-post-thumbnail","6":"product_cat-03mg","7":"product_cat-e-liquides","8":"product_cat-filtre-par-dosage-de-nicotine","11":"first","12":"instock","13":"featured","14":"shipping-taxable","15":"purchasable","16":"product-type-simple"},"aioseo_notices":[],"jetpack_sharing_enabled":true,"_links":{"self":[{"href":"https:\/\/normandie.ma\/index.php?rest_route=\/wp\/v2\/product\/28839","targetHints":{"allow":["GET"]}}],"collection":[{"href":"https:\/\/normandie.ma\/index.php?rest_route=\/wp\/v2\/product"}],"about":[{"href":"https:\/\/normandie.ma\/index.php?rest_route=\/wp\/v2\/types\/product"}],"replies":[{"embeddable":true,"href":"https:\/\/normandie.ma\/index.php?rest_route=%2Fwp%2Fv2%2Fcomments&post=28839"}],"wp:featuredmedia":[{"embeddable":true,"href":"https:\/\/normandie.ma\/index.php?rest_route=\/wp\/v2\/media\/24907"}],"wp:attachment":[{"href":"https:\/\/normandie.ma\/index.php?rest_route=%2Fwp%2Fv2%2Fmedia&parent=28839"}],"wp:term":[{"taxonomy":"product_brand","embeddable":true,"href":"https:\/\/normandie.ma\/index.php?rest_route=%2Fwp%2Fv2%2Fproduct_brand&post=28839"},{"taxonomy":"product_cat","embeddable":true,"href":"https:\/\/normandie.ma\/index.php?rest_route=%2Fwp%2Fv2%2Fproduct_cat&post=28839"},{"taxonomy":"product_tag","embeddable":true,"href":"https:\/\/normandie.ma\/index.php?rest_route=%2Fwp%2Fv2%2Fproduct_tag&post=28839"}],"curies":[{"name":"wp","href":"https:\/\/api.w.org\/{rel}","templated":true}]}}