{"id":28843,"date":"2023-05-06T18:58:22","date_gmt":"2023-05-06T18:58:22","guid":{"rendered":"https:\/\/normandie.ma\/?product=zen-haus-rebirth-60ml"},"modified":"2023-05-11T17:06:46","modified_gmt":"2023-05-11T17:06:46","slug":"zen-haus-rebirth-60ml","status":"publish","type":"product","link":"https:\/\/normandie.ma\/?product=zen-haus-rebirth-60ml","title":{"rendered":"Zen Haus \u2013 Rebirth 60ml"},"content":{"rendered":"<p>D\u00e9couvrez avec nous le nouveau Rebirth de la marque Zen haus qui est fabriqu\u00e9 avec un m\u00e9lange revigorant de plusieurs fruits sucr\u00e9s. Ce m\u00e9lange exclusif comprend un joli m\u00e9lange de saveurs de nectarine, de framboise et de pomme. Notre but est de faire voyager vos papilles gustatives \u00e0 l\u2019aide de notre cigarette \u00e9lectronique de chez Good Vapes Casablanca.<\/p>\n<p>Saveurs : Nectarines \/ Framboises \/ Pommes<\/p>\n","protected":false},"excerpt":{"rendered":"<p>D\u00e9couvrez avec nous le nouveau Rebirth de la marque Zen haus qui est fabriqu\u00e9 avec un m\u00e9lange revigorant de plusieurs fruits sucr\u00e9s. Ce m\u00e9lange exclusif comprend un joli m\u00e9lange de saveurs de nectarine, de framboise et de pomme. Notre but est de faire voyager vos papilles gustatives \u00e0 l\u2019aide de notre cigarette \u00e9lectronique de chez [&hellip;]<\/p>\n","protected":false},"featured_media":24909,"comment_status":"open","ping_status":"closed","template":"","meta":{"om_disable_all_campaigns":false,"_monsterinsights_skip_tracking":false,"_monsterinsights_sitenote_active":false,"_monsterinsights_sitenote_note":"","_monsterinsights_sitenote_category":0},"product_brand":[],"product_cat":[300,270,298],"product_tag":[],"class_list":{"0":"post-28843","1":"product","2":"type-product","3":"status-publish","4":"has-post-thumbnail","6":"product_cat-03mg","7":"product_cat-e-liquides","8":"product_cat-filtre-par-dosage-de-nicotine","11":"first","12":"instock","13":"featured","14":"shipping-taxable","15":"purchasable","16":"product-type-variable"},"aioseo_notices":[],"jetpack_sharing_enabled":true,"_links":{"self":[{"href":"https:\/\/normandie.ma\/index.php?rest_route=\/wp\/v2\/product\/28843","targetHints":{"allow":["GET"]}}],"collection":[{"href":"https:\/\/normandie.ma\/index.php?rest_route=\/wp\/v2\/product"}],"about":[{"href":"https:\/\/normandie.ma\/index.php?rest_route=\/wp\/v2\/types\/product"}],"replies":[{"embeddable":true,"href":"https:\/\/normandie.ma\/index.php?rest_route=%2Fwp%2Fv2%2Fcomments&post=28843"}],"wp:featuredmedia":[{"embeddable":true,"href":"https:\/\/normandie.ma\/index.php?rest_route=\/wp\/v2\/media\/24909"}],"wp:attachment":[{"href":"https:\/\/normandie.ma\/index.php?rest_route=%2Fwp%2Fv2%2Fmedia&parent=28843"}],"wp:term":[{"taxonomy":"product_brand","embeddable":true,"href":"https:\/\/normandie.ma\/index.php?rest_route=%2Fwp%2Fv2%2Fproduct_brand&post=28843"},{"taxonomy":"product_cat","embeddable":true,"href":"https:\/\/normandie.ma\/index.php?rest_route=%2Fwp%2Fv2%2Fproduct_cat&post=28843"},{"taxonomy":"product_tag","embeddable":true,"href":"https:\/\/normandie.ma\/index.php?rest_route=%2Fwp%2Fv2%2Fproduct_tag&post=28843"}],"curies":[{"name":"wp","href":"https:\/\/api.w.org\/{rel}","templated":true}]}}