{"id":28844,"date":"2023-05-06T18:58:23","date_gmt":"2023-05-06T18:58:23","guid":{"rendered":"https:\/\/normandie.ma\/?product=zen-haus-serenity-e-liquide-60ml"},"modified":"2023-05-11T17:02:00","modified_gmt":"2023-05-11T17:02:00","slug":"zen-haus-serenity-e-liquide-60ml","status":"publish","type":"product","link":"https:\/\/normandie.ma\/?product=zen-haus-serenity-e-liquide-60ml","title":{"rendered":"Zen Haus \u2013 Serenity \u2013 E-liquide 60ml"},"content":{"rendered":"<p>Un m\u00e9lange exotique de mangues, d\u2019ananas dor\u00e9s et de noix de coco tropicales pour vous transporter, vous et vos papilles gustatives sur le rivage de votre plage immacul\u00e9e pr\u00e9f\u00e9r\u00e9e \u00e0 l\u2019aide de notre cigarette \u00e9lectronique de chez Good Vapes Casablanca.<\/p>\n<p>Saveurs : Mangues \/ Ananas \/ Noix de coco<\/p>\n","protected":false},"excerpt":{"rendered":"<p>Un m\u00e9lange exotique de mangues, d\u2019ananas dor\u00e9s et de noix de coco tropicales pour vous transporter, vous et vos papilles gustatives sur le rivage de votre plage immacul\u00e9e pr\u00e9f\u00e9r\u00e9e \u00e0 l\u2019aide de notre cigarette \u00e9lectronique de chez Good Vapes Casablanca. Saveurs : Mangues \/ Ananas \/ Noix de coco<\/p>\n","protected":false},"featured_media":24910,"comment_status":"open","ping_status":"closed","template":"","meta":{"om_disable_all_campaigns":false,"_monsterinsights_skip_tracking":false,"_monsterinsights_sitenote_active":false,"_monsterinsights_sitenote_note":"","_monsterinsights_sitenote_category":0},"product_brand":[],"product_cat":[300,270,298],"product_tag":[],"class_list":{"0":"post-28844","1":"product","2":"type-product","3":"status-publish","4":"has-post-thumbnail","6":"product_cat-03mg","7":"product_cat-e-liquides","8":"product_cat-filtre-par-dosage-de-nicotine","11":"first","12":"instock","13":"featured","14":"shipping-taxable","15":"purchasable","16":"product-type-variable"},"aioseo_notices":[],"jetpack_sharing_enabled":true,"_links":{"self":[{"href":"https:\/\/normandie.ma\/index.php?rest_route=\/wp\/v2\/product\/28844","targetHints":{"allow":["GET"]}}],"collection":[{"href":"https:\/\/normandie.ma\/index.php?rest_route=\/wp\/v2\/product"}],"about":[{"href":"https:\/\/normandie.ma\/index.php?rest_route=\/wp\/v2\/types\/product"}],"replies":[{"embeddable":true,"href":"https:\/\/normandie.ma\/index.php?rest_route=%2Fwp%2Fv2%2Fcomments&post=28844"}],"wp:featuredmedia":[{"embeddable":true,"href":"https:\/\/normandie.ma\/index.php?rest_route=\/wp\/v2\/media\/24910"}],"wp:attachment":[{"href":"https:\/\/normandie.ma\/index.php?rest_route=%2Fwp%2Fv2%2Fmedia&parent=28844"}],"wp:term":[{"taxonomy":"product_brand","embeddable":true,"href":"https:\/\/normandie.ma\/index.php?rest_route=%2Fwp%2Fv2%2Fproduct_brand&post=28844"},{"taxonomy":"product_cat","embeddable":true,"href":"https:\/\/normandie.ma\/index.php?rest_route=%2Fwp%2Fv2%2Fproduct_cat&post=28844"},{"taxonomy":"product_tag","embeddable":true,"href":"https:\/\/normandie.ma\/index.php?rest_route=%2Fwp%2Fv2%2Fproduct_tag&post=28844"}],"curies":[{"name":"wp","href":"https:\/\/api.w.org\/{rel}","templated":true}]}}