{"id":28845,"date":"2023-05-06T18:58:23","date_gmt":"2023-05-06T18:58:23","guid":{"rendered":"https:\/\/normandie.ma\/?product=zen-haus-nirvana-60ml"},"modified":"2023-05-11T17:03:08","modified_gmt":"2023-05-11T17:03:08","slug":"zen-haus-nirvana-60ml","status":"publish","type":"product","link":"https:\/\/normandie.ma\/?product=zen-haus-nirvana-60ml","title":{"rendered":"Zen Haus \u2013 Nirvana 60ml"},"content":{"rendered":"<p>Plongez vos papilles dans un nuage savoureux et sucr\u00e9 de mangues, de fruits de la passion et de fraises. Ce e-liquide vous promet un voyage gustatif enchant\u00e9 et vous assure une p\u00e9r\u00e9grination sans pr\u00e9c\u00e9dent ! Vous devriez absolument l\u2019essayer avec l\u2019une de nos cigarettes \u00e9lectroniques de la marque Good Vapes Casablanca.<\/p>\n<p>Saveurs : Mangue \/ Fruit de la passion \/ Fraises<\/p>\n","protected":false},"excerpt":{"rendered":"<p>Plongez vos papilles dans un nuage savoureux et sucr\u00e9 de mangues, de fruits de la passion et de fraises. Ce e-liquide vous promet un voyage gustatif enchant\u00e9 et vous assure une p\u00e9r\u00e9grination sans pr\u00e9c\u00e9dent ! Vous devriez absolument l\u2019essayer avec l\u2019une de nos cigarettes \u00e9lectroniques de la marque Good Vapes Casablanca. Saveurs : Mangue \/ [&hellip;]<\/p>\n","protected":false},"featured_media":24911,"comment_status":"open","ping_status":"closed","template":"","meta":{"om_disable_all_campaigns":false,"_monsterinsights_skip_tracking":false,"_monsterinsights_sitenote_active":false,"_monsterinsights_sitenote_note":"","_monsterinsights_sitenote_category":0},"product_brand":[],"product_cat":[300,270,298],"product_tag":[],"class_list":{"0":"post-28845","1":"product","2":"type-product","3":"status-publish","4":"has-post-thumbnail","6":"product_cat-03mg","7":"product_cat-e-liquides","8":"product_cat-filtre-par-dosage-de-nicotine","11":"first","12":"instock","13":"featured","14":"shipping-taxable","15":"purchasable","16":"product-type-variable"},"aioseo_notices":[],"jetpack_sharing_enabled":true,"_links":{"self":[{"href":"https:\/\/normandie.ma\/index.php?rest_route=\/wp\/v2\/product\/28845","targetHints":{"allow":["GET"]}}],"collection":[{"href":"https:\/\/normandie.ma\/index.php?rest_route=\/wp\/v2\/product"}],"about":[{"href":"https:\/\/normandie.ma\/index.php?rest_route=\/wp\/v2\/types\/product"}],"replies":[{"embeddable":true,"href":"https:\/\/normandie.ma\/index.php?rest_route=%2Fwp%2Fv2%2Fcomments&post=28845"}],"wp:featuredmedia":[{"embeddable":true,"href":"https:\/\/normandie.ma\/index.php?rest_route=\/wp\/v2\/media\/24911"}],"wp:attachment":[{"href":"https:\/\/normandie.ma\/index.php?rest_route=%2Fwp%2Fv2%2Fmedia&parent=28845"}],"wp:term":[{"taxonomy":"product_brand","embeddable":true,"href":"https:\/\/normandie.ma\/index.php?rest_route=%2Fwp%2Fv2%2Fproduct_brand&post=28845"},{"taxonomy":"product_cat","embeddable":true,"href":"https:\/\/normandie.ma\/index.php?rest_route=%2Fwp%2Fv2%2Fproduct_cat&post=28845"},{"taxonomy":"product_tag","embeddable":true,"href":"https:\/\/normandie.ma\/index.php?rest_route=%2Fwp%2Fv2%2Fproduct_tag&post=28845"}],"curies":[{"name":"wp","href":"https:\/\/api.w.org\/{rel}","templated":true}]}}