{"id":28850,"date":"2023-05-06T18:58:25","date_gmt":"2023-05-06T18:58:25","guid":{"rendered":"https:\/\/normandie.ma\/?product=paradise-holy-grape-e-liquide-60ml-2"},"modified":"2023-05-11T16:58:59","modified_gmt":"2023-05-11T16:58:59","slug":"paradise-holy-grape-e-liquide-60ml-2","status":"publish","type":"product","link":"https:\/\/normandie.ma\/?product=paradise-holy-grape-e-liquide-60ml-2","title":{"rendered":"Paradise \u2013 Holy Grape \u2013 E-liquide 60ml"},"content":{"rendered":"<p>D\u00e9couvrez toute la finesse et toute l\u2019\u00e9l\u00e9gance du E\u2013liquide Holy Grape de paradise. Laissez son parfum de raisin noir avec une fra\u00eecheur ma\u00eetris\u00e9e, envahir votre cigarette \u00e9lectronique de chez Good Vapes Casablanca.<\/p>\n<p>Saveurs : Raisins noirs<\/p>\n","protected":false},"excerpt":{"rendered":"<p>D\u00e9couvrez toute la finesse et toute l\u2019\u00e9l\u00e9gance du E\u2013liquide Holy Grape de paradise. Laissez son parfum de raisin noir avec une fra\u00eecheur ma\u00eetris\u00e9e, envahir votre cigarette \u00e9lectronique de chez Good Vapes Casablanca. Saveurs : Raisins noirs<\/p>\n","protected":false},"featured_media":24916,"comment_status":"open","ping_status":"closed","template":"","meta":{"om_disable_all_campaigns":false,"_monsterinsights_skip_tracking":false,"_monsterinsights_sitenote_active":false,"_monsterinsights_sitenote_note":"","_monsterinsights_sitenote_category":0},"product_brand":[],"product_cat":[300,270,298],"product_tag":[],"class_list":{"0":"post-28850","1":"product","2":"type-product","3":"status-publish","4":"has-post-thumbnail","6":"product_cat-03mg","7":"product_cat-e-liquides","8":"product_cat-filtre-par-dosage-de-nicotine","11":"first","12":"instock","13":"featured","14":"shipping-taxable","15":"purchasable","16":"product-type-variable"},"aioseo_notices":[],"jetpack_sharing_enabled":true,"_links":{"self":[{"href":"https:\/\/normandie.ma\/index.php?rest_route=\/wp\/v2\/product\/28850","targetHints":{"allow":["GET"]}}],"collection":[{"href":"https:\/\/normandie.ma\/index.php?rest_route=\/wp\/v2\/product"}],"about":[{"href":"https:\/\/normandie.ma\/index.php?rest_route=\/wp\/v2\/types\/product"}],"replies":[{"embeddable":true,"href":"https:\/\/normandie.ma\/index.php?rest_route=%2Fwp%2Fv2%2Fcomments&post=28850"}],"wp:featuredmedia":[{"embeddable":true,"href":"https:\/\/normandie.ma\/index.php?rest_route=\/wp\/v2\/media\/24916"}],"wp:attachment":[{"href":"https:\/\/normandie.ma\/index.php?rest_route=%2Fwp%2Fv2%2Fmedia&parent=28850"}],"wp:term":[{"taxonomy":"product_brand","embeddable":true,"href":"https:\/\/normandie.ma\/index.php?rest_route=%2Fwp%2Fv2%2Fproduct_brand&post=28850"},{"taxonomy":"product_cat","embeddable":true,"href":"https:\/\/normandie.ma\/index.php?rest_route=%2Fwp%2Fv2%2Fproduct_cat&post=28850"},{"taxonomy":"product_tag","embeddable":true,"href":"https:\/\/normandie.ma\/index.php?rest_route=%2Fwp%2Fv2%2Fproduct_tag&post=28850"}],"curies":[{"name":"wp","href":"https:\/\/api.w.org\/{rel}","templated":true}]}}