{"id":28855,"date":"2023-05-06T18:58:28","date_gmt":"2023-05-06T18:58:28","guid":{"rendered":"https:\/\/normandie.ma\/?product=bubble-mango-bubblegum-e-liquide-60ml-2"},"modified":"2023-06-13T22:41:08","modified_gmt":"2023-06-13T22:41:08","slug":"bubble-mango-bubblegum-e-liquide-60ml-2","status":"publish","type":"product","link":"https:\/\/normandie.ma\/?product=bubble-mango-bubblegum-e-liquide-60ml-2","title":{"rendered":"Bubble \u2013 Mango Bubblegum \u2013 E-liquide 60ml"},"content":{"rendered":"<p>D\u00e9couvrez le Mango Bubblegum de la marque Bubble, un m\u00e9lange tropical de mangues juteuses et de bubble-gum moelleux et sucr\u00e9 !<\/p>\n<p>Saveurs : Chewing-gum \/ Mangue<\/p>\n","protected":false},"excerpt":{"rendered":"<p>D\u00e9couvrez le Mango Bubblegum de la marque Bubble, un m\u00e9lange tropical de mangues juteuses et de bubble-gum moelleux et sucr\u00e9 ! Saveurs : Chewing-gum \/ Mangue<\/p>\n","protected":false},"featured_media":24922,"comment_status":"open","ping_status":"closed","template":"","meta":{"om_disable_all_campaigns":false,"_monsterinsights_skip_tracking":false,"_monsterinsights_sitenote_active":false,"_monsterinsights_sitenote_note":"","_monsterinsights_sitenote_category":0},"product_brand":[],"product_cat":[300,270,298],"product_tag":[],"class_list":{"0":"post-28855","1":"product","2":"type-product","3":"status-publish","4":"has-post-thumbnail","6":"product_cat-03mg","7":"product_cat-e-liquides","8":"product_cat-filtre-par-dosage-de-nicotine","11":"first","12":"instock","13":"featured","14":"shipping-taxable","15":"purchasable","16":"product-type-variable"},"aioseo_notices":[],"jetpack_sharing_enabled":true,"_links":{"self":[{"href":"https:\/\/normandie.ma\/index.php?rest_route=\/wp\/v2\/product\/28855","targetHints":{"allow":["GET"]}}],"collection":[{"href":"https:\/\/normandie.ma\/index.php?rest_route=\/wp\/v2\/product"}],"about":[{"href":"https:\/\/normandie.ma\/index.php?rest_route=\/wp\/v2\/types\/product"}],"replies":[{"embeddable":true,"href":"https:\/\/normandie.ma\/index.php?rest_route=%2Fwp%2Fv2%2Fcomments&post=28855"}],"wp:featuredmedia":[{"embeddable":true,"href":"https:\/\/normandie.ma\/index.php?rest_route=\/wp\/v2\/media\/24922"}],"wp:attachment":[{"href":"https:\/\/normandie.ma\/index.php?rest_route=%2Fwp%2Fv2%2Fmedia&parent=28855"}],"wp:term":[{"taxonomy":"product_brand","embeddable":true,"href":"https:\/\/normandie.ma\/index.php?rest_route=%2Fwp%2Fv2%2Fproduct_brand&post=28855"},{"taxonomy":"product_cat","embeddable":true,"href":"https:\/\/normandie.ma\/index.php?rest_route=%2Fwp%2Fv2%2Fproduct_cat&post=28855"},{"taxonomy":"product_tag","embeddable":true,"href":"https:\/\/normandie.ma\/index.php?rest_route=%2Fwp%2Fv2%2Fproduct_tag&post=28855"}],"curies":[{"name":"wp","href":"https:\/\/api.w.org\/{rel}","templated":true}]}}