{"id":28857,"date":"2023-05-06T18:58:29","date_gmt":"2023-05-06T18:58:29","guid":{"rendered":"https:\/\/normandie.ma\/?product=saucy-tokyo-apple-mint-tobacco-60ml-2"},"modified":"2023-06-13T22:41:08","modified_gmt":"2023-06-13T22:41:08","slug":"saucy-tokyo-apple-mint-tobacco-60ml-2","status":"publish","type":"product","link":"https:\/\/normandie.ma\/?product=saucy-tokyo-apple-mint-tobacco-60ml-2","title":{"rendered":"Saucy \u2013 Tokyo Apple Mint Tobacco 60ml"},"content":{"rendered":"<p>Apple Mint Tobacco de Saucy Classics pr\u00e9sente des pommes croquantes fra\u00eechement cueillies dans le verger, m\u00e9lang\u00e9es \u00e0 de la menthe aromatique et sucr\u00e9e, ainsi qu\u2019une fusion de tabac grill\u00e9 qui envahit le palais.<\/p>\n<p>Saveurs : Pomme \/ Menthol\u00e9 \/ Tabac<\/p>\n","protected":false},"excerpt":{"rendered":"<p>Apple Mint Tobacco de Saucy Classics pr\u00e9sente des pommes croquantes fra\u00eechement cueillies dans le verger, m\u00e9lang\u00e9es \u00e0 de la menthe aromatique et sucr\u00e9e, ainsi qu\u2019une fusion de tabac grill\u00e9 qui envahit le palais. Saveurs : Pomme \/ Menthol\u00e9 \/ Tabac<\/p>\n","protected":false},"featured_media":24924,"comment_status":"open","ping_status":"closed","template":"","meta":{"om_disable_all_campaigns":false,"_monsterinsights_skip_tracking":false,"_monsterinsights_sitenote_active":false,"_monsterinsights_sitenote_note":"","_monsterinsights_sitenote_category":0},"product_brand":[],"product_cat":[300,270,298],"product_tag":[],"class_list":{"0":"post-28857","1":"product","2":"type-product","3":"status-publish","4":"has-post-thumbnail","6":"product_cat-03mg","7":"product_cat-e-liquides","8":"product_cat-filtre-par-dosage-de-nicotine","11":"first","12":"instock","13":"featured","14":"shipping-taxable","15":"purchasable","16":"product-type-variable"},"aioseo_notices":[],"jetpack_sharing_enabled":true,"_links":{"self":[{"href":"https:\/\/normandie.ma\/index.php?rest_route=\/wp\/v2\/product\/28857","targetHints":{"allow":["GET"]}}],"collection":[{"href":"https:\/\/normandie.ma\/index.php?rest_route=\/wp\/v2\/product"}],"about":[{"href":"https:\/\/normandie.ma\/index.php?rest_route=\/wp\/v2\/types\/product"}],"replies":[{"embeddable":true,"href":"https:\/\/normandie.ma\/index.php?rest_route=%2Fwp%2Fv2%2Fcomments&post=28857"}],"wp:featuredmedia":[{"embeddable":true,"href":"https:\/\/normandie.ma\/index.php?rest_route=\/wp\/v2\/media\/24924"}],"wp:attachment":[{"href":"https:\/\/normandie.ma\/index.php?rest_route=%2Fwp%2Fv2%2Fmedia&parent=28857"}],"wp:term":[{"taxonomy":"product_brand","embeddable":true,"href":"https:\/\/normandie.ma\/index.php?rest_route=%2Fwp%2Fv2%2Fproduct_brand&post=28857"},{"taxonomy":"product_cat","embeddable":true,"href":"https:\/\/normandie.ma\/index.php?rest_route=%2Fwp%2Fv2%2Fproduct_cat&post=28857"},{"taxonomy":"product_tag","embeddable":true,"href":"https:\/\/normandie.ma\/index.php?rest_route=%2Fwp%2Fv2%2Fproduct_tag&post=28857"}],"curies":[{"name":"wp","href":"https:\/\/api.w.org\/{rel}","templated":true}]}}