{"id":28865,"date":"2023-05-06T18:58:33","date_gmt":"2023-05-06T18:58:33","guid":{"rendered":"https:\/\/normandie.ma\/?product=five-star-juice-miso-juicy-e-liquide-120ml-2"},"modified":"2023-06-13T22:41:06","modified_gmt":"2023-06-13T22:41:06","slug":"five-star-juice-miso-juicy-e-liquide-120ml-2","status":"publish","type":"product","link":"https:\/\/normandie.ma\/?product=five-star-juice-miso-juicy-e-liquide-120ml-2","title":{"rendered":"Five Star Juice \u2013 Miso Juicy \u2013 E-liquide 120ml"},"content":{"rendered":"<p>Miso Juicy de Five Star Juice est un joli m\u00e9lange d\u2019agrumes accompagn\u00e9 d\u2019une touche d\u2019acidit\u00e9. Miso Juicy est le meilleur moyen de mettre une \u00e9tincelle dans votre journ\u00e9e. \u00c0 l\u2019ouverture du flacon, On y trouve un e-liquide qui apporte un v\u00e9ritable vent de fra\u00eecheur dans votre bouche quand vous le vapoterez \u00e0 l\u2019aide de notre cigarette \u00e9lectronique de chez Good Vapes Casablanca.<\/p>\n<p>Saveurs : Agrumes<\/p>\n","protected":false},"excerpt":{"rendered":"<p>Miso Juicy de Five Star Juice est un joli m\u00e9lange d\u2019agrumes accompagn\u00e9 d\u2019une touche d\u2019acidit\u00e9. Miso Juicy est le meilleur moyen de mettre une \u00e9tincelle dans votre journ\u00e9e. \u00c0 l\u2019ouverture du flacon, On y trouve un e-liquide qui apporte un v\u00e9ritable vent de fra\u00eecheur dans votre bouche quand vous le vapoterez \u00e0 l\u2019aide de notre [&hellip;]<\/p>\n","protected":false},"featured_media":24932,"comment_status":"open","ping_status":"closed","template":"","meta":{"om_disable_all_campaigns":false,"_monsterinsights_skip_tracking":false,"_monsterinsights_sitenote_active":false,"_monsterinsights_sitenote_note":"","_monsterinsights_sitenote_category":0},"product_brand":[],"product_cat":[300,270,298],"product_tag":[],"class_list":{"0":"post-28865","1":"product","2":"type-product","3":"status-publish","4":"has-post-thumbnail","6":"product_cat-03mg","7":"product_cat-e-liquides","8":"product_cat-filtre-par-dosage-de-nicotine","11":"first","12":"instock","13":"featured","14":"shipping-taxable","15":"purchasable","16":"product-type-variable"},"aioseo_notices":[],"jetpack_sharing_enabled":true,"_links":{"self":[{"href":"https:\/\/normandie.ma\/index.php?rest_route=\/wp\/v2\/product\/28865","targetHints":{"allow":["GET"]}}],"collection":[{"href":"https:\/\/normandie.ma\/index.php?rest_route=\/wp\/v2\/product"}],"about":[{"href":"https:\/\/normandie.ma\/index.php?rest_route=\/wp\/v2\/types\/product"}],"replies":[{"embeddable":true,"href":"https:\/\/normandie.ma\/index.php?rest_route=%2Fwp%2Fv2%2Fcomments&post=28865"}],"wp:featuredmedia":[{"embeddable":true,"href":"https:\/\/normandie.ma\/index.php?rest_route=\/wp\/v2\/media\/24932"}],"wp:attachment":[{"href":"https:\/\/normandie.ma\/index.php?rest_route=%2Fwp%2Fv2%2Fmedia&parent=28865"}],"wp:term":[{"taxonomy":"product_brand","embeddable":true,"href":"https:\/\/normandie.ma\/index.php?rest_route=%2Fwp%2Fv2%2Fproduct_brand&post=28865"},{"taxonomy":"product_cat","embeddable":true,"href":"https:\/\/normandie.ma\/index.php?rest_route=%2Fwp%2Fv2%2Fproduct_cat&post=28865"},{"taxonomy":"product_tag","embeddable":true,"href":"https:\/\/normandie.ma\/index.php?rest_route=%2Fwp%2Fv2%2Fproduct_tag&post=28865"}],"curies":[{"name":"wp","href":"https:\/\/api.w.org\/{rel}","templated":true}]}}