{"id":28891,"date":"2023-05-06T18:58:46","date_gmt":"2023-05-06T18:58:46","guid":{"rendered":"https:\/\/normandie.ma\/?product=bake-n-vape-cinnamon-cake-e-liquide-30ml-3"},"modified":"2023-05-11T16:06:28","modified_gmt":"2023-05-11T16:06:28","slug":"bake-n-vape-cinnamon-cake-e-liquide-30ml-3","status":"publish","type":"product","link":"https:\/\/normandie.ma\/?product=bake-n-vape-cinnamon-cake-e-liquide-30ml-3","title":{"rendered":"Bake N Vape \u2013 Cinnamon Cake \u2013 E-liquide 30ml"},"content":{"rendered":"<p>L\u2019 e-liquide Cinnamon Cake 30ml de la marque Bake N Vape, de type tabac doux \u00e9quilibr\u00e9 et raffin\u00e9, blond, suivi d\u2019une touche de g\u00e2teau aromatis\u00e9 \u00e0 la cannelle. \u00c0 l\u2019ouverture du flacon, on ressent une assez forte odeur de tabac blond et de l\u00e9g\u00e8res notes p\u00e2tissi\u00e8res apport\u00e9es par les ar\u00f4mes. Vous devriez absolument l\u2019essayer avec l\u2019une de nos cigarettes \u00e9lectroniques de la marque Good Vapes Casablanca.<\/p>\n<p>Saveurs : Tabac Blond \/ G\u00e2teau \/ Cannelle<\/p>\n","protected":false},"excerpt":{"rendered":"<p>L\u2019 e-liquide Cinnamon Cake 30ml de la marque Bake N Vape, de type tabac doux \u00e9quilibr\u00e9 et raffin\u00e9, blond, suivi d\u2019une touche de g\u00e2teau aromatis\u00e9 \u00e0 la cannelle. \u00c0 l\u2019ouverture du flacon, on ressent une assez forte odeur de tabac blond et de l\u00e9g\u00e8res notes p\u00e2tissi\u00e8res apport\u00e9es par les ar\u00f4mes. Vous devriez absolument l\u2019essayer avec [&hellip;]<\/p>\n","protected":false},"featured_media":24950,"comment_status":"open","ping_status":"closed","template":"","meta":{"om_disable_all_campaigns":false,"_monsterinsights_skip_tracking":false,"_monsterinsights_sitenote_active":false,"_monsterinsights_sitenote_note":"","_monsterinsights_sitenote_category":0},"product_brand":[],"product_cat":[304,270,303],"product_tag":[],"class_list":{"0":"post-28891","1":"product","2":"type-product","3":"status-publish","4":"has-post-thumbnail","6":"product_cat-30ml-filtre-par-volume","7":"product_cat-e-liquides","8":"product_cat-filtre-par-volume","11":"first","12":"instock","13":"featured","14":"shipping-taxable","15":"purchasable","16":"product-type-variable"},"aioseo_notices":[],"jetpack_sharing_enabled":true,"_links":{"self":[{"href":"https:\/\/normandie.ma\/index.php?rest_route=\/wp\/v2\/product\/28891","targetHints":{"allow":["GET"]}}],"collection":[{"href":"https:\/\/normandie.ma\/index.php?rest_route=\/wp\/v2\/product"}],"about":[{"href":"https:\/\/normandie.ma\/index.php?rest_route=\/wp\/v2\/types\/product"}],"replies":[{"embeddable":true,"href":"https:\/\/normandie.ma\/index.php?rest_route=%2Fwp%2Fv2%2Fcomments&post=28891"}],"wp:featuredmedia":[{"embeddable":true,"href":"https:\/\/normandie.ma\/index.php?rest_route=\/wp\/v2\/media\/24950"}],"wp:attachment":[{"href":"https:\/\/normandie.ma\/index.php?rest_route=%2Fwp%2Fv2%2Fmedia&parent=28891"}],"wp:term":[{"taxonomy":"product_brand","embeddable":true,"href":"https:\/\/normandie.ma\/index.php?rest_route=%2Fwp%2Fv2%2Fproduct_brand&post=28891"},{"taxonomy":"product_cat","embeddable":true,"href":"https:\/\/normandie.ma\/index.php?rest_route=%2Fwp%2Fv2%2Fproduct_cat&post=28891"},{"taxonomy":"product_tag","embeddable":true,"href":"https:\/\/normandie.ma\/index.php?rest_route=%2Fwp%2Fv2%2Fproduct_tag&post=28891"}],"curies":[{"name":"wp","href":"https:\/\/api.w.org\/{rel}","templated":true}]}}