{"id":28892,"date":"2023-05-06T18:58:47","date_gmt":"2023-05-06T18:58:47","guid":{"rendered":"https:\/\/normandie.ma\/?product=euphoria-classic-heaven-e-liquide-30ml-2"},"modified":"2023-05-11T16:04:05","modified_gmt":"2023-05-11T16:04:05","slug":"euphoria-classic-heaven-e-liquide-30ml-2","status":"publish","type":"product","link":"https:\/\/normandie.ma\/?product=euphoria-classic-heaven-e-liquide-30ml-2","title":{"rendered":"Euphoria Classic \u2013 Heaven \u2013 E-liquide 30ml"},"content":{"rendered":"<p>Heaven est le nouveau e-liquide de 30ml de la marque Euphoria, un plaisir sucr\u00e9 ultra frais de framboise rouge irr\u00e9sistiblement d\u00e9licieuse. Cette composition fruit\u00e9e est sublim\u00e9e par une touche de fra\u00eecheur, qui rend sa vapeur si douce et rafra\u00eechissante. Vous devriez absolument l\u2019essayer avec l\u2019une de nos cigarettes \u00e9lectroniques de la marque Good Vapes Casablanca.<\/p>\n<p>Saveurs : Framboises \/ Cassis<\/p>\n","protected":false},"excerpt":{"rendered":"<p>Heaven est le nouveau e-liquide de 30ml de la marque Euphoria, un plaisir sucr\u00e9 ultra frais de framboise rouge irr\u00e9sistiblement d\u00e9licieuse. Cette composition fruit\u00e9e est sublim\u00e9e par une touche de fra\u00eecheur, qui rend sa vapeur si douce et rafra\u00eechissante. Vous devriez absolument l\u2019essayer avec l\u2019une de nos cigarettes \u00e9lectroniques de la marque Good Vapes Casablanca. [&hellip;]<\/p>\n","protected":false},"featured_media":24951,"comment_status":"open","ping_status":"closed","template":"","meta":{"om_disable_all_campaigns":false,"_monsterinsights_skip_tracking":false,"_monsterinsights_sitenote_active":false,"_monsterinsights_sitenote_note":"","_monsterinsights_sitenote_category":0},"product_brand":[],"product_cat":[304,270,303],"product_tag":[],"class_list":{"0":"post-28892","1":"product","2":"type-product","3":"status-publish","4":"has-post-thumbnail","6":"product_cat-30ml-filtre-par-volume","7":"product_cat-e-liquides","8":"product_cat-filtre-par-volume","11":"first","12":"instock","13":"featured","14":"shipping-taxable","15":"purchasable","16":"product-type-variable"},"aioseo_notices":[],"jetpack_sharing_enabled":true,"_links":{"self":[{"href":"https:\/\/normandie.ma\/index.php?rest_route=\/wp\/v2\/product\/28892","targetHints":{"allow":["GET"]}}],"collection":[{"href":"https:\/\/normandie.ma\/index.php?rest_route=\/wp\/v2\/product"}],"about":[{"href":"https:\/\/normandie.ma\/index.php?rest_route=\/wp\/v2\/types\/product"}],"replies":[{"embeddable":true,"href":"https:\/\/normandie.ma\/index.php?rest_route=%2Fwp%2Fv2%2Fcomments&post=28892"}],"wp:featuredmedia":[{"embeddable":true,"href":"https:\/\/normandie.ma\/index.php?rest_route=\/wp\/v2\/media\/24951"}],"wp:attachment":[{"href":"https:\/\/normandie.ma\/index.php?rest_route=%2Fwp%2Fv2%2Fmedia&parent=28892"}],"wp:term":[{"taxonomy":"product_brand","embeddable":true,"href":"https:\/\/normandie.ma\/index.php?rest_route=%2Fwp%2Fv2%2Fproduct_brand&post=28892"},{"taxonomy":"product_cat","embeddable":true,"href":"https:\/\/normandie.ma\/index.php?rest_route=%2Fwp%2Fv2%2Fproduct_cat&post=28892"},{"taxonomy":"product_tag","embeddable":true,"href":"https:\/\/normandie.ma\/index.php?rest_route=%2Fwp%2Fv2%2Fproduct_tag&post=28892"}],"curies":[{"name":"wp","href":"https:\/\/api.w.org\/{rel}","templated":true}]}}