{"id":28897,"date":"2023-05-06T18:58:49","date_gmt":"2023-05-06T18:58:49","guid":{"rendered":"https:\/\/normandie.ma\/?product=euphoria-classic-magic-bloom-e-liquide-30ml-2"},"modified":"2023-05-11T16:02:05","modified_gmt":"2023-05-11T16:02:05","slug":"euphoria-classic-magic-bloom-e-liquide-30ml-2","status":"publish","type":"product","link":"https:\/\/normandie.ma\/?product=euphoria-classic-magic-bloom-e-liquide-30ml-2","title":{"rendered":"Euphoria Classic \u2013 Magic Bloom \u2013 E-liquide 30ml"},"content":{"rendered":"<p>Nous vous invitons \u00e0 essayer le Magic Bloom d\u2019Euphoria. La bouteille contient un go\u00fbt de cantaloup et de p\u00eache succulente qui comblera votre soif de jus fruit\u00e9 ! Vous devriez absolument l\u2019essayer avec l\u2019une de nos cigarettes \u00e9lectroniques de la marque Good Vapes Casablanca.<\/p>\n<p>Saveurs : Canteloup \/ P\u00eache<\/p>\n","protected":false},"excerpt":{"rendered":"<p>Nous vous invitons \u00e0 essayer le Magic Bloom d\u2019Euphoria. La bouteille contient un go\u00fbt de cantaloup et de p\u00eache succulente qui comblera votre soif de jus fruit\u00e9 ! Vous devriez absolument l\u2019essayer avec l\u2019une de nos cigarettes \u00e9lectroniques de la marque Good Vapes Casablanca. Saveurs : Canteloup \/ P\u00eache<\/p>\n","protected":false},"featured_media":24956,"comment_status":"open","ping_status":"closed","template":"","meta":{"om_disable_all_campaigns":false,"_monsterinsights_skip_tracking":false,"_monsterinsights_sitenote_active":false,"_monsterinsights_sitenote_note":"","_monsterinsights_sitenote_category":0},"product_brand":[],"product_cat":[304,270,303],"product_tag":[],"class_list":{"0":"post-28897","1":"product","2":"type-product","3":"status-publish","4":"has-post-thumbnail","6":"product_cat-30ml-filtre-par-volume","7":"product_cat-e-liquides","8":"product_cat-filtre-par-volume","11":"first","12":"instock","13":"featured","14":"shipping-taxable","15":"purchasable","16":"product-type-variable"},"aioseo_notices":[],"jetpack_sharing_enabled":true,"_links":{"self":[{"href":"https:\/\/normandie.ma\/index.php?rest_route=\/wp\/v2\/product\/28897","targetHints":{"allow":["GET"]}}],"collection":[{"href":"https:\/\/normandie.ma\/index.php?rest_route=\/wp\/v2\/product"}],"about":[{"href":"https:\/\/normandie.ma\/index.php?rest_route=\/wp\/v2\/types\/product"}],"replies":[{"embeddable":true,"href":"https:\/\/normandie.ma\/index.php?rest_route=%2Fwp%2Fv2%2Fcomments&post=28897"}],"wp:featuredmedia":[{"embeddable":true,"href":"https:\/\/normandie.ma\/index.php?rest_route=\/wp\/v2\/media\/24956"}],"wp:attachment":[{"href":"https:\/\/normandie.ma\/index.php?rest_route=%2Fwp%2Fv2%2Fmedia&parent=28897"}],"wp:term":[{"taxonomy":"product_brand","embeddable":true,"href":"https:\/\/normandie.ma\/index.php?rest_route=%2Fwp%2Fv2%2Fproduct_brand&post=28897"},{"taxonomy":"product_cat","embeddable":true,"href":"https:\/\/normandie.ma\/index.php?rest_route=%2Fwp%2Fv2%2Fproduct_cat&post=28897"},{"taxonomy":"product_tag","embeddable":true,"href":"https:\/\/normandie.ma\/index.php?rest_route=%2Fwp%2Fv2%2Fproduct_tag&post=28897"}],"curies":[{"name":"wp","href":"https:\/\/api.w.org\/{rel}","templated":true}]}}