{"id":28905,"date":"2023-05-06T18:58:52","date_gmt":"2023-05-06T18:58:52","guid":{"rendered":"https:\/\/normandie.ma\/?product=el-tobacco-mocha-tobacco-e-liquide-30ml-2"},"modified":"2023-05-11T15:58:59","modified_gmt":"2023-05-11T15:58:59","slug":"el-tobacco-mocha-tobacco-e-liquide-30ml-2","status":"publish","type":"product","link":"https:\/\/normandie.ma\/?product=el-tobacco-mocha-tobacco-e-liquide-30ml-2","title":{"rendered":"EL TOBACCO \u2013 Mocha Tobacco \u2013 E-liquide 30ml"},"content":{"rendered":"<p>Notre e-Liquide Mocha Tobacco 30ml de la marque El Tobacco, est un tabac de dessert inspir\u00e9 par le parfum aromatique d\u2019un caf\u00e9 fort fait maison avec une g\u00e9n\u00e9reuse touche de cr\u00e8me et un tabac doux et onctueux. C\u2019est le nirvana pour les amateurs de chocolat, de caf\u00e9 et de tabac.<\/p>\n<p>Saveurs : Caf\u00e9 \/ Cr\u00e8me \/ Tabac<\/p>\n","protected":false},"excerpt":{"rendered":"<p>Notre e-Liquide Mocha Tobacco 30ml de la marque El Tobacco, est un tabac de dessert inspir\u00e9 par le parfum aromatique d\u2019un caf\u00e9 fort fait maison avec une g\u00e9n\u00e9reuse touche de cr\u00e8me et un tabac doux et onctueux. C\u2019est le nirvana pour les amateurs de chocolat, de caf\u00e9 et de tabac. Saveurs : Caf\u00e9 \/ Cr\u00e8me [&hellip;]<\/p>\n","protected":false},"featured_media":24964,"comment_status":"open","ping_status":"closed","template":"","meta":{"om_disable_all_campaigns":false,"_monsterinsights_skip_tracking":false,"_monsterinsights_sitenote_active":false,"_monsterinsights_sitenote_note":"","_monsterinsights_sitenote_category":0},"product_brand":[],"product_cat":[304,270,303],"product_tag":[],"class_list":{"0":"post-28905","1":"product","2":"type-product","3":"status-publish","4":"has-post-thumbnail","6":"product_cat-30ml-filtre-par-volume","7":"product_cat-e-liquides","8":"product_cat-filtre-par-volume","11":"first","12":"instock","13":"featured","14":"shipping-taxable","15":"purchasable","16":"product-type-variable"},"aioseo_notices":[],"jetpack_sharing_enabled":true,"_links":{"self":[{"href":"https:\/\/normandie.ma\/index.php?rest_route=\/wp\/v2\/product\/28905","targetHints":{"allow":["GET"]}}],"collection":[{"href":"https:\/\/normandie.ma\/index.php?rest_route=\/wp\/v2\/product"}],"about":[{"href":"https:\/\/normandie.ma\/index.php?rest_route=\/wp\/v2\/types\/product"}],"replies":[{"embeddable":true,"href":"https:\/\/normandie.ma\/index.php?rest_route=%2Fwp%2Fv2%2Fcomments&post=28905"}],"wp:featuredmedia":[{"embeddable":true,"href":"https:\/\/normandie.ma\/index.php?rest_route=\/wp\/v2\/media\/24964"}],"wp:attachment":[{"href":"https:\/\/normandie.ma\/index.php?rest_route=%2Fwp%2Fv2%2Fmedia&parent=28905"}],"wp:term":[{"taxonomy":"product_brand","embeddable":true,"href":"https:\/\/normandie.ma\/index.php?rest_route=%2Fwp%2Fv2%2Fproduct_brand&post=28905"},{"taxonomy":"product_cat","embeddable":true,"href":"https:\/\/normandie.ma\/index.php?rest_route=%2Fwp%2Fv2%2Fproduct_cat&post=28905"},{"taxonomy":"product_tag","embeddable":true,"href":"https:\/\/normandie.ma\/index.php?rest_route=%2Fwp%2Fv2%2Fproduct_tag&post=28905"}],"curies":[{"name":"wp","href":"https:\/\/api.w.org\/{rel}","templated":true}]}}