{"id":28913,"date":"2023-05-06T18:58:56","date_gmt":"2023-05-06T18:58:56","guid":{"rendered":"https:\/\/normandie.ma\/?product=fruity-candy-fizzy-orange-30ml-2"},"modified":"2023-05-11T01:01:11","modified_gmt":"2023-05-11T01:01:11","slug":"fruity-candy-fizzy-orange-30ml-2","status":"publish","type":"product","link":"https:\/\/normandie.ma\/?product=fruity-candy-fizzy-orange-30ml-2","title":{"rendered":"Fruity Candy \u2013 Fizzy Orange 30ml"},"content":{"rendered":"<p>\u00c7a vous para\u00eet d\u00e9licieux ? Oui, c\u2019est le cas ! Le go\u00fbt de la saveur d\u2019orange, le go\u00fbt similaire \u00e0 la boisson populaire de Fanta Orange ! Profitez de la marque Fruity Candy et du e-liquide Fizzy Orange 30ml, un m\u00e9lange similaire au go\u00fbt d\u2019orange.<\/p>\n<p>Saveur : Orange<\/p>\n","protected":false},"excerpt":{"rendered":"<p>\u00c7a vous para\u00eet d\u00e9licieux ? Oui, c\u2019est le cas ! Le go\u00fbt de la saveur d\u2019orange, le go\u00fbt similaire \u00e0 la boisson populaire de Fanta Orange ! Profitez de la marque Fruity Candy et du e-liquide Fizzy Orange 30ml, un m\u00e9lange similaire au go\u00fbt d\u2019orange. Saveur : Orange<\/p>\n","protected":false},"featured_media":24972,"comment_status":"open","ping_status":"closed","template":"","meta":{"om_disable_all_campaigns":false,"_monsterinsights_skip_tracking":false,"_monsterinsights_sitenote_active":false,"_monsterinsights_sitenote_note":"","_monsterinsights_sitenote_category":0},"product_brand":[],"product_cat":[304,270,303],"product_tag":[],"class_list":{"0":"post-28913","1":"product","2":"type-product","3":"status-publish","4":"has-post-thumbnail","6":"product_cat-30ml-filtre-par-volume","7":"product_cat-e-liquides","8":"product_cat-filtre-par-volume","11":"first","12":"instock","13":"featured","14":"shipping-taxable","15":"purchasable","16":"product-type-variable"},"aioseo_notices":[],"jetpack_sharing_enabled":true,"_links":{"self":[{"href":"https:\/\/normandie.ma\/index.php?rest_route=\/wp\/v2\/product\/28913","targetHints":{"allow":["GET"]}}],"collection":[{"href":"https:\/\/normandie.ma\/index.php?rest_route=\/wp\/v2\/product"}],"about":[{"href":"https:\/\/normandie.ma\/index.php?rest_route=\/wp\/v2\/types\/product"}],"replies":[{"embeddable":true,"href":"https:\/\/normandie.ma\/index.php?rest_route=%2Fwp%2Fv2%2Fcomments&post=28913"}],"wp:featuredmedia":[{"embeddable":true,"href":"https:\/\/normandie.ma\/index.php?rest_route=\/wp\/v2\/media\/24972"}],"wp:attachment":[{"href":"https:\/\/normandie.ma\/index.php?rest_route=%2Fwp%2Fv2%2Fmedia&parent=28913"}],"wp:term":[{"taxonomy":"product_brand","embeddable":true,"href":"https:\/\/normandie.ma\/index.php?rest_route=%2Fwp%2Fv2%2Fproduct_brand&post=28913"},{"taxonomy":"product_cat","embeddable":true,"href":"https:\/\/normandie.ma\/index.php?rest_route=%2Fwp%2Fv2%2Fproduct_cat&post=28913"},{"taxonomy":"product_tag","embeddable":true,"href":"https:\/\/normandie.ma\/index.php?rest_route=%2Fwp%2Fv2%2Fproduct_tag&post=28913"}],"curies":[{"name":"wp","href":"https:\/\/api.w.org\/{rel}","templated":true}]}}