{"id":28919,"date":"2023-05-06T18:59:00","date_gmt":"2023-05-06T18:59:00","guid":{"rendered":"https:\/\/normandie.ma\/?product=milkshake-squad-lime-vanilla-shake-30ml-2"},"modified":"2023-05-11T00:57:00","modified_gmt":"2023-05-11T00:57:00","slug":"milkshake-squad-lime-vanilla-shake-30ml-2","status":"publish","type":"product","link":"https:\/\/normandie.ma\/?product=milkshake-squad-lime-vanilla-shake-30ml-2","title":{"rendered":"Milkshake Squad \u2013 Lime Vanilla Shake 30ml"},"content":{"rendered":"<p>Profitez de l\u2019e-liquide Lime Vanilla Shake 30ml de la marque Milkshake Squad, un m\u00e9lange cr\u00e9meux de limes douces et de vanille fra\u00eeche dans un milkshake onctueux.<\/p>\n<p>Saveurs : Cr\u00e8me vanille \/ Lime<\/p>\n","protected":false},"excerpt":{"rendered":"<p>Profitez de l\u2019e-liquide Lime Vanilla Shake 30ml de la marque Milkshake Squad, un m\u00e9lange cr\u00e9meux de limes douces et de vanille fra\u00eeche dans un milkshake onctueux. Saveurs : Cr\u00e8me vanille \/ Lime<\/p>\n","protected":false},"featured_media":24978,"comment_status":"open","ping_status":"closed","template":"","meta":{"om_disable_all_campaigns":false,"_monsterinsights_skip_tracking":false,"_monsterinsights_sitenote_active":false,"_monsterinsights_sitenote_note":"","_monsterinsights_sitenote_category":0},"product_brand":[],"product_cat":[304,270,303],"product_tag":[],"class_list":{"0":"post-28919","1":"product","2":"type-product","3":"status-publish","4":"has-post-thumbnail","6":"product_cat-30ml-filtre-par-volume","7":"product_cat-e-liquides","8":"product_cat-filtre-par-volume","11":"first","12":"instock","13":"featured","14":"shipping-taxable","15":"purchasable","16":"product-type-variable"},"aioseo_notices":[],"jetpack_sharing_enabled":true,"_links":{"self":[{"href":"https:\/\/normandie.ma\/index.php?rest_route=\/wp\/v2\/product\/28919","targetHints":{"allow":["GET"]}}],"collection":[{"href":"https:\/\/normandie.ma\/index.php?rest_route=\/wp\/v2\/product"}],"about":[{"href":"https:\/\/normandie.ma\/index.php?rest_route=\/wp\/v2\/types\/product"}],"replies":[{"embeddable":true,"href":"https:\/\/normandie.ma\/index.php?rest_route=%2Fwp%2Fv2%2Fcomments&post=28919"}],"wp:featuredmedia":[{"embeddable":true,"href":"https:\/\/normandie.ma\/index.php?rest_route=\/wp\/v2\/media\/24978"}],"wp:attachment":[{"href":"https:\/\/normandie.ma\/index.php?rest_route=%2Fwp%2Fv2%2Fmedia&parent=28919"}],"wp:term":[{"taxonomy":"product_brand","embeddable":true,"href":"https:\/\/normandie.ma\/index.php?rest_route=%2Fwp%2Fv2%2Fproduct_brand&post=28919"},{"taxonomy":"product_cat","embeddable":true,"href":"https:\/\/normandie.ma\/index.php?rest_route=%2Fwp%2Fv2%2Fproduct_cat&post=28919"},{"taxonomy":"product_tag","embeddable":true,"href":"https:\/\/normandie.ma\/index.php?rest_route=%2Fwp%2Fv2%2Fproduct_tag&post=28919"}],"curies":[{"name":"wp","href":"https:\/\/api.w.org\/{rel}","templated":true}]}}