{"id":28928,"date":"2023-05-06T18:59:04","date_gmt":"2023-05-06T18:59:04","guid":{"rendered":"https:\/\/normandie.ma\/?product=tasty-treat-razz-berry-30ml"},"modified":"2023-05-11T00:37:03","modified_gmt":"2023-05-11T00:37:03","slug":"tasty-treat-razz-berry-30ml","status":"publish","type":"product","link":"https:\/\/normandie.ma\/?product=tasty-treat-razz-berry-30ml","title":{"rendered":"Tasty Treat \u2013 Razz Berry 30ml"},"content":{"rendered":"<p>L\u2019e-liquide Razz Berry de Tasty Treat donne une exp\u00e9rience ultime de la framboise bleue. Une myrtille sucr\u00e9e, une framboise acidul\u00e9e et un bonbon dur juteux \u00e0 la framboise bleue, le tout \u00e9quilibr\u00e9 en une saveur unique qui ne lasse jamais la langue.<\/p>\n<p>Saveurs : Myrtille \/ Framboise \/ Bonbon<\/p>\n","protected":false},"excerpt":{"rendered":"<p>L\u2019e-liquide Razz Berry de Tasty Treat donne une exp\u00e9rience ultime de la framboise bleue. Une myrtille sucr\u00e9e, une framboise acidul\u00e9e et un bonbon dur juteux \u00e0 la framboise bleue, le tout \u00e9quilibr\u00e9 en une saveur unique qui ne lasse jamais la langue. Saveurs : Myrtille \/ Framboise \/ Bonbon<\/p>\n","protected":false},"featured_media":24987,"comment_status":"open","ping_status":"closed","template":"","meta":{"om_disable_all_campaigns":false,"_monsterinsights_skip_tracking":false,"_monsterinsights_sitenote_active":false,"_monsterinsights_sitenote_note":"","_monsterinsights_sitenote_category":0},"product_brand":[],"product_cat":[304,270,303],"product_tag":[],"class_list":{"0":"post-28928","1":"product","2":"type-product","3":"status-publish","4":"has-post-thumbnail","6":"product_cat-30ml-filtre-par-volume","7":"product_cat-e-liquides","8":"product_cat-filtre-par-volume","11":"first","12":"instock","13":"featured","14":"shipping-taxable","15":"purchasable","16":"product-type-variable"},"aioseo_notices":[],"jetpack_sharing_enabled":true,"_links":{"self":[{"href":"https:\/\/normandie.ma\/index.php?rest_route=\/wp\/v2\/product\/28928","targetHints":{"allow":["GET"]}}],"collection":[{"href":"https:\/\/normandie.ma\/index.php?rest_route=\/wp\/v2\/product"}],"about":[{"href":"https:\/\/normandie.ma\/index.php?rest_route=\/wp\/v2\/types\/product"}],"replies":[{"embeddable":true,"href":"https:\/\/normandie.ma\/index.php?rest_route=%2Fwp%2Fv2%2Fcomments&post=28928"}],"wp:featuredmedia":[{"embeddable":true,"href":"https:\/\/normandie.ma\/index.php?rest_route=\/wp\/v2\/media\/24987"}],"wp:attachment":[{"href":"https:\/\/normandie.ma\/index.php?rest_route=%2Fwp%2Fv2%2Fmedia&parent=28928"}],"wp:term":[{"taxonomy":"product_brand","embeddable":true,"href":"https:\/\/normandie.ma\/index.php?rest_route=%2Fwp%2Fv2%2Fproduct_brand&post=28928"},{"taxonomy":"product_cat","embeddable":true,"href":"https:\/\/normandie.ma\/index.php?rest_route=%2Fwp%2Fv2%2Fproduct_cat&post=28928"},{"taxonomy":"product_tag","embeddable":true,"href":"https:\/\/normandie.ma\/index.php?rest_route=%2Fwp%2Fv2%2Fproduct_tag&post=28928"}],"curies":[{"name":"wp","href":"https:\/\/api.w.org\/{rel}","templated":true}]}}