{"id":28934,"date":"2023-05-06T18:59:06","date_gmt":"2023-05-06T18:59:06","guid":{"rendered":"https:\/\/normandie.ma\/?product=the-medusa-juice-cinema-30-ml"},"modified":"2023-05-11T00:35:10","modified_gmt":"2023-05-11T00:35:10","slug":"the-medusa-juice-cinema-30-ml","status":"publish","type":"product","link":"https:\/\/normandie.ma\/?product=the-medusa-juice-cinema-30-ml","title":{"rendered":"The Medusa Juice \u2013 Cinema 30 ml"},"content":{"rendered":"<p>L\u2019 e-liquide Cinema 30ml de la marque The Medusa Juice, un e-liquide \u00e9quilibr\u00e9 et travaill\u00e9 pour faire une pause gourmande et sucr\u00e9e. Il s\u2019agit d\u2019un m\u00e9lange intense de notes vanill\u00e9es, de cr\u00e8me brul\u00e9e et de pop-corn sucr\u00e9s caram\u00e9lis\u00e9s. D\u00e8s les premi\u00e8res inspirations, Cinema vous entra\u00eenera dans un monde gourmand de dessert d\u00e9licieusement savoureux.<\/p>\n","protected":false},"excerpt":{"rendered":"<p>L\u2019 e-liquide Cinema 30ml de la marque The Medusa Juice, un e-liquide \u00e9quilibr\u00e9 et travaill\u00e9 pour faire une pause gourmande et sucr\u00e9e. Il s\u2019agit d\u2019un m\u00e9lange intense de notes vanill\u00e9es, de cr\u00e8me brul\u00e9e et de pop-corn sucr\u00e9s caram\u00e9lis\u00e9s. D\u00e8s les premi\u00e8res inspirations, Cinema vous entra\u00eenera dans un monde gourmand de dessert d\u00e9licieusement savoureux.<\/p>\n","protected":false},"featured_media":24993,"comment_status":"open","ping_status":"closed","template":"","meta":{"om_disable_all_campaigns":false,"_monsterinsights_skip_tracking":false,"_monsterinsights_sitenote_active":false,"_monsterinsights_sitenote_note":"","_monsterinsights_sitenote_category":0},"product_brand":[],"product_cat":[304,270,303],"product_tag":[],"class_list":{"0":"post-28934","1":"product","2":"type-product","3":"status-publish","4":"has-post-thumbnail","6":"product_cat-30ml-filtre-par-volume","7":"product_cat-e-liquides","8":"product_cat-filtre-par-volume","11":"first","12":"instock","13":"featured","14":"shipping-taxable","15":"purchasable","16":"product-type-variable"},"aioseo_notices":[],"jetpack_sharing_enabled":true,"_links":{"self":[{"href":"https:\/\/normandie.ma\/index.php?rest_route=\/wp\/v2\/product\/28934","targetHints":{"allow":["GET"]}}],"collection":[{"href":"https:\/\/normandie.ma\/index.php?rest_route=\/wp\/v2\/product"}],"about":[{"href":"https:\/\/normandie.ma\/index.php?rest_route=\/wp\/v2\/types\/product"}],"replies":[{"embeddable":true,"href":"https:\/\/normandie.ma\/index.php?rest_route=%2Fwp%2Fv2%2Fcomments&post=28934"}],"wp:featuredmedia":[{"embeddable":true,"href":"https:\/\/normandie.ma\/index.php?rest_route=\/wp\/v2\/media\/24993"}],"wp:attachment":[{"href":"https:\/\/normandie.ma\/index.php?rest_route=%2Fwp%2Fv2%2Fmedia&parent=28934"}],"wp:term":[{"taxonomy":"product_brand","embeddable":true,"href":"https:\/\/normandie.ma\/index.php?rest_route=%2Fwp%2Fv2%2Fproduct_brand&post=28934"},{"taxonomy":"product_cat","embeddable":true,"href":"https:\/\/normandie.ma\/index.php?rest_route=%2Fwp%2Fv2%2Fproduct_cat&post=28934"},{"taxonomy":"product_tag","embeddable":true,"href":"https:\/\/normandie.ma\/index.php?rest_route=%2Fwp%2Fv2%2Fproduct_tag&post=28934"}],"curies":[{"name":"wp","href":"https:\/\/api.w.org\/{rel}","templated":true}]}}