{"id":28942,"date":"2023-05-06T18:59:10","date_gmt":"2023-05-06T18:59:10","guid":{"rendered":"https:\/\/normandie.ma\/?product=good-vapes-raspberry-anise-e-liquide-30ml-3"},"modified":"2023-05-11T00:29:48","modified_gmt":"2023-05-11T00:29:48","slug":"good-vapes-raspberry-anise-e-liquide-30ml-3","status":"publish","type":"product","link":"https:\/\/normandie.ma\/?product=good-vapes-raspberry-anise-e-liquide-30ml-3","title":{"rendered":"Good Vapes \u2013 Raspberry Anise \u2013 E-liquide 30ml"},"content":{"rendered":"<p>Good Vapes est une marque renomm\u00e9e d\u2019e-liquides de qualit\u00e9. L\u2019e-liquide Raspberry Anise est un m\u00e9lange d\u00e9licieux de framboises sucr\u00e9es et juteuses, associ\u00e9es \u00e0 une touche d\u2019anis pour une note l\u00e9g\u00e8rement \u00e9pic\u00e9e et herbac\u00e9e.<\/p>\n","protected":false},"excerpt":{"rendered":"<p>Good Vapes est une marque renomm\u00e9e d\u2019e-liquides de qualit\u00e9. L\u2019e-liquide Raspberry Anise est un m\u00e9lange d\u00e9licieux de framboises sucr\u00e9es et juteuses, associ\u00e9es \u00e0 une touche d\u2019anis pour une note l\u00e9g\u00e8rement \u00e9pic\u00e9e et herbac\u00e9e.<\/p>\n","protected":false},"featured_media":25001,"comment_status":"open","ping_status":"closed","template":"","meta":{"om_disable_all_campaigns":false,"_monsterinsights_skip_tracking":false,"_monsterinsights_sitenote_active":false,"_monsterinsights_sitenote_note":"","_monsterinsights_sitenote_category":0},"product_brand":[],"product_cat":[304,270,303],"product_tag":[],"class_list":{"0":"post-28942","1":"product","2":"type-product","3":"status-publish","4":"has-post-thumbnail","6":"product_cat-30ml-filtre-par-volume","7":"product_cat-e-liquides","8":"product_cat-filtre-par-volume","11":"first","12":"instock","13":"featured","14":"shipping-taxable","15":"purchasable","16":"product-type-variable"},"aioseo_notices":[],"jetpack_sharing_enabled":true,"_links":{"self":[{"href":"https:\/\/normandie.ma\/index.php?rest_route=\/wp\/v2\/product\/28942","targetHints":{"allow":["GET"]}}],"collection":[{"href":"https:\/\/normandie.ma\/index.php?rest_route=\/wp\/v2\/product"}],"about":[{"href":"https:\/\/normandie.ma\/index.php?rest_route=\/wp\/v2\/types\/product"}],"replies":[{"embeddable":true,"href":"https:\/\/normandie.ma\/index.php?rest_route=%2Fwp%2Fv2%2Fcomments&post=28942"}],"wp:featuredmedia":[{"embeddable":true,"href":"https:\/\/normandie.ma\/index.php?rest_route=\/wp\/v2\/media\/25001"}],"wp:attachment":[{"href":"https:\/\/normandie.ma\/index.php?rest_route=%2Fwp%2Fv2%2Fmedia&parent=28942"}],"wp:term":[{"taxonomy":"product_brand","embeddable":true,"href":"https:\/\/normandie.ma\/index.php?rest_route=%2Fwp%2Fv2%2Fproduct_brand&post=28942"},{"taxonomy":"product_cat","embeddable":true,"href":"https:\/\/normandie.ma\/index.php?rest_route=%2Fwp%2Fv2%2Fproduct_cat&post=28942"},{"taxonomy":"product_tag","embeddable":true,"href":"https:\/\/normandie.ma\/index.php?rest_route=%2Fwp%2Fv2%2Fproduct_tag&post=28942"}],"curies":[{"name":"wp","href":"https:\/\/api.w.org\/{rel}","templated":true}]}}