{"id":28944,"date":"2023-05-06T18:59:10","date_gmt":"2023-05-06T18:59:10","guid":{"rendered":"https:\/\/normandie.ma\/?product=mega-watermelon-rush-ice-fruite-30ml"},"modified":"2023-05-06T18:59:10","modified_gmt":"2023-05-06T18:59:10","slug":"mega-watermelon-rush-ice-fruite-30ml","status":"publish","type":"product","link":"https:\/\/normandie.ma\/?product=mega-watermelon-rush-ice-fruite-30ml","title":{"rendered":"Mega \u2013 Watermelon Rush Ice \u2013 Fruit\u00e9 30ml"},"content":{"rendered":"<p>L\u2019 e-liquide Watermelon Rush Ice 30ml de la marque Mega E-liquids, une fusion juteuse de past\u00e8que all\u00e9chante et de fraises sucr\u00e9es avec une touche fra\u00eeche de menthe. \u00c0 l\u2019ouverture du flacon, on ressent une assez forte odeur de fruit\u00e9e et de l\u00e9g\u00e8res notes apport\u00e9es par les ar\u00f4mes de la past\u00e8que, la fraise n\u2019est pas per\u00e7ue. Vous devez absolument l\u2019essayer avec l\u2019une de nos cigarettes \u00e9lectroniques de la marque Good Vapes Casablanca.<\/p>\n<p>Saveurs : Past\u00e8que \/ Fraise \/ Menthe<\/p>\n","protected":false},"excerpt":{"rendered":"<p>L\u2019 e-liquide Watermelon Rush Ice 30ml de la marque Mega E-liquids, une fusion juteuse de past\u00e8que all\u00e9chante et de fraises sucr\u00e9es avec une touche fra\u00eeche de menthe. \u00c0 l\u2019ouverture du flacon, on ressent une assez forte odeur de fruit\u00e9e et de l\u00e9g\u00e8res notes apport\u00e9es par les ar\u00f4mes de la past\u00e8que, la fraise n\u2019est pas per\u00e7ue. [&hellip;]<\/p>\n","protected":false},"featured_media":25003,"comment_status":"open","ping_status":"closed","template":"","meta":{"om_disable_all_campaigns":false,"_monsterinsights_skip_tracking":false,"_monsterinsights_sitenote_active":false,"_monsterinsights_sitenote_note":"","_monsterinsights_sitenote_category":0},"product_brand":[],"product_cat":[304,270,303],"product_tag":[],"class_list":{"0":"post-28944","1":"product","2":"type-product","3":"status-publish","4":"has-post-thumbnail","6":"product_cat-30ml-filtre-par-volume","7":"product_cat-e-liquides","8":"product_cat-filtre-par-volume","11":"first","12":"instock","13":"featured","14":"shipping-taxable","15":"purchasable","16":"product-type-simple"},"aioseo_notices":[],"jetpack_sharing_enabled":true,"_links":{"self":[{"href":"https:\/\/normandie.ma\/index.php?rest_route=\/wp\/v2\/product\/28944","targetHints":{"allow":["GET"]}}],"collection":[{"href":"https:\/\/normandie.ma\/index.php?rest_route=\/wp\/v2\/product"}],"about":[{"href":"https:\/\/normandie.ma\/index.php?rest_route=\/wp\/v2\/types\/product"}],"replies":[{"embeddable":true,"href":"https:\/\/normandie.ma\/index.php?rest_route=%2Fwp%2Fv2%2Fcomments&post=28944"}],"wp:featuredmedia":[{"embeddable":true,"href":"https:\/\/normandie.ma\/index.php?rest_route=\/wp\/v2\/media\/25003"}],"wp:attachment":[{"href":"https:\/\/normandie.ma\/index.php?rest_route=%2Fwp%2Fv2%2Fmedia&parent=28944"}],"wp:term":[{"taxonomy":"product_brand","embeddable":true,"href":"https:\/\/normandie.ma\/index.php?rest_route=%2Fwp%2Fv2%2Fproduct_brand&post=28944"},{"taxonomy":"product_cat","embeddable":true,"href":"https:\/\/normandie.ma\/index.php?rest_route=%2Fwp%2Fv2%2Fproduct_cat&post=28944"},{"taxonomy":"product_tag","embeddable":true,"href":"https:\/\/normandie.ma\/index.php?rest_route=%2Fwp%2Fv2%2Fproduct_tag&post=28944"}],"curies":[{"name":"wp","href":"https:\/\/api.w.org\/{rel}","templated":true}]}}